{"id":57281,"date":"2022-03-10T15:26:00","date_gmt":"2022-03-10T14:26:00","guid":{"rendered":"https:\/\/secureus.se\/produkt\/nyckelring-gul-10-pack\/"},"modified":"2026-04-09T16:48:31","modified_gmt":"2026-04-09T14:48:31","slug":"nyckelbricka-gul","status":"publish","type":"product","link":"https:\/\/secureus.se\/pl\/nyckelbricka-gul\/","title":{"rendered":"Brelok do kluczy \u017b\u00f3\u0142ty"},"content":{"rendered":"<h4>P\u00f3\u0142ka na klucze w kolorze \u017c\u00f3\u0142tym do prostego i zorganizowanego przechowywania kluczy<\/h4>\n<p>Te \u017c\u00f3\u0142te zawieszki na klucze u\u0142atwiaj\u0105 porz\u0105dkowanie i znajdowanie odpowiednich kluczy lub zawieszek. Ka\u017cdy brelok jest wyposa\u017cony w plastikow\u0105 tack\u0119 i solidny brelok, dzi\u0119ki czemu idealnie nadaje si\u0119 zar\u00f3wno do u\u017cytku osobistego, jak i zawodowego.<\/p>\n<h3>Funkcje i zalety<\/h3>\n<ul>\n<li><strong>Wyra\u017ana identyfikacja<\/strong>: \u017b\u00f3\u0142ty kolor, kt\u00f3ry u\u0142atwia szybkie znalezienie i identyfikacj\u0119 odpowiedniego klucza.<\/li>\n<li><strong>Trwa\u0142a konstrukcja<\/strong>: Wykonane z wytrzyma\u0142ej plastikowej tacy i mocnego breloczka do kluczy, zapewniaj\u0105ce d\u0142ugotrwa\u0142e u\u017cytkowanie.<\/li>\n<li><strong>Wszechstronne zastosowanie<\/strong>: Idealny do porz\u0105dkowania kluczy, przywieszek i innych drobnych przedmiot\u00f3w.<\/li>\n<li><strong>\u0141atwy w u\u017cyciu<\/strong>: \u0141atwy w monta\u017cu i u\u017cyciu, aby bezpiecznie trzyma\u0107 klucze lub przywieszki na miejscu.<\/li>\n<\/ul>\n<h3>Dane techniczne<\/h3>\n<ul>\n<li><strong>Farba<\/strong>: \u017b\u00f3\u0142ty<\/li>\n<li><strong>Tworzywo<\/strong>: Plastik i metal<\/li>\n<li><strong>Obszary zastosowa\u0144<\/strong>: Klucze, przywieszki, ma\u0142e przedmioty<\/li>\n<\/ul>\n<h3>Obszary zastosowa\u0144<\/h3>\n<ul>\n<li><strong>Dom i biuro<\/strong>: Idealny do porz\u0105dkowania kluczy w domu lub w biurze.<\/li>\n<li><strong>Szko\u0142y i instytucje<\/strong>: Idealny do przechowywania kluczy i przywieszek w szko\u0142ach i innych instytucjach.<\/li>\n<li><strong>Firma i magazyn<\/strong>: S\u0142u\u017cy do oznaczania i porz\u0105dkowania kluczy i przywieszek w firmach i magazynach.<\/li>\n<\/ul>","protected":false},"excerpt":{"rendered":"<p><strong>Brelok do kluczy \u017b\u00f3\u0142ty<\/strong><\/p>\n<p>Z \u0142atwo\u015bci\u0105 uporz\u0105dkuj i znajd\u017a swoje klucze dzi\u0119ki tym czarnym zawieszkom na klucze. Idealny zar\u00f3wno do u\u017cytku osobistego, jak i zawodowego.<\/p>","protected":false},"featured_media":145250,"template":"","meta":{"_acf_changed":false},"product_brand":[],"product_cat":[1895],"product_tag":[2958],"class_list":{"0":"post-57281","1":"product","2":"type-product","3":"status-publish","4":"has-post-thumbnail","6":"product_cat-nyckelbrickor","7":"product_tag-stonehouse-produkt","8":"product_shipping_class-postnord-varubrev","9":"pa_brands-stonehouse-security","10":"pa_farg-gul","11":"pa_rfid-tillbehor-nyckelringar","12":"tm-no-options","14":"first","15":"instock","16":"sale","17":"featured","18":"taxable","19":"shipping-taxable","20":"purchasable","21":"product-type-simple"},"acf":[],"_links":{"self":[{"href":"https:\/\/secureus.se\/pl\/wp-json\/wp\/v2\/product\/57281","targetHints":{"allow":["GET"]}}],"collection":[{"href":"https:\/\/secureus.se\/pl\/wp-json\/wp\/v2\/product"}],"about":[{"href":"https:\/\/secureus.se\/pl\/wp-json\/wp\/v2\/types\/product"}],"wp:featuredmedia":[{"embeddable":true,"href":"https:\/\/secureus.se\/pl\/wp-json\/wp\/v2\/media\/145250"}],"wp:attachment":[{"href":"https:\/\/secureus.se\/pl\/wp-json\/wp\/v2\/media?parent=57281"}],"wp:term":[{"taxonomy":"product_brand","embeddable":true,"href":"https:\/\/secureus.se\/pl\/wp-json\/wp\/v2\/product_brand?post=57281"},{"taxonomy":"product_cat","embeddable":true,"href":"https:\/\/secureus.se\/pl\/wp-json\/wp\/v2\/product_cat?post=57281"},{"taxonomy":"product_tag","embeddable":true,"href":"https:\/\/secureus.se\/pl\/wp-json\/wp\/v2\/product_tag?post=57281"}],"curies":[{"name":"wp","href":"https:\/\/api.w.org\/{rel}","templated":true}]}}