{"id":57282,"date":"2022-03-10T15:26:00","date_gmt":"2022-03-10T14:26:00","guid":{"rendered":"https:\/\/secureus.se\/produkt\/nyckelband-eko-10-mm-sakerhetsspanne-hummerklamma-i-metall-100-pack-farg-svart\/"},"modified":"2026-01-02T12:10:12","modified_gmt":"2026-01-02T11:10:12","slug":"nyckelband-10mm-svart-metallklamma-100-pack","status":"publish","type":"product","link":"https:\/\/secureus.se\/pl\/nyckelband-10mm-svart-metallklamma-100-pack\/","title":{"rendered":"Brelok do kluczy 10 mm w kolorze czarnym eko - metalowy karabi\u0144czyk i klamra zabezpieczaj\u0105ca - opakowanie 100 szt"},"content":{"rendered":"<p>Te smycze o szeroko\u015bci 10 mm zosta\u0142y zaprojektowane z my\u015bl\u0105 o trwa\u0142o\u015bci i funkcjonalno\u015bci. Wykonane z materia\u0142u PET pochodz\u0105cego z recyklingu, s\u0105 przyjazne dla \u015brodowiska i wytrzyma\u0142e. Dzi\u0119ki standardowej d\u0142ugo\u015bci 90 cm (d\u0142ugo\u015b\u0107 upadku 45 cm) i klamrze zabezpieczaj\u0105cej te smycze idealnie nadaj\u0105 si\u0119 do codziennego u\u017cytku w miejscu pracy, na imprezach lub w szkole.<\/p>\n<ul>\n<li><strong>Wysokiej jako\u015bci materia\u0142:<\/strong> Wykonane z trwa\u0142ego materia\u0142u PET pochodz\u0105cego z recyklingu.<\/li>\n<li><strong>Metalowy zacisk homarowy:<\/strong> Zapewnia bezpieczne mocowanie dowod\u00f3w osobistych, brelok\u00f3w lub pami\u0119ci USB.<\/li>\n<li><strong>Klamra bezpiecze\u0144stwa:<\/strong> Do \u0142atwego i szybkiego usuwania.<\/li>\n<li><strong>Szerokie zastosowanie:<\/strong> Nadaje si\u0119 do dowod\u00f3w osobistych, wizyt\u00f3wek, breloczk\u00f3w, kart pami\u0119ci i telefon\u00f3w kom\u00f3rkowych.<\/li>\n<li><strong>Szeroki wyb\u00f3r kolor\u00f3w:<\/strong> Dost\u0119pne w kolorze czarnym, ciemnoniebieskim, jasnoniebieskim, granatowym, ciemnozielonym, jasnozielonym, szarym, pomara\u0144czowym, r\u00f3\u017cowym, fioletowym, czerwonym, bia\u0142ym i \u017c\u00f3\u0142tym.<\/li>\n<\/ul>\n<p><strong>Dane techniczne:<\/strong><\/p>\n<ul>\n<li><strong>Szeroko\u015b\u0107:<\/strong> 10 mm<\/li>\n<li><strong>D\u0142ugo\u015b\u0107:<\/strong> 90 cm (d\u0142ugo\u015b\u0107 opadania 45 cm)<\/li>\n<li><strong>Tworzywo:<\/strong> Materia\u0142 PET z recyklingu<\/li>\n<li><strong>Opakowanie:<\/strong> 100 sztuk w opakowaniu<\/li>\n<\/ul>\n<p>Zainwestuj w te praktyczne i ekologiczne smycze, aby codzienne \u017cycie by\u0142o p\u0142ynniejsze i bardziej zorganizowane. Idealny wyb\u00f3r dla firm i organizator\u00f3w wydarze\u0144.<\/p>","protected":false},"excerpt":{"rendered":"<p>Wytrzyma\u0142e smycze wykonane z materia\u0142u PET pochodz\u0105cego z recyklingu o grubo\u015bci 10 mm, z metalowym karabi\u0144czykiem i klamr\u0105 zabezpieczaj\u0105c\u0105. Idealny do dowod\u00f3w osobistych, brelok\u00f3w i kart pami\u0119ci. Sprzedawane w opakowaniach po 100 szt.<\/p>","protected":false},"featured_media":145278,"template":"","meta":{"_acf_changed":false},"product_brand":[],"product_cat":[1875],"product_tag":[4348,4349],"class_list":{"0":"post-57282","1":"product","2":"type-product","3":"status-publish","4":"has-post-thumbnail","6":"product_cat-nyckelband","7":"product_tag-10mm","8":"product_tag-svart-nyckelband","9":"product_shipping_class-tunga-paket","10":"pa_brands-stonehouse-security","11":"pa_farg-svart","12":"pa_farg-nyckelband-svart","13":"pa_rfid-tillbehor-nyckelband-halsband","14":"tm-no-options","16":"first","17":"instock","18":"sale","19":"featured","20":"taxable","21":"shipping-taxable","22":"purchasable","23":"product-type-simple"},"acf":[],"_links":{"self":[{"href":"https:\/\/secureus.se\/pl\/wp-json\/wp\/v2\/product\/57282","targetHints":{"allow":["GET"]}}],"collection":[{"href":"https:\/\/secureus.se\/pl\/wp-json\/wp\/v2\/product"}],"about":[{"href":"https:\/\/secureus.se\/pl\/wp-json\/wp\/v2\/types\/product"}],"wp:featuredmedia":[{"embeddable":true,"href":"https:\/\/secureus.se\/pl\/wp-json\/wp\/v2\/media\/145278"}],"wp:attachment":[{"href":"https:\/\/secureus.se\/pl\/wp-json\/wp\/v2\/media?parent=57282"}],"wp:term":[{"taxonomy":"product_brand","embeddable":true,"href":"https:\/\/secureus.se\/pl\/wp-json\/wp\/v2\/product_brand?post=57282"},{"taxonomy":"product_cat","embeddable":true,"href":"https:\/\/secureus.se\/pl\/wp-json\/wp\/v2\/product_cat?post=57282"},{"taxonomy":"product_tag","embeddable":true,"href":"https:\/\/secureus.se\/pl\/wp-json\/wp\/v2\/product_tag?post=57282"}],"curies":[{"name":"wp","href":"https:\/\/api.w.org\/{rel}","templated":true}]}}