{"id":57285,"date":"2022-03-10T15:26:00","date_gmt":"2022-03-10T14:26:00","guid":{"rendered":"https:\/\/secureus.se\/produkt\/nyckelband-eko-10-mm-sakerhetsspanne-hummerklamma-i-metall-100-pack-farg-gron\/"},"modified":"2026-02-19T14:34:53","modified_gmt":"2026-02-19T13:34:53","slug":"nyckelband-10mm-morkgron-metallklamma-100-pack","status":"publish","type":"product","link":"https:\/\/secureus.se\/pl\/nyckelband-10mm-morkgron-metallklamma-100-pack\/","title":{"rendered":"Brelok 10 mm Ciemnozielony - Metalowy karabi\u0144czyk i klamra zabezpieczaj\u0105ca - 100 sztuk"},"content":{"rendered":"<p>Te ciemnozielone smycze o szeroko\u015bci 10 mm \u0142\u0105cz\u0105 w sobie trwa\u0142o\u015b\u0107 i praktyczny design, zar\u00f3wno do u\u017cytku profesjonalnego, jak i osobistego. Wykonane z materia\u0142u PET pochodz\u0105cego z recyklingu, s\u0105 przyjazn\u0105 dla \u015brodowiska alternatyw\u0105, kt\u00f3ra jednocze\u015bnie zapewnia wysok\u0105 trwa\u0142o\u015b\u0107 i niezawodno\u015b\u0107.<\/p>\n<ul>\n<li><strong>Trwa\u0142e materia\u0142y:<\/strong> Wykonane z materia\u0142u PET pochodz\u0105cego z recyklingu, co zapewnia rozwi\u0105zanie przyjazne dla \u015brodowiska.<\/li>\n<li><strong>Metalowy zacisk homarowy:<\/strong> Bezpieczne i trwa\u0142e do mocowania dowod\u00f3w osobistych, brelok\u00f3w lub kart dost\u0119pu.<\/li>\n<li><strong>Klamra bezpiecze\u0144stwa:<\/strong> Umo\u017cliwia szybkie zwolnienie w razie potrzeby i zwi\u0119ksza bezpiecze\u0144stwo u\u017cytkownika.<\/li>\n<li><strong>Elegancki wygl\u0105d:<\/strong> Ciemnozielony kolor nadaje profesjonalny wygl\u0105d i mo\u017cna go \u0142atwo po\u0142\u0105czy\u0107 z mundurem lub odzie\u017c\u0105 robocz\u0105.<\/li>\n<li><strong>Wszechstronne obszary zastosowania:<\/strong> Idealny do dowod\u00f3w osobistych, wizyt\u00f3wek, breloczk\u00f3w, kart pami\u0119ci i telefon\u00f3w kom\u00f3rkowych.<\/li>\n<\/ul>\n<p><strong>Dane techniczne:<\/strong><\/p>\n<ul>\n<li><strong>Szeroko\u015b\u0107:<\/strong> 10 mm<\/li>\n<li><strong>D\u0142ugo\u015b\u0107:<\/strong> 90 cm (d\u0142ugo\u015b\u0107 opadania 45 cm)<\/li>\n<li><strong>Tworzywo:<\/strong> Materia\u0142 PET z recyklingu<\/li>\n<li><strong>Farba:<\/strong> Ciemnozielony<\/li>\n<li><strong>Opakowanie:<\/strong> 100 sztuk w opakowaniu<\/li>\n<\/ul>\n<p>Te ciemnozielone smycze s\u0105 zar\u00f3wno funkcjonalne, jak i trwa\u0142e i idealnie nadaj\u0105 si\u0119 do u\u017cytku biznesowego, na wydarzenia lub do codziennego u\u017cytku. Dzi\u0119ki stylowemu wzornictwu i wysokiej jako\u015bci materia\u0142om s\u0105 doskona\u0142ym wyborem dla wszystkich potrzeb.<\/p>","protected":false},"excerpt":{"rendered":"<p>Wytrzyma\u0142e ciemnozielone smycze o szeroko\u015bci 10 mm, wykonane z materia\u0142u PET pochodz\u0105cego z recyklingu. Wyposa\u017cone w metalowe karabi\u0144czyk i klamr\u0119 zabezpieczaj\u0105c\u0105. Sprzedawane w opakowaniach po 100 sztuk.<\/p>","protected":false},"featured_media":145570,"template":"","meta":{"_acf_changed":false},"product_brand":[],"product_cat":[1875],"product_tag":[4348,4350],"class_list":{"0":"post-57285","1":"product","2":"type-product","3":"status-publish","4":"has-post-thumbnail","6":"product_cat-nyckelband","7":"product_tag-10mm","8":"product_tag-grona-nyckelband","9":"product_shipping_class-tunga-paket","10":"pa_brands-stonehouse-security","11":"pa_farg-gron","12":"pa_farg-nyckelband-gron","13":"pa_rfid-tillbehor-nyckelband-halsband","14":"tm-no-options","16":"first","17":"instock","18":"sale","19":"featured","20":"taxable","21":"shipping-taxable","22":"purchasable","23":"product-type-simple"},"acf":[],"_links":{"self":[{"href":"https:\/\/secureus.se\/pl\/wp-json\/wp\/v2\/product\/57285","targetHints":{"allow":["GET"]}}],"collection":[{"href":"https:\/\/secureus.se\/pl\/wp-json\/wp\/v2\/product"}],"about":[{"href":"https:\/\/secureus.se\/pl\/wp-json\/wp\/v2\/types\/product"}],"wp:featuredmedia":[{"embeddable":true,"href":"https:\/\/secureus.se\/pl\/wp-json\/wp\/v2\/media\/145570"}],"wp:attachment":[{"href":"https:\/\/secureus.se\/pl\/wp-json\/wp\/v2\/media?parent=57285"}],"wp:term":[{"taxonomy":"product_brand","embeddable":true,"href":"https:\/\/secureus.se\/pl\/wp-json\/wp\/v2\/product_brand?post=57285"},{"taxonomy":"product_cat","embeddable":true,"href":"https:\/\/secureus.se\/pl\/wp-json\/wp\/v2\/product_cat?post=57285"},{"taxonomy":"product_tag","embeddable":true,"href":"https:\/\/secureus.se\/pl\/wp-json\/wp\/v2\/product_tag?post=57285"}],"curies":[{"name":"wp","href":"https:\/\/api.w.org\/{rel}","templated":true}]}}