{"id":57291,"date":"2022-03-10T15:26:00","date_gmt":"2022-03-10T14:26:00","guid":{"rendered":"https:\/\/secureus.se\/produkt\/nyckelband-eko-10-mm-sakerhetsspanne-hummerklamma-i-metall-100-pack-farg-bla\/"},"modified":"2025-12-31T19:37:30","modified_gmt":"2025-12-31T18:37:30","slug":"nyckelband-10mm-ljusbla-metallklamma-100-pack","status":"publish","type":"product","link":"https:\/\/secureus.se\/pl\/nyckelband-10mm-ljusbla-metallklamma-100-pack\/","title":{"rendered":"Brelok do kluczy 10 mm jasnoniebieski Eco - metalowy karabi\u0144czyk i klamra zabezpieczaj\u0105ca - opakowanie 100 szt"},"content":{"rendered":"<p>Te jasnoniebieskie smycze o szeroko\u015bci 10 mm to idealny wyb\u00f3r ze wzgl\u0119du na trwa\u0142o\u015b\u0107 i praktyczno\u015b\u0107. Wykonane z trwa\u0142ego materia\u0142u PET pochodz\u0105cego z recyklingu, \u0142\u0105cz\u0105 \u015bwiadomo\u015b\u0107 ekologiczn\u0105 z funkcjonalno\u015bci\u0105. Dzi\u0119ki standardowej d\u0142ugo\u015bci 90 cm (d\u0142ugo\u015b\u0107 opadania 45 cm dla doros\u0142ych) i klamrze zabezpieczaj\u0105cej s\u0105 zaprojektowane tak, aby pasowa\u0142y do r\u00f3\u017cnych zastosowa\u0144, takich jak miejsca pracy, wydarzenia i szko\u0142y.<\/p>\n<ul>\n<li><strong>Materia\u0142y z recyklingu:<\/strong> Trwa\u0142y materia\u0142 PET, przyjazny dla \u015brodowiska.<\/li>\n<li><strong>Metalowy zacisk homarowy:<\/strong> Bezpieczne i wytrzyma\u0142e dla kart identyfikacyjnych, breloczk\u00f3w i kart dost\u0119pu.<\/li>\n<li><strong>Klamra bezpiecze\u0144stwa:<\/strong> \u0141atwe do od\u0142\u0105czenia dla wi\u0119kszego bezpiecze\u0144stwa i wygody.<\/li>\n<li><strong>Obszary zastosowania:<\/strong> Idealny do dowod\u00f3w osobistych, wizyt\u00f3wek, breloczk\u00f3w, kart pami\u0119ci i telefon\u00f3w kom\u00f3rkowych.<\/li>\n<li><strong>Zabarwienie:<\/strong> Dost\u0119pne r\u00f3wnie\u017c w innych kolorach, takich jak czarny, niebieski, zielony, pomara\u0144czowy, r\u00f3\u017cowy, czerwony, bia\u0142y i \u017c\u00f3\u0142ty.<\/li>\n<\/ul>\n<p><strong>Dane techniczne:<\/strong><\/p>\n<ul>\n<li><strong>Szeroko\u015b\u0107:<\/strong> 10 mm<\/li>\n<li><strong>D\u0142ugo\u015b\u0107:<\/strong> 90 cm (d\u0142ugo\u015b\u0107 opadania 45 cm)<\/li>\n<li><strong>Tworzywo:<\/strong> Materia\u0142 PET z recyklingu<\/li>\n<li><strong>Opakowanie:<\/strong> 100 sztuk w opakowaniu<\/li>\n<\/ul>\n<p>Te jasnoniebieskie smycze oferuj\u0105 po\u0142\u0105czenie stylu i funkcjonalno\u015bci, co czyni je idealnym wyborem dla organizacji, dla kt\u00f3rych priorytetem jest jako\u015b\u0107 i trwa\u0142o\u015b\u0107.<\/p>","protected":false},"excerpt":{"rendered":"<p>Wytrzyma\u0142e jasnoniebieskie smycze o szeroko\u015bci 10 mm z metalowym karabi\u0144czykiem i klamr\u0105 zabezpieczaj\u0105c\u0105. Wykonane z materia\u0142u PET pochodz\u0105cego z recyklingu i sprzedawane w opakowaniach po 100 sztuk.<\/p>","protected":false},"featured_media":145290,"template":"","meta":{"_acf_changed":false},"product_brand":[],"product_cat":[1875],"product_tag":[4348,4352],"class_list":{"0":"post-57291","1":"product","2":"type-product","3":"status-publish","4":"has-post-thumbnail","6":"product_cat-nyckelband","7":"product_tag-10mm","8":"product_tag-blaa-nyckelband","9":"product_shipping_class-tunga-paket","10":"pa_brands-stonehouse-security","11":"pa_farg-bla","12":"pa_farg-nyckelband-bla","13":"pa_rfid-tillbehor-nyckelband-halsband","14":"tm-no-options","16":"first","17":"instock","18":"sale","19":"featured","20":"taxable","21":"shipping-taxable","22":"purchasable","23":"product-type-simple"},"acf":[],"_links":{"self":[{"href":"https:\/\/secureus.se\/pl\/wp-json\/wp\/v2\/product\/57291","targetHints":{"allow":["GET"]}}],"collection":[{"href":"https:\/\/secureus.se\/pl\/wp-json\/wp\/v2\/product"}],"about":[{"href":"https:\/\/secureus.se\/pl\/wp-json\/wp\/v2\/types\/product"}],"wp:featuredmedia":[{"embeddable":true,"href":"https:\/\/secureus.se\/pl\/wp-json\/wp\/v2\/media\/145290"}],"wp:attachment":[{"href":"https:\/\/secureus.se\/pl\/wp-json\/wp\/v2\/media?parent=57291"}],"wp:term":[{"taxonomy":"product_brand","embeddable":true,"href":"https:\/\/secureus.se\/pl\/wp-json\/wp\/v2\/product_brand?post=57291"},{"taxonomy":"product_cat","embeddable":true,"href":"https:\/\/secureus.se\/pl\/wp-json\/wp\/v2\/product_cat?post=57291"},{"taxonomy":"product_tag","embeddable":true,"href":"https:\/\/secureus.se\/pl\/wp-json\/wp\/v2\/product_tag?post=57291"}],"curies":[{"name":"wp","href":"https:\/\/api.w.org\/{rel}","templated":true}]}}