{"id":57293,"date":"2022-03-10T15:26:00","date_gmt":"2022-03-10T14:26:00","guid":{"rendered":"https:\/\/secureus.se\/produkt\/jojo-zink-abs-med-modern-design-svart\/"},"modified":"2026-04-07T09:58:01","modified_gmt":"2026-04-07T07:58:01","slug":"utdragbar-nyckelring-jojo-zink-abs-modern-design-svart","status":"publish","type":"product","link":"https:\/\/secureus.se\/pl\/utdragbar-nyckelring-jojo-zink-abs-modern-design-svart\/","title":{"rendered":"Brelok zwijany z sznurkiem Yo-Yo i klipsem \u2013 Nowoczesny design \u2013 Czarny"},"content":{"rendered":"<div>\n<p><strong>Wysuwany brelok z Jojo - Cynk\/ABS, nowoczesny design, czarny<\/strong><\/p>\n<p>Ten nowoczesny, rozk\u0142adany brelok do kluczy typu jo-jo jest idealny do bezpiecznego i \u0142atwego dost\u0119pu do kluczy lub dowod\u00f3w osobistych. Wykonany z wysokiej jako\u015bci tworzywa cynkowego i ABS, oferuje solidn\u0105 i stylow\u0105 konstrukcj\u0119. Wyposa\u017cony w stabilne urz\u0105dzenie mocuj\u0105ce i klipsy, mo\u017cna go \u0142atwo przymocowa\u0107 do pask\u00f3w, kieszeni lub toreb.<\/p>\n<h4><strong>Funkcje i zalety<\/strong><\/h4>\n<ul>\n<li><strong>Zr\u00f3wnowa\u017cony projekt:<\/strong> Wykonane z cynku i tworzywa ABS, co zapewnia d\u0142ugotrwa\u0142\u0105 trwa\u0142o\u015b\u0107.<\/li>\n<li><strong>Stabilne urz\u0105dzenie mocuj\u0105ce:<\/strong> Klipsy do bezpiecznego mocowania do pask\u00f3w, kieszeni lub toreb.<\/li>\n<li><strong>Wysuwane jo-jo:<\/strong> Nylonowy sznurek o d\u0142ugo\u015bci 70 cm zapewnia \u0142atwy i szybki dost\u0119p.<\/li>\n<li><strong>Nowoczesne i stylowe:<\/strong> Czarny kolor i nowoczesny design, kt\u00f3ry pasuje zar\u00f3wno do \u015brodowisk profesjonalnych, jak i codziennych.<\/li>\n<li><strong>Mo\u017cliwo\u015b\u0107 dostosowania:<\/strong> Dost\u0119pny r\u00f3wnie\u017c w kolorze czerwonym.<\/li>\n<\/ul>\n<h4><strong>Obszary zastosowa\u0144<\/strong><\/h4>\n<ul>\n<li><strong>Pracownicy biura:<\/strong> Idealny do przechowywania kluczy lub dowod\u00f3w osobistych w \u0142atwo dost\u0119pnym miejscu.<\/li>\n<li><strong>Pracownicy ochrony:<\/strong> Wystarczaj\u0105co wytrzyma\u0142y, aby pomie\u015bci\u0107 sprz\u0119t zabezpieczaj\u0105cy lub klucze.<\/li>\n<li><strong>Personel wydarzenia:<\/strong> Idealny do przechowywania dowod\u00f3w osobistych lub kart dost\u0119pu w widocznym i \u0142atwo dost\u0119pnym miejscu.<\/li>\n<li><strong>Codzienne u\u017cytkowanie:<\/strong> Praktyczne rozwi\u0105zanie dla ka\u017cdego, kto potrzebuje szybkiego i \u0142atwego dost\u0119pu do swoich kluczy lub kart.<\/li>\n<\/ul>\n<h4><strong>Specyfikacja techniczna<\/strong><\/h4>\n<ul>\n<li><strong>Rozmiar:<\/strong> 33\u00d752mm<\/li>\n<li><strong>D\u0142ugo\u015b\u0107 przewodu:<\/strong> 70cm<\/li>\n<li><strong>Tworzywo:<\/strong> Cynk\/ABS<\/li>\n<li><strong>Farba:<\/strong> Czarny (dost\u0119pny r\u00f3wnie\u017c w kolorze czerwonym)<\/li>\n<\/ul>\n<\/div>","protected":false},"excerpt":{"rendered":"<p>Wysuwany brelok do kluczy z jo-jo, wykonany z wysokiej jako\u015bci tworzywa cynkowego\/ABS, idealny do bezpiecznego i \u0142atwego dost\u0119pu do kluczy lub dowod\u00f3w osobistych. Stylowa czarna konstrukcja ze stabilnym klipsem u\u0142atwiaj\u0105cym mocowanie.<\/p>","protected":false},"featured_media":147650,"template":"","meta":{"_acf_changed":false},"product_brand":[],"product_cat":[1676,2901,1324],"product_tag":[2958],"class_list":{"0":"post-57293","1":"product","2":"type-product","3":"status-publish","4":"has-post-thumbnail","6":"product_cat-jojos-och-nyckelringar","7":"product_cat-jojo-yoyo-alltid-i-lager","8":"product_cat-outlet","9":"product_tag-stonehouse-produkt","10":"product_shipping_class-postnord-varubrev","11":"pa_brands-stonehouse-security","12":"pa_farg-svart","13":"pa_rfid-tillbehor-jojo","14":"tm-no-options","16":"first","17":"instock","18":"sale","19":"featured","20":"taxable","21":"shipping-taxable","22":"purchasable","23":"product-type-simple"},"acf":[],"_links":{"self":[{"href":"https:\/\/secureus.se\/pl\/wp-json\/wp\/v2\/product\/57293","targetHints":{"allow":["GET"]}}],"collection":[{"href":"https:\/\/secureus.se\/pl\/wp-json\/wp\/v2\/product"}],"about":[{"href":"https:\/\/secureus.se\/pl\/wp-json\/wp\/v2\/types\/product"}],"wp:featuredmedia":[{"embeddable":true,"href":"https:\/\/secureus.se\/pl\/wp-json\/wp\/v2\/media\/147650"}],"wp:attachment":[{"href":"https:\/\/secureus.se\/pl\/wp-json\/wp\/v2\/media?parent=57293"}],"wp:term":[{"taxonomy":"product_brand","embeddable":true,"href":"https:\/\/secureus.se\/pl\/wp-json\/wp\/v2\/product_brand?post=57293"},{"taxonomy":"product_cat","embeddable":true,"href":"https:\/\/secureus.se\/pl\/wp-json\/wp\/v2\/product_cat?post=57293"},{"taxonomy":"product_tag","embeddable":true,"href":"https:\/\/secureus.se\/pl\/wp-json\/wp\/v2\/product_tag?post=57293"}],"curies":[{"name":"wp","href":"https:\/\/api.w.org\/{rel}","templated":true}]}}