{"id":57295,"date":"2022-03-10T15:26:00","date_gmt":"2022-03-10T14:26:00","guid":{"rendered":"https:\/\/secureus.se\/produkt\/nyckelband-eko-10-mm-sakerhetsspanne-hummerklamma-i-metall-100-pack-farg-orange\/"},"modified":"2026-01-02T12:11:16","modified_gmt":"2026-01-02T11:11:16","slug":"nyckelband-10mm-orange-metallklamma-100-pack","status":"publish","type":"product","link":"https:\/\/secureus.se\/pl\/nyckelband-10mm-orange-metallklamma-100-pack\/","title":{"rendered":"Brelok 10 mm Pomara\u0144czowy Eco - Materia\u0142 z recyklingu - Metalowy klips - 100 szt"},"content":{"rendered":"<p>Te pomara\u0144czowe smycze o szeroko\u015bci 10 mm zapewniaj\u0105 idealn\u0105 r\u00f3wnowag\u0119 pomi\u0119dzy funkcjonalno\u015bci\u0105 i trwa\u0142o\u015bci\u0105. Wykonane z wytrzyma\u0142ego materia\u0142u PET pochodz\u0105cego z recyklingu, s\u0105 przyjazne dla \u015brodowiska i niezawodne. Mierz\u0105ce 90 cm d\u0142ugo\u015bci (45 cm d\u0142ugo\u015b\u0107 kropli dla doros\u0142ych) i wyposa\u017cone w klamr\u0119 zabezpieczaj\u0105c\u0105 oraz trwa\u0142e metalowe karabi\u0144czyk, te smycze s\u0105 idealne do r\u00f3\u017cnych zastosowa\u0144.<\/p>\n<ul>\n<li><strong>Materia\u0142y z recyklingu:<\/strong> Wykonane z trwa\u0142ego i przyjaznego dla \u015brodowiska materia\u0142u PET.<\/li>\n<li><strong>Metalowy zacisk homarowy:<\/strong> Zapewnia bezpieczne mocowanie dowod\u00f3w osobistych, brelok\u00f3w lub kart dost\u0119pu.<\/li>\n<li><strong>Klamra bezpiecze\u0144stwa:<\/strong> Dla \u0142atwego i szybkiego zwolnienia w razie potrzeby.<\/li>\n<li><strong>Kolor i widoczno\u015b\u0107:<\/strong> Pomara\u0144czowy kolor sprawia, \u017ce breloczki s\u0105 \u0142atwe do zauwa\u017cenia i identyfikacji.<\/li>\n<li><strong>Elastyczne obszary zastosowa\u0144:<\/strong> Idealny do dowod\u00f3w osobistych, wizyt\u00f3wek, breloczk\u00f3w, kart pami\u0119ci i telefon\u00f3w kom\u00f3rkowych.<\/li>\n<\/ul>\n<p><strong>Dane techniczne:<\/strong><\/p>\n<ul>\n<li><strong>Szeroko\u015b\u0107:<\/strong> 10 mm<\/li>\n<li><strong>D\u0142ugo\u015b\u0107:<\/strong> 90 cm (d\u0142ugo\u015b\u0107 opadania 45 cm)<\/li>\n<li><strong>Tworzywo:<\/strong> Materia\u0142 PET z recyklingu<\/li>\n<li><strong>Opakowanie:<\/strong> 100 sztuk w opakowaniu<\/li>\n<\/ul>\n<p>\u0141\u0105cz\u0105c w sobie trwa\u0142o\u015b\u0107 i styl, te pomara\u0144czowe smycze s\u0105 doskona\u0142ym wyborem dla ka\u017cdego, kto szuka niezawodnego i przyjaznego dla \u015brodowiska rozwi\u0105zania do noszenia dowod\u00f3w osobistych lub breloczk\u00f3w do kluczy.<\/p>","protected":false},"excerpt":{"rendered":"<p>Wytrzyma\u0142e pomara\u0144czowe smycze o szeroko\u015bci 10 mm, wykonane z materia\u0142u PET pochodz\u0105cego z recyklingu. Wyposa\u017cone w metalowe karabi\u0144czyk i klamr\u0119 zabezpieczaj\u0105c\u0105. Sprzedawane w opakowaniach po 100 sztuk.<\/p>","protected":false},"featured_media":145577,"template":"","meta":{"_acf_changed":false},"product_brand":[],"product_cat":[1875],"product_tag":[4348,4353],"class_list":{"0":"post-57295","1":"product","2":"type-product","3":"status-publish","4":"has-post-thumbnail","6":"product_cat-nyckelband","7":"product_tag-10mm","8":"product_tag-orange-nyckelband","9":"product_shipping_class-tunga-paket","10":"pa_brands-stonehouse-security","11":"pa_farg-orange","12":"pa_farg-nyckelband-orange","13":"pa_rfid-tillbehor-nyckelband-halsband","14":"tm-no-options","16":"first","17":"instock","18":"sale","19":"featured","20":"taxable","21":"shipping-taxable","22":"purchasable","23":"product-type-simple"},"acf":[],"_links":{"self":[{"href":"https:\/\/secureus.se\/pl\/wp-json\/wp\/v2\/product\/57295","targetHints":{"allow":["GET"]}}],"collection":[{"href":"https:\/\/secureus.se\/pl\/wp-json\/wp\/v2\/product"}],"about":[{"href":"https:\/\/secureus.se\/pl\/wp-json\/wp\/v2\/types\/product"}],"wp:featuredmedia":[{"embeddable":true,"href":"https:\/\/secureus.se\/pl\/wp-json\/wp\/v2\/media\/145577"}],"wp:attachment":[{"href":"https:\/\/secureus.se\/pl\/wp-json\/wp\/v2\/media?parent=57295"}],"wp:term":[{"taxonomy":"product_brand","embeddable":true,"href":"https:\/\/secureus.se\/pl\/wp-json\/wp\/v2\/product_brand?post=57295"},{"taxonomy":"product_cat","embeddable":true,"href":"https:\/\/secureus.se\/pl\/wp-json\/wp\/v2\/product_cat?post=57295"},{"taxonomy":"product_tag","embeddable":true,"href":"https:\/\/secureus.se\/pl\/wp-json\/wp\/v2\/product_tag?post=57295"}],"curies":[{"name":"wp","href":"https:\/\/api.w.org\/{rel}","templated":true}]}}