{"id":57363,"date":"2022-03-10T15:17:00","date_gmt":"2022-03-10T14:17:00","guid":{"rendered":"https:\/\/secureus.se\/produkt\/plug-in-satel-ethernet-ip-modul-for-satel-4g-gsm\/"},"modified":"2026-04-22T15:57:30","modified_gmt":"2026-04-22T13:57:30","slug":"plug-in-ethernet-ip-modul-for-satel-gsm-x-lte","status":"publish","type":"product","link":"https:\/\/secureus.se\/pl\/plug-in-ethernet-ip-modul-for-satel-gsm-x-lte\/","title":{"rendered":"Wtykowy modu\u0142 Ethernet IP GSM-X-ETH do nadajnika alarmowego GSM-X LTE firmy SATEL"},"content":{"rendered":"<h1>Pod\u0142\u0105cz modu\u0142 Ethernet IP do SATEL GSM-X LTE - usprawnij sw\u00f3j system bezpiecze\u0144stwa<\/h1>\n<p>Zwi\u0119ksz mo\u017cliwo\u015bci swojego nadajnika alarmowego SATEL GSM-X LTE dzi\u0119ki modu\u0142owi Ethernet IP.<\/p>\n<p>Modu\u0142 ten dodaje mo\u017cliwo\u015b\u0107 obs\u0142ugi sieci Ethernet w celu szybkiego i bezpiecznego przesy\u0142ania danych.<\/p>\n<p>Niezale\u017cnie od tego, czy jest u\u017cywane r\u00f3wnolegle z sieci\u0105 kom\u00f3rkow\u0105, czy jako alternatywna \u015bcie\u017cka transmisji, rozwi\u0105zanie to zapewnia optymaln\u0105 elastyczno\u015b\u0107 systemu bezpiecze\u0144stwa.<\/p>\n<p><strong>G\u0142\u00f3wne cechy:<\/strong><\/p>\n<ul>\n<li><strong>Elastyczny transfer danych:<\/strong> Obs\u0142uga Ethernetu (TCP\/UDP) jako r\u00f3wnoleg\u0142ej lub alternatywnej \u015bcie\u017cki komunikacji.<\/li>\n<li><strong>Priorytety:<\/strong> Zdefiniuj i skonfiguruj priorytety tor\u00f3w transmisji dla poszczeg\u00f3lnych funkcji.<\/li>\n<li><strong>Szybka instalacja:<\/strong> Konstrukcja wtykowa zapewniaj\u0105ca \u0142atwy monta\u017c i szybkie wdro\u017cenie.<\/li>\n<li><strong>Bezpieczny i stabilny:<\/strong> \u0141\u0105czno\u015b\u0107 Ethernet zapewnia niezawodn\u0105 komunikacj\u0119 niezale\u017cnie od \u015brodowiska.<\/li>\n<\/ul>\n<p>Modu\u0142 ten stanowi idealne akcesorium optymalizuj\u0105ce komunikacj\u0119 w systemie bezpiecze\u0144stwa, zapewniaj\u0105c szybk\u0105 i niezawodn\u0105 transmisj\u0119 alarm\u00f3w.<\/p>","protected":false},"excerpt":{"rendered":"<p>Rozszerz mo\u017cliwo\u015bci komunikacyjne swojego nadajnika alarmowego GSM-X LTE o modu\u0142 Ethernet IP.<\/p>\n<p>Szybki i bezpieczny transfer danych przez Ethernet jako alternatywa lub uzupe\u0142nienie sieci kom\u00f3rkowych.<\/p>\n<p>&nbsp;<\/p>","protected":false},"featured_media":145658,"template":"","meta":{"_acf_changed":false},"product_brand":[],"product_cat":[1551],"product_tag":[2251,2425],"class_list":{"0":"post-57363","1":"product","2":"type-product","3":"status-publish","4":"has-post-thumbnail","6":"product_cat-larmoverforing","7":"product_tag-larmoverforing-4g-sandare","8":"product_tag-rel-4g-larmoverforing","9":"product_shipping_class-postnord-varubrev","10":"pa_brands-satel","11":"tm-no-options","13":"first","14":"instock","15":"sale","16":"featured","17":"taxable","18":"shipping-taxable","19":"purchasable","20":"product-type-simple"},"acf":[],"_links":{"self":[{"href":"https:\/\/secureus.se\/pl\/wp-json\/wp\/v2\/product\/57363","targetHints":{"allow":["GET"]}}],"collection":[{"href":"https:\/\/secureus.se\/pl\/wp-json\/wp\/v2\/product"}],"about":[{"href":"https:\/\/secureus.se\/pl\/wp-json\/wp\/v2\/types\/product"}],"wp:featuredmedia":[{"embeddable":true,"href":"https:\/\/secureus.se\/pl\/wp-json\/wp\/v2\/media\/145658"}],"wp:attachment":[{"href":"https:\/\/secureus.se\/pl\/wp-json\/wp\/v2\/media?parent=57363"}],"wp:term":[{"taxonomy":"product_brand","embeddable":true,"href":"https:\/\/secureus.se\/pl\/wp-json\/wp\/v2\/product_brand?post=57363"},{"taxonomy":"product_cat","embeddable":true,"href":"https:\/\/secureus.se\/pl\/wp-json\/wp\/v2\/product_cat?post=57363"},{"taxonomy":"product_tag","embeddable":true,"href":"https:\/\/secureus.se\/pl\/wp-json\/wp\/v2\/product_tag?post=57363"}],"curies":[{"name":"wp","href":"https:\/\/api.w.org\/{rel}","templated":true}]}}