{"id":57367,"date":"2022-03-10T15:15:00","date_gmt":"2022-03-10T14:15:00","guid":{"rendered":"https:\/\/secureus.se\/produkt\/1-vags-2-vags-tradlos-piccolo-pet-pir-detektor-agililty3-4-och-wicomm-pro\/"},"modified":"2025-12-31T19:38:49","modified_gmt":"2025-12-31T18:38:49","slug":"risco-piccolo-2-vags-rorelsedetektor-med-husdjursfunktion","status":"publish","type":"product","link":"https:\/\/secureus.se\/pl\/risco-piccolo-2-vags-rorelsedetektor-med-husdjursfunktion\/","title":{"rendered":"Risco Piccolo 2-dro\u017cny czujnik ruchu z funkcj\u0105 zwierz\u0105t domowych"},"content":{"rendered":"<h1>Dwukierunkowy czujnik ruchu Risco Piccolo z funkcj\u0105 zwierzaka<\/h1>\n<div class=\"field field-name-field-product-description field-type-text-long field-label-hidden\">\n<div class=\"field-items\">\n<p data-start=\"518\" data-end=\"881\">Dwukierunkowy czujnik ruchu Risco Piccolo z funkcj\u0105 wykrywania zwierz\u0105t (model RWX96P86800A) to kompaktowy i wydajny czujnik ruchu, kt\u00f3ry zapewnia niezawodn\u0105 ochron\u0119 zar\u00f3wno ma\u0142ych, jak i du\u017cych przestrzeni.<\/p>\n<p data-start=\"518\" data-end=\"881\">Dzi\u0119ki zasi\u0119gowi do 8 metr\u00f3w i funkcji ochrony przed zwierz\u0119tami, kt\u00f3ra pozwala mu ignorowa\u0107 zwierz\u0119ta o wadze do 36 kg, Piccolo doskonale sprawdzi si\u0119 zar\u00f3wno w domu, jak i ma\u0142ym biurze.<\/p>\n<p data-start=\"883\" data-end=\"1216\">Detektor wyposa\u017cony jest w dwuelementowy czujnik PIR, kt\u00f3ry zapewnia wysok\u0105 wydajno\u015b\u0107 wykrywania i nisk\u0105 czu\u0142o\u015b\u0107 na fa\u0142szywe alarmy. Dzi\u0119ki temu jest idealnym rozwi\u0105zaniem w domach, w kt\u00f3rych s\u0105 zwierz\u0119ta domowe lub w miejscach, w kt\u00f3rych wa\u017cne jest unikanie fa\u0142szywych alarm\u00f3w.<\/p>\n<p data-start=\"883\" data-end=\"1216\">Innowacyjny i elegancki design sprawia, \u017ce jest to dyskretny i nowoczesny element wn\u0119trza.<\/p>\n<p data-start=\"1218\" data-end=\"1590\">Piccolo jest \u0142atwy w instalacji i konserwacji dzi\u0119ki bezprzewodowej komunikacji dwukierunkowej i zdalnemu programowaniu. Detektor jest kompatybilny z bezprzewodowymi i hybrydowymi systemami RISCO, w tym Agility\u21224 (od wersji 5.17), WiComm Pro i LightSYS+.<\/p>\n<p data-start=\"1218\" data-end=\"1590\">Obs\u0142uguje komunikacj\u0119 jedno- i dwukierunkow\u0105, co czyni je elastycznym i kompatybilnym z r\u00f3\u017cnymi konfiguracjami system\u00f3w.<\/p>\n<p data-start=\"1592\" data-end=\"1777\">Aby upro\u015bci\u0107 konserwacj\u0119, Piccolo posiada magnetyczny uchwyt, kt\u00f3ry umo\u017cliwia \u0142atw\u0105 wymian\u0119 baterii. Je\u015bli instalator w\u0142\u0105czy\u0142 t\u0119 funkcj\u0119, wymian\u0119 baterii mo\u017ce wykona\u0107 sam u\u017cytkownik.<\/p>\n<p data-start=\"1779\" data-end=\"1809\"><strong data-start=\"1779\" data-end=\"1807\">G\u0142\u00f3wne cechy:<\/strong><\/p>\n<ul data-start=\"1810\" data-end=\"2457\">\n<li data-start=\"1810\" data-end=\"1835\">\n<p data-start=\"1812\" data-end=\"1835\"><strong data-start=\"1812\" data-end=\"1825\">Zakres:<\/strong> 8 metr\u00f3w<\/p>\n<\/li>\n<li data-start=\"1836\" data-end=\"1892\">\n<p data-start=\"1838\" data-end=\"1892\"><strong data-start=\"1838\" data-end=\"1857\">Przyjazne zwierz\u0119tom:<\/strong> Ignoruje zwierz\u0119ta do 36 kg<\/p>\n<\/li>\n<li data-start=\"1893\" data-end=\"1967\">\n<p data-start=\"1895\" data-end=\"1967\"><strong data-start=\"1895\" data-end=\"1913\">Komunikacja:<\/strong> Obs\u0142uguje komunikacj\u0119 bezprzewodow\u0105 jedno- i dwukierunkow\u0105<\/p>\n<\/li>\n<li data-start=\"1968\" data-end=\"2030\">\n<p data-start=\"1970\" data-end=\"2030\"><strong data-start=\"1970\" data-end=\"1981\">Projekt:<\/strong> Kompaktowy i nowoczesny, odpowiedni zar\u00f3wno do domu, jak i biura<\/p>\n<\/li>\n<li data-start=\"2031\" data-end=\"2121\">\n<p data-start=\"2033\" data-end=\"2121\"><strong data-start=\"2033\" data-end=\"2051\">Wysoka wydajno\u015b\u0107:<\/strong> Wyposa\u017cony w dwuelementowy czujnik PIR i cyfrowe przetwarzanie sygna\u0142u<\/p>\n<\/li>\n<li data-start=\"2122\" data-end=\"2207\">\n<p data-start=\"2124\" data-end=\"2207\"><strong data-start=\"2124\" data-end=\"2151\">Kompensacja temperatury:<\/strong> Maksymalna wykrywalno\u015b\u0107 i wysoka odporno\u015b\u0107 na fa\u0142szywe alarmy<\/p>\n<\/li>\n<li data-start=\"2208\" data-end=\"2289\">\n<p data-start=\"2210\" data-end=\"2289\"><strong data-start=\"2210\" data-end=\"2247\">\u0141atwa instalacja i konserwacja:<\/strong> Magnetyczny uchwyt umo\u017cliwiaj\u0105cy \u0142atw\u0105 wymian\u0119 baterii<\/p>\n<\/li>\n<li data-start=\"2290\" data-end=\"2366\">\n<p data-start=\"2292\" data-end=\"2366\"><strong data-start=\"2292\" data-end=\"2311\">Zgodno\u015b\u0107:<\/strong> Agility\u21224 (od wersji 5.17), WiComm Pro, LightSYS+<\/p>\n<\/li>\n<li data-start=\"2367\" data-end=\"2411\">\n<p data-start=\"2369\" data-end=\"2411\"><strong data-start=\"2369\" data-end=\"2381\">Bateria:<\/strong> 1 x CR123A, d\u0142uga \u017cywotno\u015b\u0107 baterii<\/p>\n<\/li>\n<li data-start=\"2412\" data-end=\"2457\">\n<p data-start=\"2414\" data-end=\"2457\"><strong data-start=\"2414\" data-end=\"2444\">Numer artyku\u0142u dostawcy:<\/strong> RWX96P86800A<\/p>\n<\/li>\n<\/ul>\n<p data-start=\"2459\" data-end=\"2490\"><strong data-start=\"2459\" data-end=\"2488\">Dane techniczne:<\/strong><\/p>\n<ul data-start=\"2491\" data-end=\"2792\">\n<li data-start=\"2491\" data-end=\"2516\">\n<p data-start=\"2493\" data-end=\"2516\"><strong data-start=\"2493\" data-end=\"2506\">Cz\u0119stotliwo\u015b\u0107:<\/strong> 868 MHz<\/p>\n<\/li>\n<li data-start=\"2517\" data-end=\"2550\">\n<p data-start=\"2519\" data-end=\"2550\"><strong data-start=\"2519\" data-end=\"2540\">Zakres wykrywania:<\/strong> 8 metr\u00f3w<\/p>\n<\/li>\n<li data-start=\"2551\" data-end=\"2591\">\n<p data-start=\"2553\" data-end=\"2591\"><strong data-start=\"2553\" data-end=\"2572\">Wysoko\u015b\u0107 monta\u017cu:<\/strong> 2,2m do 2,5m<\/p>\n<\/li>\n<li data-start=\"2592\" data-end=\"2622\">\n<p data-start=\"2594\" data-end=\"2622\"><strong data-start=\"2594\" data-end=\"2609\">Typ baterii:<\/strong> 1 x CR123A<\/p>\n<\/li>\n<li data-start=\"2623\" data-end=\"2661\">\n<p data-start=\"2625\" data-end=\"2661\"><strong data-start=\"2625\" data-end=\"2646\">Pob\u00f3r mocy:<\/strong> 12mA w trybie czuwania<\/p>\n<\/li>\n<li data-start=\"2662\" data-end=\"2707\">\n<p data-start=\"2664\" data-end=\"2707\"><strong data-start=\"2664\" data-end=\"2688\">Zakres temperatur:<\/strong> -10\u00b0C do +40\u00b0C<\/p>\n<\/li>\n<li data-start=\"2708\" data-end=\"2745\">\n<p data-start=\"2710\" data-end=\"2745\"><strong data-start=\"2710\" data-end=\"2726\">Wymiary:<\/strong> 120x60x60mm<\/p>\n<\/li>\n<li data-start=\"2746\" data-end=\"2765\">\n<p data-start=\"2748\" data-end=\"2765\"><strong data-start=\"2748\" data-end=\"2757\">Waga:<\/strong> 100 gr<\/p>\n<\/li>\n<li data-start=\"2766\" data-end=\"2792\">\n<p data-start=\"2768\" data-end=\"2792\"><strong data-start=\"2768\" data-end=\"2785\">Ocena IP:<\/strong> IP44<\/p>\n<\/li>\n<\/ul>\n<p data-start=\"2794\" data-end=\"3067\">Czujnik ruchu Piccolo to idealne rozwi\u0105zanie dla u\u017cytkownik\u00f3w poszukuj\u0105cych bezpiecznego i niezawodnego czujnika bezprzewodowego, kt\u00f3ry bierze pod uwag\u0119 r\u00f3wnie\u017c obecno\u015b\u0107 zwierz\u0105t domowych w domu.<\/p>\n<p data-start=\"2794\" data-end=\"3067\">Dzi\u0119ki zaawansowanym funkcjom i \u0142atwej instalacji jest doskona\u0142ym elementem ka\u017cdego systemu bezpiecze\u0144stwa RISCO.<\/p>\n<p><a href=\"https:\/\/www.riscogroup.com\/products\/product\/52708\" target=\"_blank\" rel=\"noopener\">Tutaj mo\u017cesz przeczyta\u0107 wi\u0119cej o WiCom Pro na stronie internetowej Risco Group\u00a0<\/a><\/p>\n<p><iframe title=\"Wicomm Smart Hub USA\" width=\"1170\" height=\"658\" src=\"https:\/\/www.youtube.com\/embed\/5PHoH2dRjEs?feature=oembed\" frameborder=\"0\" allow=\"accelerometer; autoplay; clipboard-write; encrypted-media; gyroscope; picture-in-picture; web-share\" referrerpolicy=\"strict-origin-when-cross-origin\" allowfullscreen><\/iframe><\/p>\n<\/div>\n<\/div>\n<div class=\"field field-name-field-product-description field-type-text-long field-label-hidden\">\n<div class=\"field-items\">\n<div class=\"field-item even\">\n<p>&nbsp;<\/p>\n<\/div>\n<\/div>\n<\/div>","protected":false},"excerpt":{"rendered":"<p>Dwukierunkowy czujnik ruchu Risco Piccolo z funkcj\u0105 wykrywania zwierz\u0105t domowych to ma\u0142y i kompaktowy czujnik PIR o zasi\u0119gu 8 metr\u00f3w.<\/p>\n<p>Idealnie nadaje si\u0119 do stosowania w domach i ma\u0142ych biurach, jest kompatybilny zar\u00f3wno z jedno-, jak i dwukierunkowymi systemami bezprzewodowymi.<\/p>\n<p>Funkcja obs\u0142ugi zwierz\u0105t domowych pozwala na bezpieczne korzystanie z urz\u0105dzenia, nawet je\u015bli wa\u017c\u0105 one do 36 kg.<\/p>","protected":false},"featured_media":145327,"template":"","meta":{"_acf_changed":false},"product_brand":[],"product_cat":[3188,2731],"product_tag":[3152],"class_list":{"0":"post-57367","1":"product","2":"type-product","3":"status-publish","4":"has-post-thumbnail","6":"product_cat-larmenheter-risco-larm","7":"product_cat-risco-larm","8":"product_tag-cr123-tillbehor","9":"product_shipping_class-postnord-varubrev","10":"pa_brands-4risco","11":"pa_risco-produkter-agility-3","12":"pa_risco-produkter-agility-4","13":"pa_wicomm-pro-kategorier-rorelsedetektor","14":"tm-no-options","16":"first","17":"instock","18":"sale","19":"featured","20":"taxable","21":"shipping-taxable","22":"purchasable","23":"product-type-simple"},"acf":[],"_links":{"self":[{"href":"https:\/\/secureus.se\/pl\/wp-json\/wp\/v2\/product\/57367","targetHints":{"allow":["GET"]}}],"collection":[{"href":"https:\/\/secureus.se\/pl\/wp-json\/wp\/v2\/product"}],"about":[{"href":"https:\/\/secureus.se\/pl\/wp-json\/wp\/v2\/types\/product"}],"wp:featuredmedia":[{"embeddable":true,"href":"https:\/\/secureus.se\/pl\/wp-json\/wp\/v2\/media\/145327"}],"wp:attachment":[{"href":"https:\/\/secureus.se\/pl\/wp-json\/wp\/v2\/media?parent=57367"}],"wp:term":[{"taxonomy":"product_brand","embeddable":true,"href":"https:\/\/secureus.se\/pl\/wp-json\/wp\/v2\/product_brand?post=57367"},{"taxonomy":"product_cat","embeddable":true,"href":"https:\/\/secureus.se\/pl\/wp-json\/wp\/v2\/product_cat?post=57367"},{"taxonomy":"product_tag","embeddable":true,"href":"https:\/\/secureus.se\/pl\/wp-json\/wp\/v2\/product_tag?post=57367"}],"curies":[{"name":"wp","href":"https:\/\/api.w.org\/{rel}","templated":true}]}}