{"id":57368,"date":"2022-03-10T15:15:00","date_gmt":"2022-03-10T14:15:00","guid":{"rendered":"https:\/\/secureus.se\/produkt\/2-vags-tradlos-slim-magnetkontakt-agility4-wicomm-pro\/"},"modified":"2026-01-30T08:07:41","modified_gmt":"2026-01-30T07:07:41","slug":"risco-slim-magnetkontakt-2-vags","status":"publish","type":"product","link":"https:\/\/secureus.se\/pl\/risco-slim-magnetkontakt-2-vags\/","title":{"rendered":"Prze\u0142\u0105cznik magnetyczny Risco Slim 2-dro\u017cny"},"content":{"rendered":"<h1>Prze\u0142\u0105cznik magnetyczny Risco Slim 2-dro\u017cny<\/h1>\n<p data-start=\"433\" data-end=\"783\">Dwukierunkowy, smuk\u0142y kontakt magnetyczny Risco (model RWX780868M3B) to bezprzewodowy kontaktron do drzwi i okien, kt\u00f3ry doskonale sprawdza si\u0119 w zastosowaniach mieszkalnych i komercyjnych.<\/p>\n<p data-start=\"433\" data-end=\"783\">Zaprojektowany z my\u015bl\u0105 o bezprzewodowej ochronie obwodowej, oferuje zwi\u0119kszon\u0105 wydajno\u015b\u0107 i wysok\u0105 czu\u0142o\u015b\u0107, dzi\u0119ki czemu idealnie nadaje si\u0119 do monitorowania okien i drzwi w r\u00f3\u017cnych systemach bezpiecze\u0144stwa.<\/p>\n<p data-start=\"785\" data-end=\"1182\">Ten kontakt magnetyczny jest wyposa\u017cony w dwukierunkow\u0105 komunikacj\u0119 bezprzewodow\u0105, co oznacza, \u017ce nie tylko przesy\u0142a informacje do systemu, ale tak\u017ce odbiera potwierdzenia, co zwi\u0119ksza bezpiecze\u0144stwo i zmniejsza ryzyko zak\u0142\u00f3ce\u0144 ze strony innych urz\u0105dze\u0144 bezprzewodowych.<\/p>\n<p data-start=\"785\" data-end=\"1182\">Funkcja ta pozwala u\u017cytkownikowi na otrzymanie przez system potwierdzenia za pomoc\u0105 diod LED, co zwi\u0119ksza bezpiecze\u0144stwo.<\/p>\n<p data-start=\"1184\" data-end=\"1513\">Dwukierunkowy, smuk\u0142y prze\u0142\u0105cznik magnetyczny Risco jest \u0142atwy w instalacji i mo\u017cna go szybko przymocowa\u0107 do \u015bciany za pomoc\u0105 prostego uchwytu monta\u017cowego.<\/p>\n<p data-start=\"1184\" data-end=\"1513\">Urz\u0105dzenie zosta\u0142o zaprojektowane tak, aby jego konserwacja by\u0142a \u0142atwa i polega\u0142a na prostej wymianie baterii, dzi\u0119ki czemu jest przyjaznym dla u\u017cytkownika rozwi\u0105zaniem zar\u00f3wno w przypadku nowych instalacji, jak i modernizacji istniej\u0105cych system\u00f3w.<\/p>\n<p data-start=\"1515\" data-end=\"1876\">Czujnik magnetyczny wykorzystuje standardow\u0105 bateri\u0119 litow\u0105 3 V i bezproblemowo wsp\u00f3\u0142pracuje z dwukierunkowymi systemami bezprzewodowymi RISCO, w tym Agility\u2122, LightSYS i WiComm PRO.<\/p>\n<p data-start=\"1515\" data-end=\"1876\">Aby uzyska\u0107 jeszcze wi\u0119ksz\u0105 elastyczno\u015b\u0107, mo\u017cna go r\u00f3wnie\u017c u\u017cywa\u0107 do \u0142\u0105czenia si\u0119 z innymi przewodowymi czujnikami lub stykami magnetycznymi za po\u015brednictwem dodatkowego wej\u015bcia strefowego, dzi\u0119ki czemu idealnie nadaje si\u0119 do niestandardowych rozwi\u0105za\u0144 bezpiecze\u0144stwa.<\/p>\n<p data-start=\"1878\" data-end=\"1908\"><strong data-start=\"1878\" data-end=\"1906\">G\u0142\u00f3wne cechy:<\/strong><\/p>\n<ul data-start=\"1909\" data-end=\"2531\">\n<li data-start=\"1909\" data-end=\"1993\">\n<p data-start=\"1911\" data-end=\"1993\"><strong data-start=\"1911\" data-end=\"1944\">Dwukierunkowa komunikacja bezprzewodowa:<\/strong> Dla wi\u0119kszego bezpiecze\u0144stwa i mniejszych zak\u0142\u00f3ce\u0144 bezprzewodowych<\/p>\n<\/li>\n<li data-start=\"1994\" data-end=\"2064\">\n<p data-start=\"1996\" data-end=\"2064\"><strong data-start=\"1996\" data-end=\"2015\">Zgodno\u015b\u0107:<\/strong> Dzia\u0142a z Agility\u2122, LightSYS i WiComm PRO<\/p>\n<\/li>\n<li data-start=\"2065\" data-end=\"2170\">\n<p data-start=\"2067\" data-end=\"2170\"><strong data-start=\"2067\" data-end=\"2090\">\u0141atwa instalacja:<\/strong> Monta\u017c na \u015bcianie za pomoc\u0105 prostego uchwytu i \u0142atwe programowanie za pomoc\u0105 konfiguracji zdalnej<\/p>\n<\/li>\n<li data-start=\"2171\" data-end=\"2252\">\n<p data-start=\"2173\" data-end=\"2252\"><strong data-start=\"2173\" data-end=\"2199\">Poprawiona czu\u0142o\u015b\u0107:<\/strong> Zwi\u0119ksza zdolno\u015b\u0107 wykrywania drzwi i okien<\/p>\n<\/li>\n<li data-start=\"2253\" data-end=\"2307\">\n<p data-start=\"2255\" data-end=\"2307\"><strong data-start=\"2255\" data-end=\"2267\">Bateria:<\/strong> 1 x bateria litowa 3 V, \u0142atwa do wymiany<\/p>\n<\/li>\n<li data-start=\"2308\" data-end=\"2325\">\n<p data-start=\"2310\" data-end=\"2325\"><strong data-start=\"2310\" data-end=\"2319\">Farba:<\/strong> Bia\u0142y<\/p>\n<\/li>\n<li data-start=\"2326\" data-end=\"2410\">\n<p data-start=\"2328\" data-end=\"2410\"><strong data-start=\"2328\" data-end=\"2342\">Wprowadzanie stref:<\/strong> Mo\u017cliwo\u015b\u0107 pod\u0142\u0105czenia do innych przewodowych czujnik\u00f3w w celu zwi\u0119kszenia elastyczno\u015bci<\/p>\n<\/li>\n<li data-start=\"2411\" data-end=\"2484\">\n<p data-start=\"2413\" data-end=\"2484\"><strong data-start=\"2413\" data-end=\"2425\">Rozmiar:<\/strong> Kompaktowa konstrukcja umo\u017cliwiaj\u0105ca \u0142atw\u0105 instalacj\u0119 w ciasnych przestrzeniach<\/p>\n<\/li>\n<li data-start=\"2485\" data-end=\"2531\">\n<p data-start=\"2487\" data-end=\"2531\"><strong data-start=\"2487\" data-end=\"2516\">Numer artyku\u0142u dostawcy:<\/strong> RWX780868M3B<\/p>\n<\/li>\n<\/ul>\n<p data-start=\"2533\" data-end=\"2564\"><strong data-start=\"2533\" data-end=\"2562\">Dane techniczne:<\/strong><\/p>\n<ul data-start=\"2565\" data-end=\"2824\">\n<li data-start=\"2565\" data-end=\"2590\">\n<p data-start=\"2567\" data-end=\"2590\"><strong data-start=\"2567\" data-end=\"2580\">Cz\u0119stotliwo\u015b\u0107:<\/strong> 868 MHz<\/p>\n<\/li>\n<li data-start=\"2591\" data-end=\"2633\">\n<p data-start=\"2593\" data-end=\"2633\"><strong data-start=\"2593\" data-end=\"2614\">Zasilanie:<\/strong> Bateria litowa 3V<\/p>\n<\/li>\n<li data-start=\"2634\" data-end=\"2680\">\n<p data-start=\"2636\" data-end=\"2680\"><strong data-start=\"2636\" data-end=\"2650\">Wprowadzanie stref:<\/strong> Tak, dla czujnik\u00f3w przewodowych<\/p>\n<\/li>\n<li data-start=\"2681\" data-end=\"2726\">\n<p data-start=\"2683\" data-end=\"2726\"><strong data-start=\"2683\" data-end=\"2707\">Zakres temperatur:<\/strong> -10\u00b0C do +40\u00b0C<\/p>\n<\/li>\n<li data-start=\"2727\" data-end=\"2771\">\n<p data-start=\"2729\" data-end=\"2771\"><strong data-start=\"2729\" data-end=\"2745\">Wymiary:<\/strong> Kompaktowa i smuk\u0142a konstrukcja<\/p>\n<\/li>\n<li data-start=\"2772\" data-end=\"2824\">\n<p data-start=\"2774\" data-end=\"2824\"><strong data-start=\"2774\" data-end=\"2783\">Waga:<\/strong> Lekkie i elastyczne, \u0142atwe w monta\u017cu<\/p>\n<\/li>\n<\/ul>\n<p data-start=\"2826\" data-end=\"3093\">Dwukierunkowy, smuk\u0142y czujnik magnetyczny Risco to idealne rozwi\u0105zanie dla u\u017cytkownik\u00f3w poszukuj\u0105cych wydajnego, bezprzewodowego rozwi\u0105zania zabezpieczaj\u0105cego drzwi i okna.<\/p>\n<p data-start=\"2826\" data-end=\"3093\">Urz\u0105dzenie to charakteryzuje si\u0119 wysokim poziomem bezpiecze\u0144stwa i \u0142atwo\u015bci\u0105 instalacji, a tak\u017ce bezproblemow\u0105 wsp\u00f3\u0142prac\u0105 z zaawansowanymi systemami RISCO.<\/p>\n<div class=\"field field-name-field-product-description field-type-text-long field-label-hidden\">\n<div class=\"field-items\">\n<p><a href=\"https:\/\/www.riscogroup.com\/products\/product\/52708\" target=\"_blank\" rel=\"noopener\">Tutaj mo\u017cesz przeczyta\u0107 wi\u0119cej o WiCom Pro na stronie internetowej Risco Group\u00a0<\/a><\/p>\n<p><iframe title=\"Wicomm Smart Hub USA\" width=\"1170\" height=\"658\" src=\"https:\/\/www.youtube.com\/embed\/5PHoH2dRjEs?feature=oembed\" frameborder=\"0\" allow=\"accelerometer; autoplay; clipboard-write; encrypted-media; gyroscope; picture-in-picture; web-share\" referrerpolicy=\"strict-origin-when-cross-origin\" allowfullscreen><\/iframe><\/p>\n<\/div>\n<\/div>","protected":false},"excerpt":{"rendered":"<p>Bezprzewodowy dwukierunkowy kontaktron magnetyczny Risco Slim to smuk\u0142y kontaktron do drzwi\/okien o cz\u0119stotliwo\u015bci 868 MHz, zaprojektowany w celu zapewnienia wysokiego poziomu bezpiecze\u0144stwa w zastosowaniach mieszkaniowych i komercyjnych.<\/p>\n<p>Jest kompatybilny z Agility, LightSYS i WiComm PRO i charakteryzuje si\u0119 \u0142atw\u0105 instalacj\u0105 oraz wymian\u0105 baterii.<\/p>","protected":false},"featured_media":145453,"template":"","meta":{"_acf_changed":false},"product_brand":[],"product_cat":[2731,3188],"product_tag":[],"class_list":{"0":"post-57368","1":"product","2":"type-product","3":"status-publish","4":"has-post-thumbnail","6":"product_cat-risco-larm","7":"product_cat-larmenheter-risco-larm","8":"product_shipping_class-postnord-varubrev","9":"pa_brands-4risco","10":"pa_risco-produkter-agility-4","11":"pa_wicomm-pro-kategorier-magnetkontakter","12":"tm-no-options","14":"first","15":"instock","16":"sale","17":"featured","18":"taxable","19":"shipping-taxable","20":"purchasable","21":"product-type-simple"},"acf":[],"_links":{"self":[{"href":"https:\/\/secureus.se\/pl\/wp-json\/wp\/v2\/product\/57368","targetHints":{"allow":["GET"]}}],"collection":[{"href":"https:\/\/secureus.se\/pl\/wp-json\/wp\/v2\/product"}],"about":[{"href":"https:\/\/secureus.se\/pl\/wp-json\/wp\/v2\/types\/product"}],"wp:featuredmedia":[{"embeddable":true,"href":"https:\/\/secureus.se\/pl\/wp-json\/wp\/v2\/media\/145453"}],"wp:attachment":[{"href":"https:\/\/secureus.se\/pl\/wp-json\/wp\/v2\/media?parent=57368"}],"wp:term":[{"taxonomy":"product_brand","embeddable":true,"href":"https:\/\/secureus.se\/pl\/wp-json\/wp\/v2\/product_brand?post=57368"},{"taxonomy":"product_cat","embeddable":true,"href":"https:\/\/secureus.se\/pl\/wp-json\/wp\/v2\/product_cat?post=57368"},{"taxonomy":"product_tag","embeddable":true,"href":"https:\/\/secureus.se\/pl\/wp-json\/wp\/v2\/product_tag?post=57368"}],"curies":[{"name":"wp","href":"https:\/\/api.w.org\/{rel}","templated":true}]}}