{"id":57369,"date":"2022-03-10T15:15:00","date_gmt":"2022-03-10T14:15:00","guid":{"rendered":"https:\/\/secureus.se\/produkt\/riscontrol-ips-8-touchscreen-keypad\/"},"modified":"2025-12-31T19:43:47","modified_gmt":"2025-12-31T18:43:47","slug":"touchscreen-keypad-wicomm-pro-risco","status":"publish","type":"product","link":"https:\/\/secureus.se\/pl\/touchscreen-keypad-wicomm-pro-risco\/","title":{"rendered":"Klawiatura dotykowa RisControl IPS Risco \u2013 ProsysPlus, LightSYS+"},"content":{"rendered":"<h1>Klawiatura dotykowa Risco ProsysPlus, LightSYS+<\/h1>\n<p data-start=\"436\" data-end=\"778\">Klawiatura dotykowa Risco (RisControl) to najnowsza innowacja firmy RISCO Group, zaprojektowana w celu zapewnienia nowoczesnego, intuicyjnego sposobu u\u017cytkowania w zakresie kontroli bezpiecze\u0144stwa.<\/p>\n<p data-start=\"436\" data-end=\"778\">Ta 8-calowa klawiatura z ekranem dotykowym o wysokiej rozdzielczo\u015bci zapewnia u\u017cytkownikom prost\u0105 i szybk\u0105 metod\u0119 sterowania alarmem i rozwi\u0105zaniami opartymi na chmurze z jednego urz\u0105dzenia.<\/p>\n<p data-start=\"780\" data-end=\"1087\">Dzi\u0119ki responsywnemu ekranowi i \u0142atwemu w obs\u0142udze interfejsowi RisControl mo\u017cna \u0142atwo wchodzi\u0107 w interakcj\u0119 z systemem.<\/p>\n<p data-start=\"780\" data-end=\"1087\">Niezale\u017cnie od tego, czy chodzi o uzbrojenie czy rozbrojenie systemu bezpiecze\u0144stwa, odbieranie wiadomo\u015bci czy monitorowanie stanu systemu, klawiatura zosta\u0142a zaprojektowana tak, aby zapewni\u0107 u\u017cytkownikowi p\u0142ynn\u0105 i efektywn\u0105 obs\u0142ug\u0119.<\/p>\n<p data-start=\"1089\" data-end=\"1447\">RisControl jest nie tylko przyjazny dla u\u017cytkownika, ale i wszechstronny. Doskonale nadaje si\u0119 do zastosowa\u0144 zar\u00f3wno mieszkaniowych, jak i komercyjnych, a jego elegancki design sprawia, \u017ce jest znakomitym rozwi\u0105zaniem dla ka\u017cdej przestrzeni.<\/p>\n<p data-start=\"1089\" data-end=\"1447\">Klawiatur\u0119 mo\u017cna \u0142atwo zainstalowa\u0107 za pomoc\u0105 uchwytu monta\u017cowego i od\u0142\u0105czanego z\u0142\u0105cza, co u\u0142atwia okablowanie, dzi\u0119ki czemu instalacja jest szybka i bezproblemowa.<\/p>\n<p data-start=\"1449\" data-end=\"1835\">RisControl komunikuje si\u0119 z panelem sterowania za pomoc\u0105 RS-485 i posiada modu\u0142 WiFi umo\u017cliwiaj\u0105cy po\u0142\u0105czenie z chmur\u0105 RISCO, dzi\u0119ki czemu u\u017cytkownik mo\u017ce zarz\u0105dza\u0107 swoim systemem i monitorowa\u0107 go zdalnie za po\u015brednictwem chmury.<\/p>\n<p data-start=\"1449\" data-end=\"1835\">Jest on kompatybilny z LightSYS 2 (wersja 6.05 i nowsze) oraz ProSYS Plus\/GT Plus (wersja 1.4 i nowsze) firmy RISCO, co czyni go elastycznym rozwi\u0105zaniem spe\u0142niaj\u0105cym r\u00f3\u017cne potrzeby w zakresie bezpiecze\u0144stwa.<\/p>\n<p data-start=\"1837\" data-end=\"1867\"><strong data-start=\"1837\" data-end=\"1865\">G\u0142\u00f3wne cechy:<\/strong><\/p>\n<ul data-start=\"1868\" data-end=\"2515\">\n<li data-start=\"1868\" data-end=\"1959\">\n<p data-start=\"1870\" data-end=\"1959\"><strong data-start=\"1870\" data-end=\"1901\">Wysokiej rozdzielczo\u015bci 8-calowy ekran dotykowy:<\/strong> Zapewnia przejrzysty i zwi\u0119z\u0142y interfejs do sterowania systemem<\/p>\n<\/li>\n<li data-start=\"1960\" data-end=\"2060\">\n<p data-start=\"1962\" data-end=\"2060\"><strong data-start=\"1962\" data-end=\"1988\">Przyjazny dla u\u017cytkownika projekt:<\/strong> Intuicyjny i \u0142atwy w obs\u0142udze interfejs umo\u017cliwiaj\u0105cy szybk\u0105 nauk\u0119 i u\u017cytkowanie<\/p>\n<\/li>\n<li data-start=\"2061\" data-end=\"2159\">\n<p data-start=\"2063\" data-end=\"2159\"><strong data-start=\"2063\" data-end=\"2083\">Po\u0142\u0105czenie WiFi:<\/strong> Umo\u017cliwia komunikacj\u0119 z RISCO Cloud w celu zdalnego sterowania i monitorowania<\/p>\n<\/li>\n<li data-start=\"2160\" data-end=\"2257\">\n<p data-start=\"2162\" data-end=\"2257\"><strong data-start=\"2162\" data-end=\"2185\">\u0141atwa instalacja:<\/strong> Uchwyt monta\u017cowy i od\u0142\u0105czane z\u0142\u0105cze zapewniaj\u0105 szybk\u0105 i \u0142atw\u0105 instalacj\u0119<\/p>\n<\/li>\n<li data-start=\"2258\" data-end=\"2370\">\n<p data-start=\"2260\" data-end=\"2370\"><strong data-start=\"2260\" data-end=\"2279\">Zgodno\u015b\u0107:<\/strong> Zgodno\u015b\u0107 z LightSYS 2 (od wersji 6.05) i ProSYS Plus\/GT Plus (od wersji 1.4)<\/p>\n<\/li>\n<li data-start=\"2371\" data-end=\"2436\">\n<p data-start=\"2373\" data-end=\"2436\"><strong data-start=\"2373\" data-end=\"2391\">Komunikacja:<\/strong> Komunikuje si\u0119 poprzez RS-485 z panelem sterowania<\/p>\n<\/li>\n<li data-start=\"2437\" data-end=\"2515\">\n<p data-start=\"2439\" data-end=\"2515\"><strong data-start=\"2439\" data-end=\"2456\">Elastyczno\u015b\u0107:<\/strong> Przydatne zar\u00f3wno w zastosowaniach mieszkaniowych, jak i komercyjnych<\/p>\n<\/li>\n<\/ul>\n<p data-start=\"2517\" data-end=\"2548\"><strong data-start=\"2517\" data-end=\"2546\">Dane techniczne:<\/strong><\/p>\n<ul data-start=\"2549\" data-end=\"2913\">\n<li data-start=\"2549\" data-end=\"2590\">\n<p data-start=\"2551\" data-end=\"2590\"><strong data-start=\"2551\" data-end=\"2561\">Ekran:<\/strong> 8-calowy ekran dotykowy o wysokiej rozdzielczo\u015bci<\/p>\n<\/li>\n<li data-start=\"2591\" data-end=\"2642\">\n<p data-start=\"2593\" data-end=\"2642\"><strong data-start=\"2593\" data-end=\"2611\">Komunikacja:<\/strong> WiFi i RS-485 (magistrala systemowa)<\/p>\n<\/li>\n<li data-start=\"2643\" data-end=\"2737\">\n<p data-start=\"2645\" data-end=\"2737\"><strong data-start=\"2645\" data-end=\"2664\">Zgodno\u015b\u0107:<\/strong> LightSYS 2 (od wersji 6.05), ProSYS Plus\/GT Plus (od wersji 1.4)<\/p>\n<\/li>\n<li data-start=\"2738\" data-end=\"2821\">\n<p data-start=\"2740\" data-end=\"2821\"><strong data-start=\"2740\" data-end=\"2757\">Instalacja:<\/strong> Uchwyt monta\u017cowy i od\u0142\u0105czane z\u0142\u0105cze u\u0142atwiaj\u0105ce okablowanie<\/p>\n<\/li>\n<li data-start=\"2822\" data-end=\"2913\">\n<p data-start=\"2824\" data-end=\"2913\"><strong data-start=\"2824\" data-end=\"2839\">Cechy:<\/strong> Zdalne sterowanie za po\u015brednictwem RISCO Cloud, powiadomienia o wiadomo\u015bciach i sterowanie systemem<\/p>\n<\/li>\n<\/ul>\n<p data-start=\"2915\" data-end=\"3209\">Klawiatura dotykowa Risco WiComm Pro (RisControl) to wydajne i przyjazne u\u017cytkownikowi rozwi\u0105zanie dla ka\u017cdego, kto szuka nowoczesnego i wydajnego sposobu sterowania swoimi systemami bezpiecze\u0144stwa.<\/p>\n<p data-start=\"2915\" data-end=\"3209\">Dzi\u0119ki zaawansowanym funkcjom i \u0142atwej instalacji jest to doskona\u0142y wyb\u00f3r do wszelkiego rodzaju instalacji zabezpieczaj\u0105cych.<\/p>\n<p dir=\"ltr\" data-placeholder=\"\u00d6vers\u00e4ttning\" data-ved=\"2ahUKEwiA7fbX8b6DAxWmTaQEHfTSAXMQ3ewLegQIBRAQ\"><a href=\"https:\/\/www.riscogroup.com\/products\/product\/56111\" target=\"_blank\" rel=\"noopener\">Tutaj mo\u017cesz zobaczy\u0107 film i przeczyta\u0107 wi\u0119cej o tym, jak \u0142atwo doda\u0107 panel dotykowy!<\/a><\/p>\n<h4>Dowiedz si\u0119 wi\u0119cej o WiComm Pro i tych mo\u017cliwo\u015bciach!<\/h4>\n<p><a href=\"https:\/\/www.riscogroup.com\/products\/product\/52708\" target=\"_blank\" rel=\"noopener\">Tutaj mo\u017cesz przeczyta\u0107 wi\u0119cej o WiCom Pro na stronie internetowej Risco Group\u00a0<\/a><\/p>\n<p><iframe title=\"Wicomm Smart Hub USA\" width=\"1170\" height=\"658\" src=\"https:\/\/www.youtube.com\/embed\/5PHoH2dRjEs?feature=oembed\" frameborder=\"0\" allow=\"accelerometer; autoplay; clipboard-write; encrypted-media; gyroscope; picture-in-picture; web-share\" referrerpolicy=\"strict-origin-when-cross-origin\" allowfullscreen><\/iframe><\/p>\n<p>&nbsp;<\/p>","protected":false},"excerpt":{"rendered":"<p data-start=\"114\" data-end=\"402\">Klawiatura dotykowa Risco Touchscreen Keypad (RisControl) to 8-calowa klawiatura dotykowa o wysokiej rozdzielczo\u015bci, wyposa\u017cona w przyjazny dla u\u017cytkownika i intuicyjny interfejs.<\/p>\n<p data-start=\"114\" data-end=\"402\">Dzi\u0119ki \u0142\u0105czno\u015bci WiFi z chmur\u0105 RISCO Cloud i \u0142atwej instalacji u\u017cytkownicy maj\u0105 pe\u0142n\u0105 kontrol\u0119 nad alarmami i rozwi\u0105zaniami opartymi na chmurze.<\/p>\n<p class=\"tw-data-text tw-text-large tw-ta\" dir=\"ltr\" data-placeholder=\"\u00d6vers\u00e4ttning\" data-ved=\"2ahUKEwiA7fbX8b6DAxWmTaQEHfTSAXMQ3ewLegQIBRAQ\">","protected":false},"featured_media":145662,"template":"","meta":{"_acf_changed":false},"product_brand":[],"product_cat":[3193],"product_tag":[],"class_list":{"0":"post-57369","1":"product","2":"type-product","3":"status-publish","4":"has-post-thumbnail","6":"product_cat-smarta-hem-risco-larm","7":"product_shipping_class-postnord-varubrev","8":"pa_brands-4risco","9":"pa_wicomm-pro-kategorier-manoverpaneler-knappar","10":"tm-no-options","12":"first","13":"instock","14":"sale","15":"featured","16":"taxable","17":"shipping-taxable","18":"purchasable","19":"product-type-simple"},"acf":[],"_links":{"self":[{"href":"https:\/\/secureus.se\/pl\/wp-json\/wp\/v2\/product\/57369","targetHints":{"allow":["GET"]}}],"collection":[{"href":"https:\/\/secureus.se\/pl\/wp-json\/wp\/v2\/product"}],"about":[{"href":"https:\/\/secureus.se\/pl\/wp-json\/wp\/v2\/types\/product"}],"wp:featuredmedia":[{"embeddable":true,"href":"https:\/\/secureus.se\/pl\/wp-json\/wp\/v2\/media\/145662"}],"wp:attachment":[{"href":"https:\/\/secureus.se\/pl\/wp-json\/wp\/v2\/media?parent=57369"}],"wp:term":[{"taxonomy":"product_brand","embeddable":true,"href":"https:\/\/secureus.se\/pl\/wp-json\/wp\/v2\/product_brand?post=57369"},{"taxonomy":"product_cat","embeddable":true,"href":"https:\/\/secureus.se\/pl\/wp-json\/wp\/v2\/product_cat?post=57369"},{"taxonomy":"product_tag","embeddable":true,"href":"https:\/\/secureus.se\/pl\/wp-json\/wp\/v2\/product_tag?post=57369"}],"curies":[{"name":"wp","href":"https:\/\/api.w.org\/{rel}","templated":true}]}}