{"id":57373,"date":"2022-03-10T15:15:00","date_gmt":"2022-03-10T14:15:00","guid":{"rendered":"https:\/\/secureus.se\/produkt\/wifi-ip-modul-kommunikationsmodul-agility4-wicomm-pro\/"},"modified":"2026-02-12T10:44:17","modified_gmt":"2026-02-12T09:44:17","slug":"ip-modul-wicomm-pro-risco","status":"publish","type":"product","link":"https:\/\/secureus.se\/pl\/ip-modul-wicomm-pro-risco\/","title":{"rendered":"Modu\u0142 IP\/Ethernet Risco - WiComm Pro"},"content":{"rendered":"<h1>Modu\u0142 IP Modu\u0142 komunikacyjny WiComm Pro Wifi<\/h1>\n<p data-start=\"440\" data-end=\"748\">Modu\u0142 IP Risco WiComm Pro (mod. RW332IP0000A) to wydajny i elastyczny modu\u0142 komunikacyjny WiFi, kt\u00f3ry umo\u017cliwia panelowi sterowania WiComm Pro komunikacj\u0119 poprzez sieci TCP\/IP.<\/p>\n<p data-start=\"440\" data-end=\"748\">Ten modu\u0142 wtykowy zaprojektowano tak, aby mo\u017cna go by\u0142o \u0142atwo zintegrowa\u0107 z systemem, dzi\u0119ki czemu instalacja jest szybka i bezproblemowa.<\/p>\n<p data-start=\"750\" data-end=\"1115\">Ten modu\u0142 IP obs\u0142uguje komunikacj\u0119 wielokana\u0142ow\u0105 i zapewnia mo\u017cliwo\u015b\u0107 korzystania zar\u00f3wno z podstawowej, jak i zapasowej komunikacji IP lub PSTN.<\/p>\n<p data-start=\"750\" data-end=\"1115\">Je\u015bli podstawowy system komunikacji (np. IP lub PSTN) ulegnie awarii, modu\u0142 przejmuje kontrol\u0119 i zapewnia nieprzerwane funkcjonowanie systemu, oferuj\u0105c u\u017cytkownikowi wysoki poziom bezpiecze\u0144stwa i niezawodno\u015bci.<\/p>\n<p data-start=\"1117\" data-end=\"1454\">Jedn\u0105 z najwi\u0119kszych zalet tego modu\u0142u jest mo\u017cliwo\u015b\u0107 zdalnego dost\u0119pu do panelu sterowania za pomoc\u0105 oprogramowania konfiguracyjnego firmy Risco. Dzi\u0119ki temu u\u017cytkownicy lub instalatorzy mog\u0105 zdalnie zarz\u0105dza\u0107 systemem i go konfigurowa\u0107.<\/p>\n<p data-start=\"1117\" data-end=\"1454\">U\u0142atwia to zar\u00f3wno instalacj\u0119, jak i konserwacj\u0119 oraz zmniejsza potrzeb\u0119 fizycznych wizyt w miejscu instalacji.<\/p>\n<p data-start=\"1456\" data-end=\"1674\">Modu\u0142 IP Risco WiComm Pro jest kompatybilny z panelem sterowania WiComm Pro i stanowi doskona\u0142y wyb\u00f3r dla u\u017cytkownik\u00f3w, kt\u00f3rzy chc\u0105 udoskonali\u0107 swoje rozwi\u0105zanie komunikacyjne oraz uzyska\u0107 wi\u0119ksz\u0105 elastyczno\u015b\u0107 w zarz\u0105dzaniu systemem bezpiecze\u0144stwa.<\/p>\n<p data-start=\"1676\" data-end=\"1706\"><strong data-start=\"1676\" data-end=\"1704\">G\u0142\u00f3wne cechy:<\/strong><\/p>\n<ul data-start=\"1707\" data-end=\"2292\">\n<li data-start=\"1707\" data-end=\"1793\">\n<p data-start=\"1709\" data-end=\"1793\"><strong data-start=\"1709\" data-end=\"1726\">Dost\u0119p zdalny:<\/strong> Umo\u017cliwia zdalny dost\u0119p do panelu poprzez program konfiguracyjny<\/p>\n<\/li>\n<li data-start=\"1794\" data-end=\"1919\">\n<p data-start=\"1796\" data-end=\"1919\"><strong data-start=\"1796\" data-end=\"1834\">Komunikacja podstawowa lub zapasowa:<\/strong> U\u017cywane jako podstawowa komunikacja lub jako kopia zapasowa dla komunikacji IP lub PSTN<\/p>\n<\/li>\n<li data-start=\"1920\" data-end=\"2009\">\n<p data-start=\"1922\" data-end=\"2009\"><strong data-start=\"1922\" data-end=\"1950\">Komunikacja wielokana\u0142owa:<\/strong> Obs\u0142uga komunikacji wielokana\u0142owej dla elastycznego u\u017cytkowania<\/p>\n<\/li>\n<li data-start=\"2010\" data-end=\"2102\">\n<p data-start=\"2012\" data-end=\"2102\"><strong data-start=\"2012\" data-end=\"2035\">\u0141atwa instalacja:<\/strong> Modu\u0142 wtykowy \u0142\u0105cz\u0105cy si\u0119 bezpo\u015brednio z panelem sterowania WiComm Pro<\/p>\n<\/li>\n<li data-start=\"2103\" data-end=\"2172\">\n<p data-start=\"2105\" data-end=\"2172\"><strong data-start=\"2105\" data-end=\"2124\">Zgodno\u015b\u0107:<\/strong> Wsp\u00f3\u0142pracuje z panelem sterowania WiComm Pro klasy 2<\/p>\n<\/li>\n<li data-start=\"2173\" data-end=\"2292\">\n<p data-start=\"2175\" data-end=\"2292\"><strong data-start=\"2175\" data-end=\"2204\">Dzia\u0142anie poprzez sie\u0107 TCP\/IP:<\/strong> Umo\u017cliwia komunikacj\u0119 przez sieci TCP\/IP, zapewniaj\u0105c wi\u0119ksze bezpiecze\u0144stwo i niezawodno\u015b\u0107<\/p>\n<\/li>\n<\/ul>\n<p data-start=\"2294\" data-end=\"2325\"><strong data-start=\"2294\" data-end=\"2323\">Dane techniczne:<\/strong><\/p>\n<ul data-start=\"2326\" data-end=\"2681\">\n<li data-start=\"2326\" data-end=\"2365\">\n<p data-start=\"2328\" data-end=\"2365\"><strong data-start=\"2328\" data-end=\"2356\">Protok\u00f3\u0142 komunikacyjny:<\/strong> TCP\/IP<\/p>\n<\/li>\n<li data-start=\"2366\" data-end=\"2422\">\n<p data-start=\"2368\" data-end=\"2422\"><strong data-start=\"2368\" data-end=\"2387\">Zgodno\u015b\u0107:<\/strong> Panel sterowania WiComm Pro klasa 2<\/p>\n<\/li>\n<li data-start=\"2423\" data-end=\"2477\">\n<p data-start=\"2425\" data-end=\"2477\"><strong data-start=\"2425\" data-end=\"2442\">Dost\u0119p zdalny:<\/strong> Tak, poprzez program konfiguracyjny<\/p>\n<\/li>\n<li data-start=\"2478\" data-end=\"2558\">\n<p data-start=\"2480\" data-end=\"2558\"><strong data-start=\"2480\" data-end=\"2499\">Funkcja kopii zapasowej:<\/strong> Mo\u017cna u\u017cywa\u0107 jako kopii zapasowej dla komunikacji IP lub PSTN<\/p>\n<\/li>\n<li data-start=\"2559\" data-end=\"2635\">\n<p data-start=\"2561\" data-end=\"2635\"><strong data-start=\"2561\" data-end=\"2578\">Instalacja:<\/strong> Wtyczka, \u0142atwa instalacja bezpo\u015brednio w panelu sterowania<\/p>\n<\/li>\n<li data-start=\"2636\" data-end=\"2681\">\n<p data-start=\"2638\" data-end=\"2681\"><strong data-start=\"2638\" data-end=\"2668\">Numer artyku\u0142u dostawcy:<\/strong> RW332IP0000A<\/p>\n<\/li>\n<\/ul>\n<p data-start=\"2683\" data-end=\"2939\">Modu\u0142 IP Risco WiComm Pro to niezawodny i elastyczny spos\u00f3b zarz\u0105dzania komunikacj\u0105 w systemie bezpiecze\u0144stwa. Dzi\u0119ki mo\u017cliwo\u015bci oferowania rozwi\u0105za\u0144 zdalnego dost\u0119pu i tworzenia kopii zapasowych jest doskona\u0142ym wyborem dla u\u017cytkownik\u00f3w poszukuj\u0105cych bezpiecznego i elastycznego rozwi\u0105zania.<\/p>\n<p><a href=\"https:\/\/www.riscogroup.com\/\" target=\"_blank\" rel=\"noopener\"><span style=\"text-decoration: underline\"><strong>Risco Group jest liderem w dziedzinie bezpiecze\u0144stwa bezprzewodowego - Tutaj mo\u017cesz przeczyta\u0107 wi\u0119cej o Risco\u00a0<\/strong><\/span><\/a><\/p>","protected":false},"excerpt":{"rendered":"<p data-start=\"138\" data-end=\"406\">Modu\u0142 IP Risco WiComm Pro to pod\u0142\u0105czany modu\u0142 komunikacyjny WiFi, kt\u00f3ry umo\u017cliwia komunikacj\u0119 poprzez sieci TCP\/IP.<\/p>\n<p data-start=\"138\" data-end=\"406\">Urz\u0105dzenie jest \u0142atwe w instalacji, \u0142\u0105czy si\u0119 bezpo\u015brednio z panelem sterowania WiComm Pro i pe\u0142ni funkcj\u0119 podstawowego lub zapasowego urz\u0105dzenia komunikacyjnego dla sieci IP lub PSTN.<\/p>","protected":false},"featured_media":145335,"template":"","meta":{"_acf_changed":false},"product_brand":[],"product_cat":[2731,4879],"product_tag":[2426],"class_list":{"0":"post-57373","1":"product","2":"type-product","3":"status-publish","4":"has-post-thumbnail","6":"product_cat-risco-larm","7":"product_cat-wicomm-pro","8":"product_tag-rel-risco","9":"product_shipping_class-postnord-varubrev","10":"pa_brands-4risco","11":"pa_risco-produkter-agility-4","12":"pa_wicomm-pro-kategorier-gsm-ip-moduler","13":"tm-no-options","15":"first","16":"instock","17":"featured","18":"taxable","19":"shipping-taxable","20":"purchasable","21":"product-type-simple"},"acf":[],"_links":{"self":[{"href":"https:\/\/secureus.se\/pl\/wp-json\/wp\/v2\/product\/57373","targetHints":{"allow":["GET"]}}],"collection":[{"href":"https:\/\/secureus.se\/pl\/wp-json\/wp\/v2\/product"}],"about":[{"href":"https:\/\/secureus.se\/pl\/wp-json\/wp\/v2\/types\/product"}],"wp:featuredmedia":[{"embeddable":true,"href":"https:\/\/secureus.se\/pl\/wp-json\/wp\/v2\/media\/145335"}],"wp:attachment":[{"href":"https:\/\/secureus.se\/pl\/wp-json\/wp\/v2\/media?parent=57373"}],"wp:term":[{"taxonomy":"product_brand","embeddable":true,"href":"https:\/\/secureus.se\/pl\/wp-json\/wp\/v2\/product_brand?post=57373"},{"taxonomy":"product_cat","embeddable":true,"href":"https:\/\/secureus.se\/pl\/wp-json\/wp\/v2\/product_cat?post=57373"},{"taxonomy":"product_tag","embeddable":true,"href":"https:\/\/secureus.se\/pl\/wp-json\/wp\/v2\/product_tag?post=57373"}],"curies":[{"name":"wp","href":"https:\/\/api.w.org\/{rel}","templated":true}]}}