{"id":57378,"date":"2022-03-10T15:13:00","date_gmt":"2022-03-10T14:13:00","guid":{"rendered":"https:\/\/secureus.se\/produkt\/msr100-usb-magnetlasare\/"},"modified":"2025-12-31T19:43:09","modified_gmt":"2025-12-31T18:43:09","slug":"rfid-lasare-msr100-usb-magnetlasare","status":"publish","type":"product","link":"https:\/\/secureus.se\/pl\/rfid-lasare-msr100-usb-magnetlasare\/","title":{"rendered":"Czytnik RFID Czytnik magnetyczny MSR100 USB"},"content":{"rendered":"<div class=\"tab-content\">\n<div id=\"Product-Description\" class=\"tab-pane product-description fade in active\">\n<p>Ten produkt ma obowi\u0105zkow\u0105 wysy\u0142k\u0119.<\/p>\n<p>Pod\u0142\u0105cz i u\u017cywaj czytnika kart magnetycznych USB<\/p>\n<p>Interfejs USB do bufora klawiatury, odczytuje wszystkie 3 \u015bcie\u017cki paska magnetycznego.<\/p>\n<p>ISO 7811, 12, 13 do odczytu typ\u00f3w kart kredytowych, kart podarunkowych, lojalno\u015bciowych i cz\u0142onkowskich kart magnetycznych. Mo\u017ce by\u0107 u\u017cywany mi\u0119dzy innymi do punkt\u00f3w sprzeda\u017cy, gromadzenia danych, kontroli dost\u0119pu.<\/p>\n<p>Wymiary (DxSxG) \u2013 100 x 34 x 30 mm.<\/p>\n<p>\u017bywotno\u015b\u0107 g\u0142owicy oko\u0142o 300 000 przej\u015b\u0107. Odczytanie potwierdzenia za pomoc\u0105 diody LED i sygna\u0142u d\u017awi\u0119kowego. Waga 108g.<\/p>\n<p>Do czytnika nie jest do\u0142\u0105czone \u017cadne oprogramowanie.<\/p>\n<\/div>\n<\/div>","protected":false},"excerpt":{"rendered":"<p>Ten produkt ma obowi\u0105zkow\u0105 wysy\u0142k\u0119.<\/p>\n<p>Pod\u0142\u0105cz i u\u017cywaj czytnika kart magnetycznych USB<\/p>\n<p>Interfejs USB do bufora klawiatury, odczytuje wszystkie 3 \u015bcie\u017cki paska magnetycznego.<\/p>\n<p>ISO 7811, 12, 13 do odczytu typ\u00f3w kart kredytowych, kart podarunkowych, lojalno\u015bciowych i cz\u0142onkowskich kart magnetycznych. Mo\u017ce by\u0107 u\u017cywany mi\u0119dzy innymi do punkt\u00f3w sprzeda\u017cy, gromadzenia danych, kontroli dost\u0119pu.<\/p>\n<p>Wymiary (DxSxG) \u2013 100 x 34 x 30 mm.<\/p>\n<p>\u017bywotno\u015b\u0107 g\u0142owicy oko\u0142o 300 000 przej\u015b\u0107. Odczytanie potwierdzenia za pomoc\u0105 diody LED i sygna\u0142u d\u017awi\u0119kowego. Waga 108g.<\/p>\n<p>Do czytnika nie jest do\u0142\u0105czone \u017cadne oprogramowanie.<\/p>","protected":false},"featured_media":145350,"template":"","meta":{"_acf_changed":false},"product_brand":[],"product_cat":[1743],"product_tag":[],"class_list":{"0":"post-57378","1":"product","2":"type-product","3":"status-publish","4":"has-post-thumbnail","6":"product_cat-rfid-lasare","7":"product_shipping_class-postnord-varubrev","8":"pa_brands-elatec","9":"tm-no-options","11":"first","12":"instock","13":"sale","14":"featured","15":"taxable","16":"shipping-taxable","17":"purchasable","18":"product-type-simple"},"acf":[],"_links":{"self":[{"href":"https:\/\/secureus.se\/pl\/wp-json\/wp\/v2\/product\/57378","targetHints":{"allow":["GET"]}}],"collection":[{"href":"https:\/\/secureus.se\/pl\/wp-json\/wp\/v2\/product"}],"about":[{"href":"https:\/\/secureus.se\/pl\/wp-json\/wp\/v2\/types\/product"}],"wp:featuredmedia":[{"embeddable":true,"href":"https:\/\/secureus.se\/pl\/wp-json\/wp\/v2\/media\/145350"}],"wp:attachment":[{"href":"https:\/\/secureus.se\/pl\/wp-json\/wp\/v2\/media?parent=57378"}],"wp:term":[{"taxonomy":"product_brand","embeddable":true,"href":"https:\/\/secureus.se\/pl\/wp-json\/wp\/v2\/product_brand?post=57378"},{"taxonomy":"product_cat","embeddable":true,"href":"https:\/\/secureus.se\/pl\/wp-json\/wp\/v2\/product_cat?post=57378"},{"taxonomy":"product_tag","embeddable":true,"href":"https:\/\/secureus.se\/pl\/wp-json\/wp\/v2\/product_tag?post=57378"}],"curies":[{"name":"wp","href":"https:\/\/api.w.org\/{rel}","templated":true}]}}