{"id":57388,"date":"2022-03-10T15:13:00","date_gmt":"2022-03-10T14:13:00","guid":{"rendered":"https:\/\/secureus.se\/produkt\/elatec-twn4-multitech-2-hf-13-56-mhz-mifare-programmerad-for-system-kod-endast-lasare-med-uid-chip-kod\/"},"modified":"2026-03-31T07:50:57","modified_gmt":"2026-03-31T05:50:57","slug":"rfid-lasare-elatec-twn4-multitech-2-hf-13-56-mhz-mifare-programmerad-for-system-kod-endast-lasare-med-uid-chip-kod","status":"publish","type":"product","link":"https:\/\/secureus.se\/pl\/rfid-lasare-elatec-twn4-multitech-2-hf-13-56-mhz-mifare-programmerad-for-system-kod-endast-lasare-med-uid-chip-kod\/","title":{"rendered":"Czytnik RFID Elatec TWN4 Multitech 2 HF (13,56 MHz Mifare)"},"content":{"rendered":"<p>Wysokiej jako\u015bci czytniki sto\u0142owe niemieckiej firmy Elatec, b\u0119d\u0105cej liderem technologii odczytu.<\/p>\n<p>Oto nasze wybrane modele elastycznych i popularnych modeli Elatech i wszystkie programujemy zgodnie z Twoimi \u017cyczeniami.<\/p>\n<p>Mo\u017cesz wybra\u0107 w ramach odpowiedniego produktu, je\u015bli chcesz zaprogramowa\u0107 np. ASSA ARX, Bewator, Aptus, Axema VAKA i wiele innych.<\/p>\n<p>Je\u015bli potrzebujesz innego wyj\u015bcia lub funkcji dla np. drukarki\/komputera, r\u00f3wnie\u017c w tym pomo\u017cemy.<\/p>\n<p>Czytniki te zast\u0119puj\u0105 dotychczasowe modele (TWN3) i s\u0105 wyborem dla wielu naszych klient\u00f3w.<\/p>\n<p>Je\u015bli potrzebujesz wi\u0119kszych ilo\u015bci lub kupujesz na bie\u017c\u0105co, mo\u017cemy przygotowa\u0107 dla Ciebie zapasy z mo\u017cliwo\u015bci\u0105 wysy\u0142ki.<\/p>\n<p>Mamy ni\u017csze ceny tych produkt\u00f3w, ni\u017c mo\u017cna si\u0119 spodziewa\u0107!<\/p>\n<p>TWN4 obs\u0142uguje nast\u0119puj\u0105ce elementy:<\/p>\n<p>Mifare 13,56 MHz \/ ISO14443A:<\/p>\n<p>Przeczytaj w arkuszu danych, z jakimi technikami wsp\u00f3\u0142pracuje czytnik.<\/p>","protected":false},"excerpt":{"rendered":"<p>Wysokiej jako\u015bci czytniki sto\u0142owe niemieckiej firmy Elatec, b\u0119d\u0105cej liderem technologii odczytu. Oto nasze wybrane modele elastycznych i popularnych modeli Elatech i wszystkie programujemy zgodnie z Twoimi \u017cyczeniami. Mo\u017cesz<\/p>","protected":false},"featured_media":145672,"template":"","meta":{"_acf_changed":false},"product_brand":[],"product_cat":[1743],"product_tag":[],"class_list":{"0":"post-57388","1":"product","2":"type-product","3":"status-publish","4":"has-post-thumbnail","6":"product_cat-rfid-lasare","7":"product_shipping_class-postnord-varubrev","8":"pa_access-lasare-mifare-mifare-mfd-aptus-9-siffror","9":"pa_access-lasare-mifare-mifare-mfr-axema-vaka-13-siffror","10":"pa_access-lasare-mifare-chippets-uid-kod","11":"pa_access-lasare-mifare-mifare-mfd-assa-10-siffror","12":"pa_access-lasare-mifare-mifare-rco-9-siffror","13":"pa_bordlasare-val-av-typ-mifare-teknik","14":"pa_brands-elatec","15":"pa_farg-2893","16":"pa_farg-2892","17":"pa_farg-nyckelband-2897","18":"tm-has-options","20":"first","21":"instock","22":"sale","23":"featured","24":"taxable","25":"shipping-taxable","26":"purchasable","27":"product-type-simple"},"acf":[],"_links":{"self":[{"href":"https:\/\/secureus.se\/pl\/wp-json\/wp\/v2\/product\/57388","targetHints":{"allow":["GET"]}}],"collection":[{"href":"https:\/\/secureus.se\/pl\/wp-json\/wp\/v2\/product"}],"about":[{"href":"https:\/\/secureus.se\/pl\/wp-json\/wp\/v2\/types\/product"}],"wp:featuredmedia":[{"embeddable":true,"href":"https:\/\/secureus.se\/pl\/wp-json\/wp\/v2\/media\/145672"}],"wp:attachment":[{"href":"https:\/\/secureus.se\/pl\/wp-json\/wp\/v2\/media?parent=57388"}],"wp:term":[{"taxonomy":"product_brand","embeddable":true,"href":"https:\/\/secureus.se\/pl\/wp-json\/wp\/v2\/product_brand?post=57388"},{"taxonomy":"product_cat","embeddable":true,"href":"https:\/\/secureus.se\/pl\/wp-json\/wp\/v2\/product_cat?post=57388"},{"taxonomy":"product_tag","embeddable":true,"href":"https:\/\/secureus.se\/pl\/wp-json\/wp\/v2\/product_tag?post=57388"}],"curies":[{"name":"wp","href":"https:\/\/api.w.org\/{rel}","templated":true}]}}