{"id":57394,"date":"2022-03-10T15:13:00","date_gmt":"2022-03-10T14:13:00","guid":{"rendered":"https:\/\/secureus.se\/produkt\/elatec-twn4-multitech-kombi-programmerad-for-system-kod-endast-lasare-med-uid-chipkod\/"},"modified":"2026-04-28T09:40:45","modified_gmt":"2026-04-28T07:40:45","slug":"rfid-lasare-elatec-twn4-multitech-kombi-programmerad-for-system-kod-endast-lasare-med-uid-chipkod","status":"publish","type":"product","link":"https:\/\/secureus.se\/pl\/rfid-lasare-elatec-twn4-multitech-kombi-programmerad-for-system-kod-endast-lasare-med-uid-chipkod\/","title":{"rendered":"Czytnik RFID Elatec TWN4 Multitech Combi LF + HF + NFC"},"content":{"rendered":"<p>Oto nasze wybrane modele elastycznych i popularnych modeli Elatech i wszystkie programujemy zgodnie z Twoimi \u017cyczeniami.<\/p>\n<p>Je\u015bli potrzebujesz innego wyj\u015bcia lub funkcji dla np. drukarki\/komputera, r\u00f3wnie\u017c w tym pomo\u017cemy.<\/p>\n<p>Czytniki te zast\u0119puj\u0105 dotychczasowe modele (TWN3) i s\u0105 wyborem dla wielu naszych klient\u00f3w.<\/p>\n<p>Je\u015bli potrzebujesz wi\u0119kszych ilo\u015bci lub kupujesz na bie\u017c\u0105co, mo\u017cemy przygotowa\u0107 dla Ciebie zapasy z mo\u017cliwo\u015bci\u0105 wysy\u0142ki.<\/p>\n<p>Mamy ni\u017csze ceny tych produkt\u00f3w, ni\u017c mo\u017cna si\u0119 spodziewa\u0107!<\/p>\n<p>TWN4 obs\u0142uguje nast\u0119puj\u0105ce elementy:<\/p>\n<p>125 kHz \/ 134,2 kHz<\/p>\n<p>13,56 MHz \/ ISO14443A<\/p>\n<p>Przeczytaj w arkuszu danych, jakie techniki obs\u0142uguje czytnik.<\/p>","protected":false},"excerpt":{"rendered":"<p><span class=\"ui-provider a b c d e f g h i j k l m n o p q r s t u v w x y z ab ac ae af ag ah ai aj ak\" dir=\"ltr\">Czytnik kombinowany obs\u0142uguj\u0105cy zar\u00f3wno EM + Mifare + NFC.<\/span><\/p>","protected":false},"featured_media":145344,"template":"","meta":{"_acf_changed":false},"product_brand":[],"product_cat":[1743],"product_tag":[],"class_list":{"0":"post-57394","1":"product","2":"type-product","3":"status-publish","4":"has-post-thumbnail","6":"product_cat-rfid-lasare","7":"product_shipping_class-postnord-varubrev","8":"pa_access-lasare-chippets-uid-kod","9":"pa_access-lasare-em-kod-aptus","10":"pa_access-lasare-em-kod-rco","11":"pa_access-lasare-em-kod-assa-arx","12":"pa_access-lasare-em-kod-axema-10-siffror","13":"pa_access-lasare-em-kod-axema-vaka-13-siffror","14":"pa_access-lasare-em-kod-bewator-vanderbilt-13-siffror","15":"pa_access-lasare-em-kod-bewator-vanderbilt-8-siffror","16":"pa_access-lasare-mifare-mifare-mfd-aptus-9-siffror","17":"pa_access-lasare-mifare-mifare-mfr-axema-vaka-13-siffror","18":"pa_access-lasare-mifare-chippets-uid-kod","19":"pa_access-lasare-mifare-mifare-mfd-assa-10-siffror","20":"pa_access-lasare-mifare-mifare-rco-9-siffror","21":"pa_bordlasare-val-av-typ-em-teknik","22":"pa_bordlasare-val-av-typ-kombi-emmifare","23":"pa_bordlasare-val-av-typ-mifare-teknik","24":"pa_bordlasare-val-av-typ-multilasare","25":"pa_brands-elatec","26":"pa_holes-chippets-uid-kod","27":"tm-has-options","29":"first","30":"instock","31":"sale","32":"featured","33":"taxable","34":"shipping-taxable","35":"purchasable","36":"product-type-simple"},"acf":[],"_links":{"self":[{"href":"https:\/\/secureus.se\/pl\/wp-json\/wp\/v2\/product\/57394","targetHints":{"allow":["GET"]}}],"collection":[{"href":"https:\/\/secureus.se\/pl\/wp-json\/wp\/v2\/product"}],"about":[{"href":"https:\/\/secureus.se\/pl\/wp-json\/wp\/v2\/types\/product"}],"wp:featuredmedia":[{"embeddable":true,"href":"https:\/\/secureus.se\/pl\/wp-json\/wp\/v2\/media\/145344"}],"wp:attachment":[{"href":"https:\/\/secureus.se\/pl\/wp-json\/wp\/v2\/media?parent=57394"}],"wp:term":[{"taxonomy":"product_brand","embeddable":true,"href":"https:\/\/secureus.se\/pl\/wp-json\/wp\/v2\/product_brand?post=57394"},{"taxonomy":"product_cat","embeddable":true,"href":"https:\/\/secureus.se\/pl\/wp-json\/wp\/v2\/product_cat?post=57394"},{"taxonomy":"product_tag","embeddable":true,"href":"https:\/\/secureus.se\/pl\/wp-json\/wp\/v2\/product_tag?post=57394"}],"curies":[{"name":"wp","href":"https:\/\/api.w.org\/{rel}","templated":true}]}}