{"id":57479,"date":"2022-03-10T14:57:00","date_gmt":"2022-03-10T13:57:00","guid":{"rendered":"https:\/\/secureus.se\/produkt\/2-way-i-o-and-x-10-wireless-expander\/"},"modified":"2025-12-31T19:36:32","modified_gmt":"2025-12-31T18:36:32","slug":"risco-2-way-i-o-och-x-10-tradlos-expander","status":"publish","type":"product","link":"https:\/\/secureus.se\/pl\/risco-2-way-i-o-och-x-10-tradlos-expander\/","title":{"rendered":"Dwukierunkowy ekspander wej\u015bcia\/wyj\u015bcia Risco i X-10 Wireless Expander \u2013 Wicomm PRO, Agility"},"content":{"rendered":"<h1>Dwukierunkowy modu\u0142 we\/wy Risco i bezprzewodowy ekspander X-10<\/h1>\n<p data-start=\"449\" data-end=\"918\">Modu\u0142 Risco 2-Way I\/O i X-10 Wireless Expander (mod. RW132I04000A) to modu\u0142 automatyki domowej umo\u017cliwiaj\u0105cy u\u017cytkownikom rozbudow\u0119 i dostosowanie system\u00f3w bezpiecze\u0144stwa Agility\u2122 do obs\u0142ugi nowych trend\u00f3w i rozwi\u0105za\u0144 w zakresie bezpiecze\u0144stwa.<\/p>\n<p data-start=\"449\" data-end=\"918\">Poprzez pod\u0142\u0105czenie urz\u0105dze\u0144 stacjonarnych do systemu modu\u0142 mo\u017ce zwi\u0119kszy\u0107 elastyczno\u015b\u0107 i przygotowa\u0107 si\u0119 na przysz\u0142\u0105 rozbudow\u0119, umo\u017cliwiaj\u0105c ewolucj\u0119 systemu i dostosowywanie si\u0119 do zmieniaj\u0105cych si\u0119 potrzeb rynku, niezale\u017cnie od pierwotnej instalacji.<\/p>\n<p data-start=\"920\" data-end=\"1286\">Bezprzewodowy modu\u0142 automatyki domowej obs\u0142uguje do 4 przewodowych stref i 4 wyj\u015b\u0107, daj\u0105c u\u017cytkownikom mo\u017cliwo\u015b\u0107 integracji i sterowania wieloma urz\u0105dzeniami w ramach swojego systemu bezpiecze\u0144stwa.<\/p>\n<p data-start=\"920\" data-end=\"1286\">Ponadto obs\u0142uguje do 16 urz\u0105dze\u0144 X10, umo\u017cliwiaj\u0105c u\u017cytkownikowi sterowanie sprz\u0119tami gospodarstwa domowego, takimi jak o\u015bwietlenie, bramy gara\u017cowe, zraszacze ogrodowe i inne urz\u0105dzenia automatyki domowej.<\/p>\n<p data-start=\"1288\" data-end=\"1613\">Modu\u0142 dostarczany jest w komplecie z zasilaczem PSU (Power Adapter) do zasilania urz\u0105dzenia oraz 3 akumulatorami AA, kt\u00f3re zapewniaj\u0105 bezpieczn\u0105 i d\u0142ugotrwa\u0142\u0105 prac\u0119, gdy potrzebne jest zasilanie awaryjne.<\/p>\n<p data-start=\"1288\" data-end=\"1613\">Rozwi\u0105zanie X-10 Expander for Agility\u2122 to proste rozwi\u0105zanie umo\u017cliwiaj\u0105ce integracj\u0119 i sterowanie urz\u0105dzeniami za po\u015brednictwem systemu bez konieczno\u015bci dodawania dodatkowego sprz\u0119tu lub okablowania.<\/p>\n<p data-start=\"1615\" data-end=\"1645\"><strong data-start=\"1615\" data-end=\"1643\">G\u0142\u00f3wne cechy:<\/strong><\/p>\n<ul data-start=\"1646\" data-end=\"2262\">\n<li data-start=\"1646\" data-end=\"1730\">\n<p data-start=\"1648\" data-end=\"1730\"><strong data-start=\"1648\" data-end=\"1674\">Bezprzewodowa automatyka domowa:<\/strong> Obs\u0142uguje do 4 przewodowych stref i 4 wyj\u015b\u0107<\/p>\n<\/li>\n<li data-start=\"1731\" data-end=\"1826\">\n<p data-start=\"1733\" data-end=\"1826\"><strong data-start=\"1733\" data-end=\"1761\">Sterowanie urz\u0105dzeniami X10:<\/strong> Steruje maksymalnie 16 urz\u0105dzeniami X10, np. o\u015bwietlenie i bramy gara\u017cowe<\/p>\n<\/li>\n<li data-start=\"1827\" data-end=\"1956\">\n<p data-start=\"1829\" data-end=\"1956\"><strong data-start=\"1829\" data-end=\"1846\">Elastyczno\u015b\u0107:<\/strong> Umo\u017cliwia dostosowanie i rozbudow\u0119 systemu Agility\u2122 w celu spe\u0142nienia nowych potrzeb i trend\u00f3w technologicznych<\/p>\n<\/li>\n<li data-start=\"1957\" data-end=\"2075\">\n<p data-start=\"1959\" data-end=\"2075\"><strong data-start=\"1959\" data-end=\"1982\">\u0141atwa instalacja:<\/strong> Obs\u0142uga przewodowego pod\u0142\u0105czenia urz\u0105dze\u0144 stacjonarnych, a tak\u017ce \u0142atwa integracja poprzez komunikacj\u0119 bezprzewodow\u0105<\/p>\n<\/li>\n<li data-start=\"2076\" data-end=\"2166\">\n<p data-start=\"2078\" data-end=\"2166\"><strong data-start=\"2078\" data-end=\"2113\">Zasilacz i bateria zapasowa:<\/strong> Zawiera zasilacz i 3 akumulatory AA<\/p>\n<\/li>\n<li data-start=\"2167\" data-end=\"2262\">\n<p data-start=\"2169\" data-end=\"2262\"><strong data-start=\"2169\" data-end=\"2188\">Zgodno\u015b\u0107:<\/strong> Wsp\u00f3\u0142pracuje z systemem Risco Agility\u2122, zapewniaj\u0105c wi\u0119ksz\u0105 funkcjonalno\u015b\u0107 i kontrol\u0119<\/p>\n<\/li>\n<\/ul>\n<p data-start=\"2264\" data-end=\"2295\"><strong data-start=\"2264\" data-end=\"2293\">Dane techniczne:<\/strong><\/p>\n<ul data-start=\"2296\" data-end=\"2712\">\n<li data-start=\"2296\" data-end=\"2340\">\n<p data-start=\"2298\" data-end=\"2340\"><strong data-start=\"2298\" data-end=\"2317\">Liczba wej\u015b\u0107:<\/strong> 4 strefy przewodowe<\/p>\n<\/li>\n<li data-start=\"2341\" data-end=\"2417\">\n<p data-start=\"2343\" data-end=\"2417\"><strong data-start=\"2343\" data-end=\"2362\">Liczba wyj\u015b\u0107:<\/strong> 2 wyj\u015bcia przeka\u017anikowe (klasa 1A), 2 wyj\u015bcia typu Open Collector<\/p>\n<\/li>\n<li data-start=\"2418\" data-end=\"2506\">\n<p data-start=\"2420\" data-end=\"2506\"><strong data-start=\"2420\" data-end=\"2433\">Obs\u0142uga X10:<\/strong> Steruje maksymalnie 16 urz\u0105dzeniami X10 (o\u015bwietlenie, brama gara\u017cowa, zraszacze itp.)<\/p>\n<\/li>\n<li data-start=\"2507\" data-end=\"2572\">\n<p data-start=\"2509\" data-end=\"2572\"><strong data-start=\"2509\" data-end=\"2530\">Zasilanie:<\/strong> Zasilacz i 3 akumulatory AA<\/p>\n<\/li>\n<li data-start=\"2573\" data-end=\"2662\">\n<p data-start=\"2575\" data-end=\"2662\"><strong data-start=\"2575\" data-end=\"2592\">Znajomo\u015bci:<\/strong> 4 x po\u0142\u0105czenia kablowe, 1 x port X10 do pod\u0142\u0105czenia do nadajnika X10<\/p>\n<\/li>\n<li data-start=\"2663\" data-end=\"2712\">\n<p data-start=\"2665\" data-end=\"2712\"><strong data-start=\"2665\" data-end=\"2697\">Numer artyku\u0142u dostawcy:<\/strong> RW132I04000A<\/p>\n<\/li>\n<\/ul>\n<p data-start=\"2714\" data-end=\"2967\">Modu\u0142 Risco 2-Way I\/O i bezprzewodowy ekspander X-10 to praktyczne rozwi\u0105zanie pozwalaj\u0105ce na efektywn\u0105 rozbudow\u0119 i dostosowanie systemu Agility\u2122 do potrzeb nowoczesnej automatyki domowej. Dzi\u0119ki niemu u\u017cytkownicy mog\u0105 sterowa\u0107 urz\u0105dzeniami i sprz\u0119tami bezpo\u015brednio z poziomu systemu bezpiecze\u0144stwa.<\/p>","protected":false},"excerpt":{"rendered":"<p data-start=\"136\" data-end=\"415\">Bezprzewodowy ekspander Risco 2-way I\/O i X-10 do systemu Agility\u2122 umo\u017cliwia pod\u0142\u0105czenie urz\u0105dze\u0144 stacjonarnych i rozwi\u0105za\u0144 automatyki domowej.<\/p>\n<p data-start=\"136\" data-end=\"415\">Obs\u0142uguje 4 wej\u015bcia, 4 wyj\u015bcia i steruje maksymalnie 16 urz\u0105dzeniami X10, na przyk\u0142ad o\u015bwietleniem, bramami gara\u017cowymi lub zraszaczami ogrodowymi.<\/p>","protected":false},"featured_media":145456,"template":"","meta":{"_acf_changed":false},"product_brand":[],"product_cat":[2731,4882,4671,4879],"product_tag":[],"class_list":{"0":"post-57479","1":"product","2":"type-product","3":"status-publish","4":"has-post-thumbnail","6":"product_cat-risco-larm","7":"product_cat-agility-v4-3-2","8":"product_cat-signalforstarkare","9":"product_cat-wicomm-pro","10":"product_shipping_class-postnord-varubrev","11":"pa_brands-4risco","12":"pa_risco-produkter-agility-4","13":"tm-no-options","15":"first","16":"instock","17":"sale","18":"featured","19":"taxable","20":"shipping-taxable","21":"purchasable","22":"product-type-simple"},"acf":[],"_links":{"self":[{"href":"https:\/\/secureus.se\/pl\/wp-json\/wp\/v2\/product\/57479","targetHints":{"allow":["GET"]}}],"collection":[{"href":"https:\/\/secureus.se\/pl\/wp-json\/wp\/v2\/product"}],"about":[{"href":"https:\/\/secureus.se\/pl\/wp-json\/wp\/v2\/types\/product"}],"wp:featuredmedia":[{"embeddable":true,"href":"https:\/\/secureus.se\/pl\/wp-json\/wp\/v2\/media\/145456"}],"wp:attachment":[{"href":"https:\/\/secureus.se\/pl\/wp-json\/wp\/v2\/media?parent=57479"}],"wp:term":[{"taxonomy":"product_brand","embeddable":true,"href":"https:\/\/secureus.se\/pl\/wp-json\/wp\/v2\/product_brand?post=57479"},{"taxonomy":"product_cat","embeddable":true,"href":"https:\/\/secureus.se\/pl\/wp-json\/wp\/v2\/product_cat?post=57479"},{"taxonomy":"product_tag","embeddable":true,"href":"https:\/\/secureus.se\/pl\/wp-json\/wp\/v2\/product_tag?post=57479"}],"curies":[{"name":"wp","href":"https:\/\/api.w.org\/{rel}","templated":true}]}}