{"id":57480,"date":"2022-03-10T14:57:00","date_gmt":"2022-03-10T13:57:00","guid":{"rendered":"https:\/\/secureus.se\/produkt\/vibrationsdetektor-tradlos-agililty3-4-och-wicomm-pro\/"},"modified":"2025-12-31T19:42:31","modified_gmt":"2025-12-31T18:42:31","slug":"risco-vibrationsdetektor-1-vags","status":"publish","type":"product","link":"https:\/\/secureus.se\/pl\/risco-vibrationsdetektor-1-vags\/","title":{"rendered":"Detektor drga\u0144 Risco 1-dro\u017cny"},"content":{"rendered":"<h1>Detektor drga\u0144 Risco 1-dro\u017cny<\/h1>\n<p data-start=\"435\" data-end=\"949\">Detektor wibracji Risco 1-kierunkowy WiComm Pro Agility to zaawansowany bezprzewodowy detektor wstrz\u0105s\u00f3w, kt\u00f3ry zapewnia wysoki poziom bezpiecze\u0144stwa w chronionych obszarach wewn\u0119trznych i zewn\u0119trznych.<\/p>\n<p data-start=\"435\" data-end=\"949\">Urz\u0105dzenie s\u0142u\u017cy do wykrywania wibracji powstaj\u0105cych podczas pr\u00f3by sforsowania, rozbicia, wiercenia lub pi\u0142owania okien, drzwi, \u015bcian lub sufit\u00f3w, nawet je\u015bli intruz znajduje si\u0119 na zewn\u0105trz.<\/p>\n<p data-start=\"435\" data-end=\"949\">Dzi\u0119ki temu jest to skuteczne rozwi\u0105zanie w zakresie ochrony obwodowej i jest szczeg\u00f3lnie przydatne w zapobieganiu w\u0142amaniom zanim zostan\u0105 naruszone fizyczne bariery.<\/p>\n<p data-start=\"951\" data-end=\"1355\">Detektor ten jest wyposa\u017cony w cyfrowy mikroprocesor i inteligentny system przetwarzania sygna\u0142u cyfrowego, co umo\u017cliwia dok\u0142adn\u0105 analiz\u0119 i rejestrowanie drga\u0144.<\/p>\n<p data-start=\"951\" data-end=\"1355\">Regulowana czu\u0142o\u015b\u0107 pozwala u\u017cytkownikowi dostosowa\u0107 poziom reakcji detektora do r\u00f3\u017cnych warunk\u00f3w i potrzeb.<\/p>\n<p data-start=\"951\" data-end=\"1355\">Posiada tr\u00f3jkolorowy wska\u017anik LED, kt\u00f3ry u\u0142atwia kalibracj\u0119 i zapewnia przejrzyste informacje o czu\u0142o\u015bci detektora.<\/p>\n<p data-start=\"1357\" data-end=\"1617\">Czujka jest w pe\u0142ni nadzorowana, co oznacza, \u017ce zawsze sprawdzane s\u0105 pr\u00f3by manipulacji, napi\u0119cie baterii i komunikacja.<\/p>\n<p data-start=\"1357\" data-end=\"1617\">Dzi\u0119ki zasi\u0119gowi do 300 metr\u00f3w (LOS) i d\u0142ugiej \u017cywotno\u015bci baterii, wynosz\u0105cej oko\u0142o 3 lata, jest to niezawodny element systemu bezpiecze\u0144stwa Risco.<\/p>\n<p data-start=\"1619\" data-end=\"1932\">Funkcje takie jak wykrywanie atak\u00f3w zgrubnych i zamkni\u0119ty bimorficzny czujnik piezoelektryczny sprawiaj\u0105, \u017ce ten detektor wibracji doskonale nadaje si\u0119 do radzenia sobie z potencjalnymi zagro\u017ceniami bezpiecze\u0144stwa.<\/p>\n<p data-start=\"1619\" data-end=\"1932\">Jest on r\u00f3wnie\u017c kompatybilny z systemami Agility\u2122, WisDom, ProSYS\u2122, LightSYS\u2122 i Nova firmy Risco, dzi\u0119ki czemu stanowi niezwykle elastyczne rozwi\u0105zanie spe\u0142niaj\u0105ce r\u00f3\u017cne potrzeby w zakresie bezpiecze\u0144stwa.<\/p>\n<p>&nbsp;<\/p>\n<p><iframe title=\"Wicomm Smart Hub USA\" width=\"1170\" height=\"658\" src=\"https:\/\/www.youtube.com\/embed\/5PHoH2dRjEs?feature=oembed\" frameborder=\"0\" allow=\"accelerometer; autoplay; clipboard-write; encrypted-media; gyroscope; picture-in-picture; web-share\" referrerpolicy=\"strict-origin-when-cross-origin\" allowfullscreen><\/iframe><\/p>","protected":false},"excerpt":{"rendered":"<p>Bezprzewodowy czujnik wibracji dla Risco Agility i WiComm Pro, zaprojektowany do wykrywania pr\u00f3b w\u0142amania poprzez wykrywanie wibracji powstaj\u0105cych w wyniku pr\u00f3b si\u0142owych, kruszenia, wiercenia lub pi\u0142owania.<\/p>\n<p>Przystosowane do ochrony wewn\u0105trz i na zewn\u0105trz budynk\u00f3w.<\/p>","protected":false},"featured_media":145396,"template":"","meta":{"_acf_changed":false},"product_brand":[],"product_cat":[3188,2731],"product_tag":[3152],"class_list":{"0":"post-57480","1":"product","2":"type-product","3":"status-publish","4":"has-post-thumbnail","6":"product_cat-larmenheter-risco-larm","7":"product_cat-risco-larm","8":"product_tag-cr123-tillbehor","9":"product_shipping_class-postnord-varubrev","10":"pa_brands-4risco","11":"pa_risco-produkter-agility-3","12":"pa_risco-produkter-agility-4","13":"pa_wicomm-pro-kategorier-vibrationdetektorer","14":"tm-no-options","16":"first","17":"instock","18":"sale","19":"featured","20":"taxable","21":"shipping-taxable","22":"purchasable","23":"product-type-simple"},"acf":[],"_links":{"self":[{"href":"https:\/\/secureus.se\/pl\/wp-json\/wp\/v2\/product\/57480","targetHints":{"allow":["GET"]}}],"collection":[{"href":"https:\/\/secureus.se\/pl\/wp-json\/wp\/v2\/product"}],"about":[{"href":"https:\/\/secureus.se\/pl\/wp-json\/wp\/v2\/types\/product"}],"wp:featuredmedia":[{"embeddable":true,"href":"https:\/\/secureus.se\/pl\/wp-json\/wp\/v2\/media\/145396"}],"wp:attachment":[{"href":"https:\/\/secureus.se\/pl\/wp-json\/wp\/v2\/media?parent=57480"}],"wp:term":[{"taxonomy":"product_brand","embeddable":true,"href":"https:\/\/secureus.se\/pl\/wp-json\/wp\/v2\/product_brand?post=57480"},{"taxonomy":"product_cat","embeddable":true,"href":"https:\/\/secureus.se\/pl\/wp-json\/wp\/v2\/product_cat?post=57480"},{"taxonomy":"product_tag","embeddable":true,"href":"https:\/\/secureus.se\/pl\/wp-json\/wp\/v2\/product_tag?post=57480"}],"curies":[{"name":"wp","href":"https:\/\/api.w.org\/{rel}","templated":true}]}}