{"id":57482,"date":"2022-03-10T14:57:00","date_gmt":"2022-03-10T13:57:00","guid":{"rendered":"https:\/\/secureus.se\/produkt\/2-vags-tradlos-dual-tech-am-inom-utomhus-ridadetektor-agililty4-och-wicomm-pro\/"},"modified":"2026-01-06T20:42:19","modified_gmt":"2026-01-06T19:42:19","slug":"risco-ridadetektor-2-vags-utomhus","status":"publish","type":"product","link":"https:\/\/secureus.se\/pl\/risco-ridadetektor-2-vags-utomhus\/","title":{"rendered":"Detektor kurtynowy Risco 2-dro\u017cny \u2013 zewn\u0119trzny"},"content":{"rendered":"<div>\n<h1>Detektor kurtynowy Risco 2-dro\u017cny \u2013 zewn\u0119trzny<\/h1>\n<p data-start=\"413\" data-end=\"936\">Czujka kurtynowa Risco z dwukierunkowym WiComm Pro Agility4 to najlepszy wyb\u00f3r w zakresie bezpiecze\u0144stwa zewn\u0119trznego.<\/p>\n<p data-start=\"413\" data-end=\"936\">Ten bezprzewodowy czujnik kurtynowy zosta\u0142 zaprojektowany tak, aby stanowi\u0107 pierwsz\u0105 lini\u0119 obrony w systemie bezpiecze\u0144stwa. Mo\u017cna go szybko i \u0142atwo zainstalowa\u0107, a tak\u017ce ma elastyczne mo\u017cliwo\u015bci monta\u017cu i konfiguracji.<\/p>\n<p data-start=\"413\" data-end=\"936\">Zaawansowana technologia mikrofalowa i dwukierunkowa komunikacja radiowa zapewniaj\u0105 doskona\u0142y zasi\u0119g i bezpiecze\u0144stwo na du\u017cych obszarach, natomiast funkcja aktywnego antymaskingu zabezpiecza przed wszelkimi pr\u00f3bami zak\u0142\u00f3cenia odbioru sygna\u0142u przez detektor.<\/p>\n<p data-start=\"938\" data-end=\"1305\">Cztery regulowane poziomy czu\u0142o\u015bci i w\u0105ska wi\u0105zka minimalizuj\u0105 ryzyko fa\u0142szywych alarm\u00f3w, dzi\u0119ki czemu mo\u017cesz cieszy\u0107 si\u0119 dok\u0142adnie tak\u0105 ochron\u0105, jakiej potrzebujesz, bez zb\u0119dnych zak\u0142\u00f3ce\u0144.<\/p>\n<p data-start=\"938\" data-end=\"1305\">Idealnie nadaje si\u0119 do monta\u017cu w stosach o wysoko\u015bci do 3,0 metr\u00f3w i mo\u017ce by\u0107 montowany zar\u00f3wno po lewej, jak i prawej stronie chronionego obszaru, co zapewnia elastyczno\u015b\u0107 w wyborze opcji instalacji.<\/p>\n<p data-start=\"1307\" data-end=\"1526\">Aby zwi\u0119kszy\u0107 \u0142atwo\u015b\u0107 u\u017cytkowania, detektor wyposa\u017cono w prosty proces wymiany baterii oraz funkcje zdalnej konfiguracji i diagnostyki, dzi\u0119ki czemu serwis i konserwacja s\u0105 bardziej wydajne, a potrzeba niepotrzebnych wizyt serwisowych maleje.<\/p>\n<p><iframe title=\"Wicomm Smart Hub USA\" width=\"1170\" height=\"658\" src=\"https:\/\/www.youtube.com\/embed\/5PHoH2dRjEs?feature=oembed\" frameborder=\"0\" allow=\"accelerometer; autoplay; clipboard-write; encrypted-media; gyroscope; picture-in-picture; web-share\" referrerpolicy=\"strict-origin-when-cross-origin\" allowfullscreen><\/iframe><\/p>\n<\/div>","protected":false},"excerpt":{"rendered":"<p>Bezprzewodowy zewn\u0119trzny czujnik kurtynowy WiComm Pro Agility4 oferuje niezr\u00f3wnane bezpiecze\u0144stwo dzi\u0119ki podw\u00f3jnej technologii, aktywnemu antymaskingowi IR i regulowanej czu\u0142o\u015bci.<\/p>\n<p>Idealny do du\u017cych powierzchni i elastyczny monta\u017c.<\/p>","protected":false},"featured_media":158857,"template":"","meta":{"_acf_changed":false},"product_brand":[],"product_cat":[2731,3188,3191],"product_tag":[],"class_list":{"0":"post-57482","1":"product","2":"type-product","3":"status-publish","4":"has-post-thumbnail","6":"product_cat-risco-larm","7":"product_cat-larmenheter-risco-larm","8":"product_cat-utomhusdetektorer","9":"product_shipping_class-postnord-varubrev","10":"pa_risco-produkter-agility-4","11":"pa_wicomm-pro-kategorier-ridadetektor","12":"tm-no-options","14":"first","15":"outofstock","16":"sale","17":"featured","18":"taxable","19":"shipping-taxable","20":"purchasable","21":"product-type-simple"},"acf":[],"_links":{"self":[{"href":"https:\/\/secureus.se\/pl\/wp-json\/wp\/v2\/product\/57482","targetHints":{"allow":["GET"]}}],"collection":[{"href":"https:\/\/secureus.se\/pl\/wp-json\/wp\/v2\/product"}],"about":[{"href":"https:\/\/secureus.se\/pl\/wp-json\/wp\/v2\/types\/product"}],"wp:featuredmedia":[{"embeddable":true,"href":"https:\/\/secureus.se\/pl\/wp-json\/wp\/v2\/media\/158857"}],"wp:attachment":[{"href":"https:\/\/secureus.se\/pl\/wp-json\/wp\/v2\/media?parent=57482"}],"wp:term":[{"taxonomy":"product_brand","embeddable":true,"href":"https:\/\/secureus.se\/pl\/wp-json\/wp\/v2\/product_brand?post=57482"},{"taxonomy":"product_cat","embeddable":true,"href":"https:\/\/secureus.se\/pl\/wp-json\/wp\/v2\/product_cat?post=57482"},{"taxonomy":"product_tag","embeddable":true,"href":"https:\/\/secureus.se\/pl\/wp-json\/wp\/v2\/product_tag?post=57482"}],"curies":[{"name":"wp","href":"https:\/\/api.w.org\/{rel}","templated":true}]}}