{"id":57483,"date":"2022-03-10T14:57:00","date_gmt":"2022-03-10T13:57:00","guid":{"rendered":"https:\/\/secureus.se\/produkt\/agility-4-centralenhet-rmv132v-gsm-tal\/"},"modified":"2025-12-31T19:36:37","modified_gmt":"2025-12-31T18:36:37","slug":"risco-centralenhet-agililty4-utgar","status":"publish","type":"product","link":"https:\/\/secureus.se\/pl\/risco-centralenhet-agililty4-utgar\/","title":{"rendered":"Jednostka centralna Risco Agililty4 - WYCOFANA"},"content":{"rendered":"<h1>Jednostka centralna Risco Agililty4 - WYCOFANA<\/h1>\n<p data-start=\"502\" data-end=\"836\">Risco Agility4 (mod. RMV132V) to zaawansowany i modu\u0142owy bezprzewodowy system bezpiecze\u0144stwa, kt\u00f3ry oferuje kompleksow\u0105 ochron\u0119 obiekt\u00f3w mieszkalnych i komercyjnych.<\/p>\n<p data-start=\"502\" data-end=\"836\">Dzi\u0119ki nowoczesnemu i eleganckiemu wzornictwu Agility4 zapewnia solidn\u0105 ochron\u0119 przed w\u0142amaniami, po\u017carem i innymi zagro\u017ceniami bezpiecze\u0144stwa. Mo\u017cna go dostosowa\u0107 do indywidualnych potrzeb.<\/p>\n<p data-start=\"838\" data-end=\"1215\">System zapewnia ochron\u0119 zar\u00f3wno zewn\u0119trzn\u0105, jak i wewn\u0119trzn\u0105, dzi\u0119ki czemu idealnie nadaje si\u0119 do ochrony wszystkich cz\u0119\u015bci budynku.<\/p>\n<p data-start=\"838\" data-end=\"1215\">Agility4 oferuje r\u00f3wnie\u017c bezprzewodow\u0105 weryfikacj\u0119 wizualn\u0105, stanowi\u0105c interaktywne i zautomatyzowane rozwi\u0105zanie w zakresie bezpiecze\u0144stwa.<\/p>\n<p data-start=\"838\" data-end=\"1215\">Dzi\u0119ki temu u\u017cytkownicy mog\u0105 otrzymywa\u0107 weryfikacj\u0119 wideo zdarze\u0144 w czasie rzeczywistym, co zwi\u0119ksza bezpiecze\u0144stwo i zmniejsza ryzyko fa\u0142szywych alarm\u00f3w.<\/p>\n<p data-start=\"1217\" data-end=\"1513\">Jedn\u0105 z najbardziej przydatnych funkcji Agility4 jest wbudowany czytnik tag\u00f3w, dzi\u0119ki kt\u00f3remu nie musisz pami\u0119ta\u0107 kod\u00f3w, aby uzbroi\u0107 lub rozbroi\u0107 alarm.<\/p>\n<p data-start=\"1217\" data-end=\"1513\">Czytnik tag\u00f3w pozwala na szybk\u0105 i \u0142atw\u0105 kontrol\u0119 systemu, zwi\u0119kszaj\u0105c jednocze\u015bnie przyjazno\u015b\u0107 dla u\u017cytkownika i bezpiecze\u0144stwo.<\/p>\n<p data-start=\"1515\" data-end=\"1755\">Agility4 to elastyczny system, kt\u00f3ry mo\u017cna dostosowywa\u0107 i rozszerza\u0107 zale\u017cnie od potrzeb. Niezale\u017cnie od tego, czy chcesz doda\u0107 wi\u0119cej czujnik\u00f3w, kamer lub innych element\u00f3w systemu bezpiecze\u0144stwa, mo\u017cesz \u0142atwo uaktualni\u0107 go tak, aby spe\u0142nia\u0142 zmieniaj\u0105ce si\u0119 z czasem wymagania bezpiecze\u0144stwa.<\/p>\n<p data-start=\"1757\" data-end=\"1787\"><strong data-start=\"1757\" data-end=\"1785\">G\u0142\u00f3wne cechy:<\/strong><\/p>\n<ul data-start=\"1788\" data-end=\"2322\">\n<li data-start=\"1788\" data-end=\"1844\">\n<p data-start=\"1790\" data-end=\"1844\"><strong data-start=\"1790\" data-end=\"1815\">System modu\u0142owy:<\/strong> \u0141atwe dostosowywanie i rozszerzanie<\/p>\n<\/li>\n<li data-start=\"1845\" data-end=\"1901\">\n<p data-start=\"1847\" data-end=\"1901\"><strong data-start=\"1847\" data-end=\"1870\">Bezprzewodowe i inteligentne:<\/strong> \u0141atwa instalacja i obs\u0142uga<\/p>\n<\/li>\n<li data-start=\"1902\" data-end=\"1975\">\n<p data-start=\"1904\" data-end=\"1975\"><strong data-start=\"1904\" data-end=\"1928\">Weryfikacja wizualna:<\/strong> Bezprzewodowy monitoring wideo dla wi\u0119kszego bezpiecze\u0144stwa<\/p>\n<\/li>\n<li data-start=\"1976\" data-end=\"2058\">\n<p data-start=\"1978\" data-end=\"2058\"><strong data-start=\"1978\" data-end=\"2001\">Wbudowany czytnik tag\u00f3w:<\/strong> Do uzbrojenia lub rozbrojenia alarmu nie jest potrzebny \u017caden kod<\/p>\n<\/li>\n<li data-start=\"2059\" data-end=\"2132\">\n<p data-start=\"2061\" data-end=\"2132\"><strong data-start=\"2061\" data-end=\"2078\">Elastyczno\u015b\u0107:<\/strong> Mo\u017cliwo\u015b\u0107 dostosowania do zmieniaj\u0105cych si\u0119 potrzeb w zakresie bezpiecze\u0144stwa<\/p>\n<\/li>\n<li data-start=\"2133\" data-end=\"2225\">\n<p data-start=\"2135\" data-end=\"2225\"><strong data-start=\"2135\" data-end=\"2167\">Ochrona przed w\u0142amaniem i po\u017carem:<\/strong> Pe\u0142na ochrona zar\u00f3wno wewn\u0105trz jak i na zewn\u0105trz pomieszcze\u0144<\/p>\n<\/li>\n<li data-start=\"2226\" data-end=\"2322\">\n<p data-start=\"2228\" data-end=\"2322\"><strong data-start=\"2228\" data-end=\"2251\">\u0141atwe do ulepszenia:<\/strong> System mo\u017cna rozbudowa\u0107 o wi\u0119cej funkcji i urz\u0105dze\u0144<\/p>\n<\/li>\n<\/ul>\n<p data-start=\"2324\" data-end=\"2355\"><strong data-start=\"2324\" data-end=\"2353\">Dane techniczne:<\/strong><\/p>\n<ul data-start=\"2356\" data-end=\"2671\">\n<li data-start=\"2356\" data-end=\"2384\">\n<p data-start=\"2358\" data-end=\"2384\"><strong data-start=\"2358\" data-end=\"2374\">Numer modu\u0142u:<\/strong> RMV132V<\/p>\n<\/li>\n<li data-start=\"2385\" data-end=\"2443\">\n<p data-start=\"2387\" data-end=\"2443\"><strong data-start=\"2387\" data-end=\"2419\">Numer artyku\u0142u dostawcy:<\/strong> RW132V \/ RW132V87E0B0<\/p>\n<\/li>\n<li data-start=\"2444\" data-end=\"2510\">\n<p data-start=\"2446\" data-end=\"2510\"><strong data-start=\"2446\" data-end=\"2467\">Funkcje ochronne:<\/strong> Ochrona antyw\u0142amaniowa, ochrona przeciwpo\u017carowa, alarm bezpiecze\u0144stwa<\/p>\n<\/li>\n<li data-start=\"2511\" data-end=\"2570\">\n<p data-start=\"2513\" data-end=\"2570\"><strong data-start=\"2513\" data-end=\"2532\">Mo\u017cliwo\u015b\u0107 dostosowania:<\/strong> Elastyczny i mo\u017cna go rozbudowywa\u0107 w czasie<\/p>\n<\/li>\n<li data-start=\"2571\" data-end=\"2630\">\n<p data-start=\"2573\" data-end=\"2630\"><strong data-start=\"2573\" data-end=\"2588\">Czytnik tag\u00f3w:<\/strong> Wbudowane w celu uproszczenia kontroli systemu<\/p>\n<\/li>\n<li data-start=\"2631\" data-end=\"2671\">\n<p data-start=\"2633\" data-end=\"2671\"><strong data-start=\"2633\" data-end=\"2644\">Projekt:<\/strong> Elegancki i przyjazny dla u\u017cytkownika<\/p>\n<\/li>\n<\/ul>\n<p data-start=\"2673\" data-end=\"2969\">Risco Agility4 to zaawansowane i niezawodne rozwi\u0105zanie zabezpieczaj\u0105ce, dzi\u0119ki kt\u00f3remu z \u0142atwo\u015bci\u0105 zadbasz o bezpiecze\u0144stwo swojego domu lub firmy oraz ochronisz je przed wszelkiego rodzaju zagro\u017ceniami.<\/p>\n<p data-start=\"2673\" data-end=\"2969\">Dzi\u0119ki modu\u0142owej konstrukcji system mo\u017cna zawsze dostosowa\u0107 do swoich potrzeb, co czyni go d\u0142ugoterminow\u0105 inwestycj\u0105 w Twoje bezpiecze\u0144stwo.<\/p>","protected":false},"excerpt":{"rendered":"<p>Risco Agility4 to bezprzewodowy i inteligentny system bezpiecze\u0144stwa o modu\u0142owej strukturze i konfigurowalnym designie.<\/p>\n<p>Zapewnia pe\u0142n\u0105 ochron\u0119 przed w\u0142amaniami, po\u017carem i innymi zagro\u017ceniami bezpiecze\u0144stwa zar\u00f3wno wewn\u0105trz, jak i na zewn\u0105trz budynk\u00f3w. W razie potrzeby mo\u017cna go udoskonali\u0107 i zmodyfikowa\u0107.<\/p>\n<p>System obejmuje bezprzewodow\u0105 weryfikacj\u0119 wizualn\u0105 i wbudowany czytnik tag\u00f3w, co zapewnia wygod\u0119 u\u017cytkowania.<\/p>","protected":false},"featured_media":145680,"template":"","meta":{"_acf_changed":false},"product_brand":[],"product_cat":[4882,2731],"product_tag":[],"class_list":{"0":"post-57483","1":"product","2":"type-product","3":"status-publish","4":"has-post-thumbnail","6":"product_cat-agility-v4-3-2","7":"product_cat-risco-larm","8":"product_shipping_class-postnord-varubrev","9":"pa_brands-4risco","10":"pa_risco-produkter-agility-4","11":"tm-no-options","13":"first","14":"outofstock","15":"sale","16":"featured","17":"taxable","18":"shipping-taxable","19":"purchasable","20":"product-type-simple"},"acf":[],"_links":{"self":[{"href":"https:\/\/secureus.se\/pl\/wp-json\/wp\/v2\/product\/57483","targetHints":{"allow":["GET"]}}],"collection":[{"href":"https:\/\/secureus.se\/pl\/wp-json\/wp\/v2\/product"}],"about":[{"href":"https:\/\/secureus.se\/pl\/wp-json\/wp\/v2\/types\/product"}],"wp:featuredmedia":[{"embeddable":true,"href":"https:\/\/secureus.se\/pl\/wp-json\/wp\/v2\/media\/145680"}],"wp:attachment":[{"href":"https:\/\/secureus.se\/pl\/wp-json\/wp\/v2\/media?parent=57483"}],"wp:term":[{"taxonomy":"product_brand","embeddable":true,"href":"https:\/\/secureus.se\/pl\/wp-json\/wp\/v2\/product_brand?post=57483"},{"taxonomy":"product_cat","embeddable":true,"href":"https:\/\/secureus.se\/pl\/wp-json\/wp\/v2\/product_cat?post=57483"},{"taxonomy":"product_tag","embeddable":true,"href":"https:\/\/secureus.se\/pl\/wp-json\/wp\/v2\/product_tag?post=57483"}],"curies":[{"name":"wp","href":"https:\/\/api.w.org\/{rel}","templated":true}]}}