{"id":57484,"date":"2022-03-10T14:57:00","date_gmt":"2022-03-10T13:57:00","guid":{"rendered":"https:\/\/secureus.se\/produkt\/2-vags-tradlos-beyond-dual-tech-kband-detektor-inom-utomhus-agililty4-och-wicomm-pro\/"},"modified":"2025-12-31T19:35:24","modified_gmt":"2025-12-31T18:35:24","slug":"risco-rorelsedetektor-med-kamera-2-vags-utomhus-beyond","status":"publish","type":"product","link":"https:\/\/secureus.se\/pl\/risco-rorelsedetektor-med-kamera-2-vags-utomhus-beyond\/","title":{"rendered":"Dwukierunkowy zewn\u0119trzny czujnik ruchu Risco \u2013 Beyond"},"content":{"rendered":"<h1>Czujnik ruchu Risco z kamer\u0105 2-kierunkowy \u2013 Outdoor Beyond<\/h1>\n<p data-start=\"516\" data-end=\"1046\">Detektor ruchu Risco z kamer\u0105 2-kierunkowy Beyond Agility WiComm Pro to innowacyjne rozwi\u0105zanie do detekcji na zewn\u0105trz i weryfikacji wizualnej.<\/p>\n<p data-start=\"516\" data-end=\"1046\">Ten detektor \u0142\u0105czy w sobie podw\u00f3jn\u0105 technologi\u0119 ze zintegrowan\u0105 kamer\u0105, kt\u00f3ra umo\u017cliwia krystalicznie wyra\u017an\u0105 weryfikacj\u0119 wizualn\u0105 za po\u015brednictwem aplikacji na smartfony iRISCO, interfejsu internetowego lub stacji monitoruj\u0105cej.<\/p>\n<p data-start=\"516\" data-end=\"1046\">Dzi\u0119ki zastosowaniu dw\u00f3ch niezale\u017cnych kana\u0142\u00f3w radiowych z r\u00f3\u017cnymi antenami zagwarantowana jest bezpieczna transmisja obraz\u00f3w i alarm\u00f3w, co czyni urz\u0105dzenie idealnym do stosowania w warunkach zewn\u0119trznych.<\/p>\n<p data-start=\"1048\" data-end=\"1398\">Beyond korzysta z unikalnych technologii detekcji RISCO, Sway Recognition\u2122 i Digital Correlation\u2122, kt\u00f3re znacznie redukuj\u0105 liczb\u0119 fa\u0142szywych alarm\u00f3w, dzi\u0119ki czemu rozwi\u0105zanie to jest niezwykle dok\u0142adne i niezawodne.<\/p>\n<p data-start=\"1048\" data-end=\"1398\">Czujnik ruchu ma regulowany zasi\u0119g od 5 do 12 metr\u00f3w i funkcj\u0119 przyjazn\u0105 zwierz\u0119tom, co oznacza, \u017ce nie reaguje na zwierz\u0119ta o wysoko\u015bci do 50 cm.<\/p>\n<p data-start=\"1400\" data-end=\"1702\">Dzi\u0119ki po\u0142\u0105czeniu czujnik\u00f3w podczerwieni i mikrofal Beyond jest odporny na bezpo\u015brednie dzia\u0142anie promieni s\u0142onecznych i posiada funkcj\u0119 antymaskingu, kt\u00f3ra zapobiega manipulacjom.<\/p>\n<p data-start=\"1400\" data-end=\"1702\">Detektor mo\u017cna z \u0142atwo\u015bci\u0105 zamontowa\u0107 na \u015bcianie lub w naro\u017cniku, a jego baterie dzia\u0142aj\u0105 d\u0142ugo (do 3 lat przy u\u017cyciu do\u0142\u0105czonych baterii litowych CR123A).<\/p>\n<p data-start=\"1704\" data-end=\"1872\">Urz\u0105dzenie jest przeznaczone do pracy w trudnych warunkach zewn\u0119trznych, jego zakres temperatur roboczych wynosi od -25\u00b0C do 65\u00b0C, a stopie\u0144 ochrony to IP65, co gwarantuje odporno\u015b\u0107 na warunki atmosferyczne.<\/p>\n<p>&nbsp;<\/p>\n<p><iframe title=\"Wicomm Smart Hub USA\" width=\"1170\" height=\"658\" src=\"https:\/\/www.youtube.com\/embed\/5PHoH2dRjEs?feature=oembed\" frameborder=\"0\" allow=\"accelerometer; autoplay; clipboard-write; encrypted-media; gyroscope; picture-in-picture; web-share\" referrerpolicy=\"strict-origin-when-cross-origin\" allowfullscreen><\/iframe><\/p>","protected":false},"excerpt":{"rendered":"<p>Risco Beyond Agility WiComm Pro to zaawansowany czujnik ruchu ze zintegrowan\u0105 kamer\u0105 przeznaczony do u\u017cytku na zewn\u0105trz.<\/p>\n<p>Dzi\u0119ki dw\u00f3m oddzielnym kana\u0142om radiowym i technologii wykrywania, kt\u00f3ra minimalizuje liczb\u0119 fa\u0142szywych alarm\u00f3w, urz\u0105dzenie zapewnia krystalicznie czyst\u0105 weryfikacj\u0119 wizualn\u0105 za po\u015brednictwem aplikacji na smartfony lub stacji monitoruj\u0105cej.<\/p>","protected":false},"featured_media":158860,"template":"","meta":{"_acf_changed":false},"product_brand":[],"product_cat":[2731,3191],"product_tag":[3152,2426],"class_list":{"0":"post-57484","1":"product","2":"type-product","3":"status-publish","4":"has-post-thumbnail","6":"product_cat-risco-larm","7":"product_cat-utomhusdetektorer","8":"product_tag-cr123-tillbehor","9":"product_tag-rel-risco","10":"product_shipping_class-postnord-varubrev","11":"pa_risco-produkter-agility-4","12":"pa_wicomm-pro-kategorier-rorelsedetektor","13":"tm-no-options","15":"first","16":"instock","17":"sale","18":"featured","19":"taxable","20":"shipping-taxable","21":"purchasable","22":"product-type-simple"},"acf":[],"_links":{"self":[{"href":"https:\/\/secureus.se\/pl\/wp-json\/wp\/v2\/product\/57484","targetHints":{"allow":["GET"]}}],"collection":[{"href":"https:\/\/secureus.se\/pl\/wp-json\/wp\/v2\/product"}],"about":[{"href":"https:\/\/secureus.se\/pl\/wp-json\/wp\/v2\/types\/product"}],"wp:featuredmedia":[{"embeddable":true,"href":"https:\/\/secureus.se\/pl\/wp-json\/wp\/v2\/media\/158860"}],"wp:attachment":[{"href":"https:\/\/secureus.se\/pl\/wp-json\/wp\/v2\/media?parent=57484"}],"wp:term":[{"taxonomy":"product_brand","embeddable":true,"href":"https:\/\/secureus.se\/pl\/wp-json\/wp\/v2\/product_brand?post=57484"},{"taxonomy":"product_cat","embeddable":true,"href":"https:\/\/secureus.se\/pl\/wp-json\/wp\/v2\/product_cat?post=57484"},{"taxonomy":"product_tag","embeddable":true,"href":"https:\/\/secureus.se\/pl\/wp-json\/wp\/v2\/product_tag?post=57484"}],"curies":[{"name":"wp","href":"https:\/\/api.w.org\/{rel}","templated":true}]}}