{"id":57485,"date":"2022-03-10T14:57:00","date_gmt":"2022-03-10T13:57:00","guid":{"rendered":"https:\/\/secureus.se\/produkt\/siren-utomhus-rws20a\/"},"modified":"2025-12-31T19:36:44","modified_gmt":"2025-12-31T18:36:44","slug":"risco-siren-2-vags-rws20a-utomhus-105db","status":"publish","type":"product","link":"https:\/\/secureus.se\/pl\/risco-siren-2-vags-rws20a-utomhus-105db\/","title":{"rendered":"Syrena Risco 2-dro\u017cna RWS20A \u2013 zewn\u0119trzna 105dB"},"content":{"rendered":"<h1>Syrena Risco 2-dro\u017cna RWS20A \u2013 zewn\u0119trzna 105dB<\/h1>\n<p data-start=\"416\" data-end=\"761\">Dwukierunkowa syrena Risco RWS20A (mod. RWS20A86800) to elegancka i funkcjonalna bezprzewodowa syrena zewn\u0119trzna, zaprojektowana w celu zwi\u0119kszenia mo\u017cliwo\u015bci sygnalizacyjnych systemu bezpiecze\u0144stwa poza obszarem chronionym.<\/p>\n<p data-start=\"416\" data-end=\"761\">Syrena ta jest idealnym rozwi\u0105zaniem zwi\u0119kszaj\u0105cym bezpiecze\u0144stwo w r\u00f3\u017cnych warunkach zewn\u0119trznych, dzi\u0119ki swojej solidnej konstrukcji i \u0142atwej instalacji.<\/p>\n<p data-start=\"763\" data-end=\"1041\">G\u0142o\u015bnik RWS20A generuje g\u0142o\u015bny sygna\u0142 d\u017awi\u0119kowy o nat\u0119\u017ceniu 105 dB, kt\u00f3ry wyra\u017anie ostrzega przed wtargni\u0119ciem lub innymi incydentami zagra\u017caj\u0105cymi bezpiecze\u0144stwu.<\/p>\n<p data-start=\"763\" data-end=\"1041\">Poniewa\u017c syrena jest zasilana wy\u0142\u0105cznie bateryjnie i bezprzewodowo, mo\u017cna j\u0105 \u0142atwo zainstalowa\u0107 bez konieczno\u015bci pod\u0142\u0105czania przewod\u00f3w, co sprawia, \u017ce instalacja jest szybka i elastyczna.<\/p>\n<p data-start=\"1043\" data-end=\"1363\">Jedn\u0105 z najbardziej przydatnych funkcji RWS20A jest wbudowana funkcja prealarmu.<\/p>\n<p data-start=\"1043\" data-end=\"1363\">Podczas odliczania op\u00f3\u017anienia na wej\u015bcie syrena zostaje aktywowana i uruchamia si\u0119 alarm wst\u0119pny, je\u015bli system zostanie zdewastowany przed uzbrojeniem alarmu. Dzi\u0119ki temu syrena jest doskona\u0142ym uzupe\u0142nieniem systemu zapobiegaj\u0105cego w\u0142amaniom jeszcze przed jego pe\u0142n\u0105 aktywacj\u0105.<\/p>\n<p data-start=\"1365\" data-end=\"1588\">System RWS20A ma r\u00f3wnie\u017c funkcj\u0119 sygnalizacji d\u017awi\u0119kowej, kt\u00f3ra wysy\u0142a powiadomienia o uzbrojeniu i rozbrojeniu systemu.<\/p>\n<p data-start=\"1365\" data-end=\"1588\">W przypadku alarmu syrena wydaje specjalne 4-pikni\u0119cia, kt\u00f3re sygnalizuj\u0105, \u017ce alarm zosta\u0142 uruchomiony, co mo\u017ce oznacza\u0107 w\u0142amanie.<\/p>\n<p data-start=\"1590\" data-end=\"1828\">Do tego samego systemu mo\u017cna \u0142atwo pod\u0142\u0105czy\u0107 wiele syren bezprzewodowych, co pozwala na dostosowanie rozwi\u0105zania bezpiecze\u0144stwa do wielko\u015bci i potrzeb chronionego obszaru.<\/p>\n<p data-start=\"1590\" data-end=\"1828\">Syrena dost\u0119pna jest w r\u00f3\u017cnych kolorach, aby spe\u0142ni\u0107 indywidualne preferencje estetyczne.<\/p>\n<p data-start=\"1830\" data-end=\"1860\"><strong data-start=\"1830\" data-end=\"1858\">G\u0142\u00f3wne cechy:<\/strong><\/p>\n<ul data-start=\"1861\" data-end=\"2460\">\n<li data-start=\"1861\" data-end=\"1908\">\n<p data-start=\"1863\" data-end=\"1908\"><strong data-start=\"1863\" data-end=\"1878\">Tom:<\/strong> 105 dB dla skutecznego ostrzegania<\/p>\n<\/li>\n<li data-start=\"1909\" data-end=\"1998\">\n<p data-start=\"1911\" data-end=\"1998\"><strong data-start=\"1911\" data-end=\"1931\">Funkcja prealarmu:<\/strong> Aktywowane podczas odliczania op\u00f3\u017anienia wej\u015bcia i w przypadku wandalizmu<\/p>\n<\/li>\n<li data-start=\"1999\" data-end=\"2120\">\n<p data-start=\"2001\" data-end=\"2120\"><strong data-start=\"2001\" data-end=\"2022\">Powiadomienie Squawk:<\/strong> Monity d\u017awi\u0119kowe podczas uzbrajania i rozbrajania, w tym 4-pikni\u0119cia po wyzwoleniu alarmu<\/p>\n<\/li>\n<li data-start=\"2121\" data-end=\"2179\">\n<p data-start=\"2123\" data-end=\"2179\"><strong data-start=\"2123\" data-end=\"2141\">Zasilanie bateryjne:<\/strong> Ca\u0142kowicie bezprzewodowy, co u\u0142atwia instalacj\u0119<\/p>\n<\/li>\n<li data-start=\"2180\" data-end=\"2249\">\n<p data-start=\"2182\" data-end=\"2249\"><strong data-start=\"2182\" data-end=\"2208\">Elastyczna instalacja:<\/strong> \u0141atwy do umieszczenia bez konieczno\u015bci okablowania<\/p>\n<\/li>\n<li data-start=\"2250\" data-end=\"2326\">\n<p data-start=\"2252\" data-end=\"2326\"><strong data-start=\"2252\" data-end=\"2269\">Wiele kolor\u00f3w:<\/strong> Dost\u0119pne w r\u00f3\u017cnych kolorach, aby dopasowa\u0107 si\u0119 do \u015brodowiska instalacji<\/p>\n<\/li>\n<li data-start=\"2327\" data-end=\"2391\">\n<p data-start=\"2329\" data-end=\"2391\"><strong data-start=\"2329\" data-end=\"2348\">Zgodno\u015b\u0107:<\/strong> Do tego samego systemu mo\u017cna przypisa\u0107 wiele syren<\/p>\n<\/li>\n<li data-start=\"2392\" data-end=\"2460\">\n<p data-start=\"2394\" data-end=\"2460\"><strong data-start=\"2394\" data-end=\"2422\">Nadaje si\u0119 do stosowania na zewn\u0105trz:<\/strong> Zaprojektowane tak, aby wytrzyma\u0107 warunki zewn\u0119trzne<\/p>\n<\/li>\n<\/ul>\n<p data-start=\"2462\" data-end=\"2493\"><strong data-start=\"2462\" data-end=\"2491\">Dane techniczne:<\/strong><\/p>\n<ul data-start=\"2494\" data-end=\"2761\">\n<li data-start=\"2494\" data-end=\"2520\">\n<p data-start=\"2496\" data-end=\"2520\"><strong data-start=\"2496\" data-end=\"2511\">Tom:<\/strong> 105dB<\/p>\n<\/li>\n<li data-start=\"2521\" data-end=\"2546\">\n<p data-start=\"2523\" data-end=\"2546\"><strong data-start=\"2523\" data-end=\"2536\">Cz\u0119stotliwo\u015b\u0107:<\/strong> 868 MHz<\/p>\n<\/li>\n<li data-start=\"2547\" data-end=\"2586\">\n<p data-start=\"2549\" data-end=\"2586\"><strong data-start=\"2549\" data-end=\"2570\">Zasilanie:<\/strong> Zasilanie bateryjne<\/p>\n<\/li>\n<li data-start=\"2587\" data-end=\"2640\">\n<p data-start=\"2589\" data-end=\"2640\"><strong data-start=\"2589\" data-end=\"2612\">Metoda instalacji:<\/strong> Bezprzewodowy i zasilany bateryjnie<\/p>\n<\/li>\n<li data-start=\"2641\" data-end=\"2668\">\n<p data-start=\"2643\" data-end=\"2668\"><strong data-start=\"2643\" data-end=\"2663\">Funkcja Squawk:<\/strong> Tak<\/p>\n<\/li>\n<li data-start=\"2669\" data-end=\"2703\">\n<p data-start=\"2671\" data-end=\"2703\"><strong data-start=\"2671\" data-end=\"2680\">Farba:<\/strong> Dost\u0119pne w r\u00f3\u017cnych kolorach<\/p>\n<\/li>\n<li data-start=\"2704\" data-end=\"2761\">\n<p data-start=\"2706\" data-end=\"2761\"><strong data-start=\"2706\" data-end=\"2738\">Numer artyku\u0142u dostawcy:<\/strong> RWS20A \/ RWS20A86800<\/p>\n<\/li>\n<\/ul>\n<p data-start=\"2763\" data-end=\"3016\">Syrena dwukierunkowa Risco RWS20A to idealne rozwi\u0105zanie zwi\u0119kszaj\u0105ce bezpiecze\u0144stwo Twojej nieruchomo\u015bci.<\/p>\n<p data-start=\"2763\" data-end=\"3016\">Mocny sygna\u0142 audio i instalacja bezprzewodowa sprawiaj\u0105, \u017ce jest to system skuteczny i elastyczny, oferuj\u0105cy dodatkow\u0105 ochron\u0119 przed w\u0142amaniem i innymi zagro\u017ceniami bezpiecze\u0144stwa.<\/p>","protected":false},"excerpt":{"rendered":"<p>Risco 2-Way Siren RWS20A to zasilana bateryjnie bezprzewodowa syrena zewn\u0119trzna, kt\u00f3ra oferuje moc d\u017awi\u0119ku 105 dB i dwukierunkow\u0105 komunikacj\u0119 radiow\u0105.<\/p>\n<p>Zaprojektowany w celu rozszerzenia mo\u017cliwo\u015bci sygnalizacji zewn\u0119trznej, posiada funkcj\u0119 wst\u0119pnego alarmu i mo\u017ce zosta\u0107 aktywowany w przypadku wandalizmu systemu.<\/p>","protected":false},"featured_media":145682,"template":"","meta":{"_acf_changed":false},"product_brand":[],"product_cat":[2731,3190],"product_tag":[2266,2262,2420,3070],"class_list":{"0":"post-57485","1":"product","2":"type-product","3":"status-publish","4":"has-post-thumbnail","6":"product_cat-risco-larm","7":"product_cat-sirener-risco-larm","8":"product_tag-larmdon-blixtljus-blixtljus-i-samma-enhet","9":"product_tag-larmdon-siren-utomhus","10":"product_tag-rel-larmdonblixt","11":"product_tag-wicomm-pro-siren","12":"product_shipping_class-tunga-paket","13":"pa_brands-4risco","14":"pa_risco-produkter-agility-4","15":"pa_wicomm-pro-kategorier-sinerer","16":"tm-no-options","18":"first","19":"instock","20":"sale","21":"featured","22":"taxable","23":"shipping-taxable","24":"purchasable","25":"product-type-simple"},"acf":[],"_links":{"self":[{"href":"https:\/\/secureus.se\/pl\/wp-json\/wp\/v2\/product\/57485","targetHints":{"allow":["GET"]}}],"collection":[{"href":"https:\/\/secureus.se\/pl\/wp-json\/wp\/v2\/product"}],"about":[{"href":"https:\/\/secureus.se\/pl\/wp-json\/wp\/v2\/types\/product"}],"wp:featuredmedia":[{"embeddable":true,"href":"https:\/\/secureus.se\/pl\/wp-json\/wp\/v2\/media\/145682"}],"wp:attachment":[{"href":"https:\/\/secureus.se\/pl\/wp-json\/wp\/v2\/media?parent=57485"}],"wp:term":[{"taxonomy":"product_brand","embeddable":true,"href":"https:\/\/secureus.se\/pl\/wp-json\/wp\/v2\/product_brand?post=57485"},{"taxonomy":"product_cat","embeddable":true,"href":"https:\/\/secureus.se\/pl\/wp-json\/wp\/v2\/product_cat?post=57485"},{"taxonomy":"product_tag","embeddable":true,"href":"https:\/\/secureus.se\/pl\/wp-json\/wp\/v2\/product_tag?post=57485"}],"curies":[{"name":"wp","href":"https:\/\/api.w.org\/{rel}","templated":true}]}}