{"id":57488,"date":"2022-03-10T14:57:00","date_gmt":"2022-03-10T13:57:00","guid":{"rendered":"https:\/\/secureus.se\/produkt\/magnetkontakt-rwx73f-med-multifunktion-agililty3-4-och-wicomm\/"},"modified":"2025-12-31T19:42:37","modified_gmt":"2025-12-31T18:42:37","slug":"risco-2-vags-magnetkontakt-med-no-nc-plint","status":"publish","type":"product","link":"https:\/\/secureus.se\/pl\/risco-2-vags-magnetkontakt-med-no-nc-plint\/","title":{"rendered":"Risco 2-dro\u017cny styk magnetyczny z zaciskiem NO\/NC"},"content":{"rendered":"<h1>Risco 2-dro\u017cny styk magnetyczny z zaciskiem NO\/NC<\/h1>\n<p>Kontakt magnetyczny RWX73F Agililty Wicomm Pro to 2-kierunkowy wielofunkcyjny nadajnik, kt\u00f3ry idealnie nadaje si\u0119 do bezprzewodowej ochrony drzwi\/okien w domach i ma\u0142ych firmach.<\/p>\n<p>RWX73F to ekonomiczny nadajnik, kt\u00f3ry \u0142\u0105czy w sobie styk magnetyczny\/drzwiowy z 2 oddzielnymi kana\u0142ami dla dw\u00f3ch oddzielnych wej\u015b\u0107.<\/p>\n<p>U\u017cywaj\u0105c dw\u00f3ch oddzielnych kana\u0142\u00f3w, RWX73F mo\u017ce s\u0142u\u017cy\u0107 dw\u00f3m oddzielnym aplikacjom; ochrona obwodowa drzwi i okien w przypadku pod\u0142\u0105czenia do jednego kana\u0142u i innego czujnika do drugiego kana\u0142u.<\/p>\n<p>Ka\u017cdy kana\u0142 mo\u017cna pod\u0142\u0105czy\u0107 do przewodowych styk\u00f3w magnetycznych lub do innych czujek, kt\u00f3re mo\u017cna wykorzysta\u0107 do r\u00f3\u017cnych zastosowa\u0144 zwi\u0105zanych ze sterowaniem lub bezpiecze\u0144stwem.<\/p>\n<p>Czujka magnetyczna RWX73F Agililty Wicomm Pro s\u0142u\u017cy do ochrony np. drzwi i okien i jest odporna na wszelkie pr\u00f3by manipulacji czujk\u0105 za pomoc\u0105 zewn\u0119trznych magnes\u00f3w.<\/p>\n<p>RWX73F wsp\u00f3\u0142pracuje z 2-kierunkowymi systemami bezprzewodowymi i hybrydowymi firmy RISCO Group.<\/p>\n<p>Styk magnetyczny RWX73F Agililty Wicomm Pro mo\u017cna \u0142atwo zainstalowa\u0107 za pomoc\u0105 prostego uchwytu do monta\u017cu na \u015bcianie i \u0142atwo go zaprogramowa\u0107 za pomoc\u0105 oprogramowania do zdalnej konfiguracji firmy RISCO.<\/p>\n<p id=\"tw-target-text\" class=\"tw-data-text tw-text-large tw-ta\" dir=\"ltr\" data-placeholder=\"Translation\" data-ved=\"2ahUKEwi6ot3F2L6DAxWBaqQEHbtQCksQ3ewLegQIARAQ\"><span style=\"text-decoration: underline\"><strong>Cechy:<\/strong><\/span><br \/>\nKomunikacja: dwukierunkowa<br \/>\nW pe\u0142ni nadzorowany<br \/>\nWbudowany styk magnetyczny<br \/>\nSelektywny czas reakcji wej\u015bcia dostosowany do czujnik\u00f3w przewodowych (szybki dla czujnik\u00f3w wstrz\u0105sowych, wolny dla prze\u0142\u0105cznik\u00f3w magnetycznych)<br \/>\nZasi\u0119g: do 300 m (na zewn\u0105trz)<br \/>\nSelektywne terminowanie wej\u015b\u0107 (NO, NC, DEOL) dla uniwersalnej funkcji sterowania<br \/>\nZabezpieczenie tylnej cz\u0119\u015bci i pokrywy<br \/>\nZabezpieczenie zabezpieczaj\u0105ce przed sabota\u017cem<br \/>\nDwa kana\u0142y rozpoznawane jako osobne strefy w systemie z selektywn\u0105 funkcjonalno\u015bci\u0105 (ochrona uniwersalna lub roletowa)<br \/>\nAby przed\u0142u\u017cy\u0107 \u017cywotno\u015b\u0107 baterii, opcja wysy\u0142ania zdarze\u0144 raz na 2,5 minuty<br \/>\nKompatybilny z systemami bezprzewodowymi i hybrydowymi RISCO<\/p>\n<p><strong>Styk magnetyczny RWX73F Agililty Wicomm Pro Numer cz\u0119\u015bci dostawcy wielofunkcyjnego<\/strong>: <span class=\"sku_wrapper\"><span class=\"sku\">RWX73M86800D<\/span><\/span><\/p>\n<h4>Dowiedz si\u0119 wi\u0119cej o WiComm Pro i tych mo\u017cliwo\u015bciach!<\/h4>\n<p><a href=\"https:\/\/www.riscogroup.com\/products\/product\/52708\" target=\"_blank\" rel=\"noopener\">Tutaj mo\u017cesz przeczyta\u0107 wi\u0119cej o WiCom Pro na stronie internetowej Risco Group\u00a0<\/a><\/p>\n<p><iframe title=\"Wicomm Smart Hub USA\" width=\"1170\" height=\"658\" src=\"https:\/\/www.youtube.com\/embed\/5PHoH2dRjEs?feature=oembed\" frameborder=\"0\" allow=\"accelerometer; autoplay; clipboard-write; encrypted-media; gyroscope; picture-in-picture; web-share\" referrerpolicy=\"strict-origin-when-cross-origin\" allowfullscreen><\/iframe><\/p>","protected":false},"excerpt":{"rendered":"<p>Dwukierunkowy czujnik magnetyczny Risco RWX73F do system\u00f3w Agility i WiComm Pro to wielofunkcyjny nadajnik zapewniaj\u0105cy bezprzewodow\u0105 ochron\u0119 drzwi i okien.<\/p>\n<p>Dzi\u0119ki dw\u00f3m oddzielnym kana\u0142om do r\u00f3\u017cnych zastosowa\u0144 ten kontakt magnetyczny oferuje elastyczno\u015b\u0107 i bezpiecze\u0144stwo zar\u00f3wno w domach, jak i ma\u0142ych firmach. \u0141atwa instalacja i kompatybilno\u015b\u0107 z systemami bezprzewodowymi i hybrydowymi Risco.<\/p>","protected":false},"featured_media":145404,"template":"","meta":{"_acf_changed":false},"product_brand":[],"product_cat":[2731,3188,1324],"product_tag":[2426],"class_list":{"0":"post-57488","1":"product","2":"type-product","3":"status-publish","4":"has-post-thumbnail","6":"product_cat-risco-larm","7":"product_cat-larmenheter-risco-larm","8":"product_cat-outlet","9":"product_tag-rel-risco","10":"product_shipping_class-postnord-varubrev","11":"pa_brands-4risco","12":"pa_risco-produkter-agility-3","13":"pa_risco-produkter-agility-4","14":"pa_wicomm-pro-kategorier-magnetkontakter","15":"tm-no-options","17":"first","18":"instock","19":"sale","20":"featured","21":"taxable","22":"shipping-taxable","23":"purchasable","24":"product-type-simple"},"acf":[],"_links":{"self":[{"href":"https:\/\/secureus.se\/pl\/wp-json\/wp\/v2\/product\/57488","targetHints":{"allow":["GET"]}}],"collection":[{"href":"https:\/\/secureus.se\/pl\/wp-json\/wp\/v2\/product"}],"about":[{"href":"https:\/\/secureus.se\/pl\/wp-json\/wp\/v2\/types\/product"}],"wp:featuredmedia":[{"embeddable":true,"href":"https:\/\/secureus.se\/pl\/wp-json\/wp\/v2\/media\/145404"}],"wp:attachment":[{"href":"https:\/\/secureus.se\/pl\/wp-json\/wp\/v2\/media?parent=57488"}],"wp:term":[{"taxonomy":"product_brand","embeddable":true,"href":"https:\/\/secureus.se\/pl\/wp-json\/wp\/v2\/product_brand?post=57488"},{"taxonomy":"product_cat","embeddable":true,"href":"https:\/\/secureus.se\/pl\/wp-json\/wp\/v2\/product_cat?post=57488"},{"taxonomy":"product_tag","embeddable":true,"href":"https:\/\/secureus.se\/pl\/wp-json\/wp\/v2\/product_tag?post=57488"}],"curies":[{"name":"wp","href":"https:\/\/api.w.org\/{rel}","templated":true}]}}