{"id":57489,"date":"2022-03-10T14:57:00","date_gmt":"2022-03-10T13:57:00","guid":{"rendered":"https:\/\/secureus.se\/produkt\/larmknapp-armband-t51p-vattentat-och-levereras-med-armband-halsband\/"},"modified":"2025-12-31T19:37:05","modified_gmt":"2025-12-31T18:37:05","slug":"risco-nodknapp-t51p-endast-till-risco-system","status":"publish","type":"product","link":"https:\/\/secureus.se\/pl\/risco-nodknapp-t51p-endast-till-risco-system\/","title":{"rendered":"Przycisk awaryjny Risco T51P tylko dla systemu Risco"},"content":{"rendered":"<h1>Przycisk awaryjny Risco T51P tylko dla systemu Risco<\/h1>\n<p data-start=\"386\" data-end=\"721\">Przycisk alarmowy Risco T51P (mod. RWT51P80000) to praktyczny i niezawodny bezprzewodowy przycisk alarmowy przeznaczony do stosowania z systemami Risco Agility\u2122 i Wisdom.<\/p>\n<p data-start=\"386\" data-end=\"721\">Doskonale nadaje si\u0119 do uruchamiania alarm\u00f3w awaryjnych lub alarm\u00f3w bezpiecze\u0144stwa za pomoc\u0105 jednego naci\u015bni\u0119cia, co czyni go idealnym rozwi\u0105zaniem dla u\u017cytkownik\u00f3w, kt\u00f3rzy chc\u0105 mie\u0107 szybki i \u0142atwy spos\u00f3b na wezwanie pomocy.<\/p>\n<p data-start=\"723\" data-end=\"1001\">Przycisk jest wodoodporny (stopie\u0144 ochrony IP67), dzi\u0119ki czemu jest trwa\u0142y i bezpieczny w u\u017cyciu nawet w wilgotnych warunkach lub na zewn\u0105trz.<\/p>\n<p data-start=\"723\" data-end=\"1001\">W zestawie znajduje si\u0119 bransoletka i naszyjnik, dzi\u0119ki czemu u\u017cytkownik ma pe\u0142n\u0105 swobod\u0119 noszenia zegarka w spos\u00f3b, kt\u00f3ry najbardziej mu odpowiada \u2013 na nadgarstku lub na szyi.<\/p>\n<p data-start=\"1003\" data-end=\"1374\">Dzi\u0119ki ci\u0105g\u0142emu monitorowaniu napi\u0119cia akumulatora i d\u0142ugiej \u017cywotno\u015bci akumulatora, si\u0119gaj\u0105cej nawet 3 lat (dzi\u0119ki do\u0142\u0105czonej baterii litowej CR2430), model T51P jest niezawodnym rozwi\u0105zaniem w sytuacjach awaryjnych.<\/p>\n<p data-start=\"1003\" data-end=\"1374\">Po naci\u015bni\u0119ciu przycisku wysy\u0142any jest sygna\u0142 do panelu sterowania w celu uruchomienia po\u0142\u0105czenia alarmowego lub podj\u0119cia innej czynno\u015bci, dzi\u0119ki czemu jest to rozwi\u0105zanie skuteczne i \u0142atwe w u\u017cyciu, gdy zajdzie taka potrzeba.<\/p>\n<p data-start=\"1376\" data-end=\"1406\"><strong data-start=\"1376\" data-end=\"1404\">G\u0142\u00f3wne cechy:<\/strong><\/p>\n<ul data-start=\"1407\" data-end=\"2036\">\n<li data-start=\"1407\" data-end=\"1473\">\n<p data-start=\"1409\" data-end=\"1473\"><strong data-start=\"1409\" data-end=\"1433\">Funkcja pojedynczego dotkni\u0119cia:<\/strong> Aktywuj alarm awaryjny jednym dotkni\u0119ciem<\/p>\n<\/li>\n<li data-start=\"1474\" data-end=\"1537\">\n<p data-start=\"1476\" data-end=\"1537\"><strong data-start=\"1476\" data-end=\"1492\">Wodoodporno\u015b\u0107:<\/strong> Klasa IP67 umo\u017cliwia stosowanie w ka\u017cdym \u015brodowisku<\/p>\n<\/li>\n<li data-start=\"1538\" data-end=\"1619\">\n<p data-start=\"1540\" data-end=\"1619\"><strong data-start=\"1540\" data-end=\"1566\">D\u0142uga \u017cywotno\u015b\u0107 baterii:<\/strong> Do 3 lat u\u017cytkowania z bateri\u0105 litow\u0105 CR2430<\/p>\n<\/li>\n<li data-start=\"1620\" data-end=\"1701\">\n<p data-start=\"1622\" data-end=\"1701\"><strong data-start=\"1622\" data-end=\"1634\">Bezprzewodowy:<\/strong> \u0141atwa instalacja i u\u017cytkowanie dzi\u0119ki systemom Agility\u2122 i Wisdom<\/p>\n<\/li>\n<li data-start=\"1702\" data-end=\"1787\">\n<p data-start=\"1704\" data-end=\"1787\"><strong data-start=\"1704\" data-end=\"1743\">W zestawie bransoletka i naszyjnik:<\/strong> Elastyczno\u015b\u0107 pozwalaj\u0105ca nosi\u0107 guzik tak, jak chcesz<\/p>\n<\/li>\n<li data-start=\"1788\" data-end=\"1877\">\n<p data-start=\"1790\" data-end=\"1877\"><strong data-start=\"1790\" data-end=\"1826\">Ci\u0105g\u0142y monitoring baterii:<\/strong> Monitoruje stan baterii i ostrzega o konieczno\u015bci jej wymiany<\/p>\n<\/li>\n<li data-start=\"1878\" data-end=\"1944\">\n<p data-start=\"1880\" data-end=\"1944\"><strong data-start=\"1880\" data-end=\"1899\">Zgodno\u015b\u0107:<\/strong> Wsp\u00f3\u0142pracuje ze wszystkimi systemami radiowymi Risco Group<\/p>\n<\/li>\n<li data-start=\"1945\" data-end=\"2036\">\n<p data-start=\"1947\" data-end=\"2036\"><strong data-start=\"1947\" data-end=\"1964\">Podzia\u0142 na strefy:<\/strong> Mo\u017cna przypisa\u0107 do okre\u015blonej strefy na panelu sterowania w celu lepszego zarz\u0105dzania<\/p>\n<\/li>\n<\/ul>\n<p data-start=\"2038\" data-end=\"2069\"><strong data-start=\"2038\" data-end=\"2067\">Dane techniczne:<\/strong><\/p>\n<ul data-start=\"2070\" data-end=\"2417\">\n<li data-start=\"2070\" data-end=\"2095\">\n<p data-start=\"2072\" data-end=\"2095\"><strong data-start=\"2072\" data-end=\"2085\">Cz\u0119stotliwo\u015b\u0107:<\/strong> 868 MHz<\/p>\n<\/li>\n<li data-start=\"2096\" data-end=\"2162\">\n<p data-start=\"2098\" data-end=\"2162\"><strong data-start=\"2098\" data-end=\"2110\">Bateria:<\/strong> Bateria litowa CR2430 (w zestawie), maks. \u017cywotno\u015b\u0107 3 lat<\/p>\n<\/li>\n<li data-start=\"2163\" data-end=\"2196\">\n<p data-start=\"2165\" data-end=\"2196\"><strong data-start=\"2165\" data-end=\"2181\">Wodoodporno\u015b\u0107:<\/strong> Stopie\u0144 ochrony IP67<\/p>\n<\/li>\n<li data-start=\"2197\" data-end=\"2236\">\n<p data-start=\"2199\" data-end=\"2236\"><strong data-start=\"2199\" data-end=\"2208\">Mierzy\u0107:<\/strong> Kompaktowy i \u0142atwy do przenoszenia<\/p>\n<\/li>\n<li data-start=\"2237\" data-end=\"2285\">\n<p data-start=\"2239\" data-end=\"2285\"><strong data-start=\"2239\" data-end=\"2271\">Numer artyku\u0142u dostawcy:<\/strong> RWT51P80000<\/p>\n<\/li>\n<li data-start=\"2286\" data-end=\"2338\">\n<p data-start=\"2288\" data-end=\"2338\"><strong data-start=\"2288\" data-end=\"2307\">Zgodno\u015b\u0107:<\/strong> Systemy Agility\u2122 i Wisdom<\/p>\n<\/li>\n<li data-start=\"2339\" data-end=\"2417\">\n<p data-start=\"2341\" data-end=\"2417\"><strong data-start=\"2341\" data-end=\"2356\">Po\u0142\u0105czenie:<\/strong> Bezprzewodowy, \u0142atwy do przypisania do strefy na panelu sterowania<\/p>\n<\/li>\n<\/ul>\n<p data-start=\"2419\" data-end=\"2612\">Przycisk alarmowy Risco T51P to skuteczne i elastyczne rozwi\u0105zanie umo\u017cliwiaj\u0105ce szybk\u0105 i \u0142atw\u0105 aktywacj\u0119 alarm\u00f3w awaryjnych lub bezpiecze\u0144stwa, zapewniaj\u0105c u\u017cytkownikom bezpiecze\u0144stwo i spok\u00f3j ducha w sytuacjach krytycznych.<\/p>","protected":false},"excerpt":{"rendered":"<p>Risco Emergency Button T51P to bezprzewodowy przycisk alarmowy dla system\u00f3w Agility\u2122 i Wisdom.<\/p>\n<p>Aktywuje alarmy awaryjne za pomoc\u0105 jednego naci\u015bni\u0119cia. W zestawie znajduje si\u0119 bransoletka i naszyjnik.<\/p>\n<p>Urz\u0105dzenie jest wodoodporne (IP67), a jego bateria dzia\u0142a do 3 lat.<\/p>","protected":false},"featured_media":145466,"template":"","meta":{"_acf_changed":false},"product_brand":[],"product_cat":[2731,4881],"product_tag":[],"class_list":{"0":"post-57489","1":"product","2":"type-product","3":"status-publish","4":"has-post-thumbnail","6":"product_cat-risco-larm","7":"product_cat-overfallslarm-fjarrkontroll","8":"product_shipping_class-postnord-varubrev","9":"pa_brands-4risco","10":"pa_risco-produkter-agility-2","11":"pa_risco-produkter-agility-3","12":"pa_risco-produkter-agility-4","13":"tm-no-options","15":"first","16":"instock","17":"sale","18":"featured","19":"taxable","20":"shipping-taxable","21":"purchasable","22":"product-type-simple"},"acf":[],"_links":{"self":[{"href":"https:\/\/secureus.se\/pl\/wp-json\/wp\/v2\/product\/57489","targetHints":{"allow":["GET"]}}],"collection":[{"href":"https:\/\/secureus.se\/pl\/wp-json\/wp\/v2\/product"}],"about":[{"href":"https:\/\/secureus.se\/pl\/wp-json\/wp\/v2\/types\/product"}],"wp:featuredmedia":[{"embeddable":true,"href":"https:\/\/secureus.se\/pl\/wp-json\/wp\/v2\/media\/145466"}],"wp:attachment":[{"href":"https:\/\/secureus.se\/pl\/wp-json\/wp\/v2\/media?parent=57489"}],"wp:term":[{"taxonomy":"product_brand","embeddable":true,"href":"https:\/\/secureus.se\/pl\/wp-json\/wp\/v2\/product_brand?post=57489"},{"taxonomy":"product_cat","embeddable":true,"href":"https:\/\/secureus.se\/pl\/wp-json\/wp\/v2\/product_cat?post=57489"},{"taxonomy":"product_tag","embeddable":true,"href":"https:\/\/secureus.se\/pl\/wp-json\/wp\/v2\/product_tag?post=57489"}],"curies":[{"name":"wp","href":"https:\/\/api.w.org\/{rel}","templated":true}]}}