{"id":57493,"date":"2022-03-10T14:57:00","date_gmt":"2022-03-10T13:57:00","guid":{"rendered":"https:\/\/secureus.se\/produkt\/2-vags-tradlos-rok-temperatur-detektor-agililty3-4-och-wicomm-pro\/"},"modified":"2025-12-31T19:35:02","modified_gmt":"2025-12-31T18:35:02","slug":"risco-rok-varmedetektor-2-vags","status":"publish","type":"product","link":"https:\/\/secureus.se\/pl\/risco-rok-varmedetektor-2-vags\/","title":{"rendered":"Detektor dymu i ciep\u0142a Risco 2-dro\u017cny"},"content":{"rendered":"<h1>Detektor dymu i ciep\u0142a Risco 2-dro\u017cny<\/h1>\n<p data-start=\"468\" data-end=\"829\">Dwukierunkowy czujnik dymu i ciep\u0142a Risco RWX35S00800C to innowacyjne i skuteczne rozwi\u0105zanie do wykrywania po\u017caru, zaprojektowane tak, aby pasowa\u0142o do ka\u017cdego rodzaju otoczenia \u2013 od budynk\u00f3w mieszkalnych po przestrzenie komercyjne.<\/p>\n<p data-start=\"468\" data-end=\"829\">Ten czujnik \u0142\u0105czy w sobie funkcje wykrywania dymu i ciep\u0142a, dzi\u0119ki czemu jest doskona\u0142ym wyborem zapewniaj\u0105cym optymalne bezpiecze\u0144stwo i umo\u017cliwiaj\u0105cym monitorowanie po\u017caru.<\/p>\n<p data-start=\"831\" data-end=\"1154\"><strong data-start=\"831\" data-end=\"849\">Wykrywanie dymu<\/strong><br data-start=\"849\" data-end=\"852\" \/>W urz\u0105dzeniu Risco RWX35 zastosowano now\u0105, zaawansowan\u0105 komor\u0119 fotoelektryczn\u0105 i opracowany algorytm detekcji spe\u0142niaj\u0105cy norm\u0119 EN14604 dotycz\u0105c\u0105 wykrywania dymu.<\/p>\n<p data-start=\"831\" data-end=\"1154\">Technologia ta umo\u017cliwia szybkie i skuteczne wykrywanie dymu w razie po\u017caru, daj\u0105c u\u017cytkownikom cenny czas na podj\u0119cie dzia\u0142a\u0144 i ochron\u0119.<\/p>\n<p data-start=\"1156\" data-end=\"1468\"><strong data-start=\"1156\" data-end=\"1176\">Wykrywanie ciep\u0142a<\/strong><br data-start=\"1176\" data-end=\"1179\" \/>Detektor monitoruje temperatur\u0119 za pomoc\u0105 czterech oddzielnych czujnik\u00f3w ciep\u0142a, kt\u00f3re mierz\u0105 zar\u00f3wno szybko\u015b\u0107 wzrostu, jak i temperatur\u0119 bezwzgl\u0119dn\u0105.<\/p>\n<p data-start=\"1156\" data-end=\"1468\">Dzi\u0119ki tej podw\u00f3jnej metodzie monitorowania temperatury detektor mo\u017ce szybciej i dok\u0142adniej reagowa\u0107 na potencjalny po\u017car, co jeszcze bardziej zwi\u0119ksza bezpiecze\u0144stwo.<\/p>\n<p data-start=\"1470\" data-end=\"2006\"><strong data-start=\"1470\" data-end=\"1507\">\u0141atwa instalacja i u\u017cytkowanie<\/strong><br data-start=\"1507\" data-end=\"1510\" \/>Konstrukcja urz\u0105dzenia RWX35 zapewnia szybk\u0105 i \u0142atw\u0105 instalacj\u0119. Jest kompatybilny ze wszystkimi hybrydowymi i bezprzewodowymi systemami RISCO Group, w tym Agility3, Agility4 i WiComm Pro, a wykorzystuj\u0105c dwukierunkow\u0105 komunikacj\u0119 zapewnia ci\u0105g\u0142y i niezawodny monitoring.<\/p>\n<p data-start=\"1470\" data-end=\"2006\">Aby sprawdzi\u0107, czy detektor dzia\u0142a prawid\u0142owo, u\u017cytkownicy mog\u0105 po prostu nacisn\u0105\u0107 p\u0142ytk\u0119 naciskow\u0105, co spowoduje aktywacj\u0119 alarmu przeciwpo\u017carowego i potwierdzi, \u017ce system dzia\u0142a prawid\u0142owo. Aby zresetowa\u0107, naci\u015bnij przycisk wy\u0142\u0105czaj\u0105cy alarm.<\/p>\n<p data-start=\"2008\" data-end=\"2038\"><strong data-start=\"2008\" data-end=\"2036\">G\u0142\u00f3wne cechy:<\/strong><\/p>\n<ul data-start=\"2039\" data-end=\"2536\">\n<li data-start=\"2039\" data-end=\"2117\">\n<p data-start=\"2041\" data-end=\"2117\">Detekcja dymu: Komora fotoelektryczna i zaawansowany algorytm detekcji<\/p>\n<\/li>\n<li data-start=\"2118\" data-end=\"2224\">\n<p data-start=\"2120\" data-end=\"2224\">Detekcja ciep\u0142a: Cztery oddzielne czujniki ciep\u0142a mierz\u0105ce wzrost temperatury i temperatur\u0119 bezwzgl\u0119dn\u0105<\/p>\n<\/li>\n<li data-start=\"2225\" data-end=\"2320\">\n<p data-start=\"2227\" data-end=\"2320\">Proste testowanie: Naci\u015bnij przycisk, aby aktywowa\u0107 alarm przeciwpo\u017carowy i sprawdzi\u0107, czy dzia\u0142a prawid\u0142owo<\/p>\n<\/li>\n<li data-start=\"2321\" data-end=\"2404\">\n<p data-start=\"2323\" data-end=\"2404\">Bezprzewodowa komunikacja dwukierunkowa: Kompatybilny z Agility3, Agility4, WiComm Pro<\/p>\n<\/li>\n<li data-start=\"2405\" data-end=\"2473\">\n<p data-start=\"2407\" data-end=\"2473\">D\u0142uga \u017cywotno\u015b\u0107 baterii: Zasilane 4 bateriami litowymi CR123 3 V<\/p>\n<\/li>\n<li data-start=\"2474\" data-end=\"2536\">\n<p data-start=\"2476\" data-end=\"2536\">Elegancki design: \u0141atwo wpasowuje si\u0119 w ka\u017cde domowe otoczenie<\/p>\n<\/li>\n<\/ul>\n<p data-start=\"2538\" data-end=\"2569\"><strong data-start=\"2538\" data-end=\"2567\">Dane techniczne:<\/strong><\/p>\n<ul data-start=\"2570\" data-end=\"2952\">\n<li data-start=\"2570\" data-end=\"2595\">\n<p data-start=\"2572\" data-end=\"2595\">Cz\u0119stotliwo\u015b\u0107: 868MHz<\/p>\n<\/li>\n<li data-start=\"2596\" data-end=\"2656\">\n<p data-start=\"2598\" data-end=\"2656\">Typ baterii: 4 baterie litowe CR123 3 V (w zestawie)<\/p>\n<\/li>\n<li data-start=\"2657\" data-end=\"2711\">\n<p data-start=\"2659\" data-end=\"2711\">Zgodno\u015b\u0107: Agility3, Agility4, WiComm Pro<\/p>\n<\/li>\n<li data-start=\"2712\" data-end=\"2779\">\n<p data-start=\"2714\" data-end=\"2779\">Detekcja dymu: spe\u0142nia norm\u0119 EN14604 z komor\u0105 fotoelektryczn\u0105<\/p>\n<\/li>\n<li data-start=\"2780\" data-end=\"2838\">\n<p data-start=\"2782\" data-end=\"2838\">Monitorowanie temperatury: cztery oddzielne czujniki ciep\u0142a<\/p>\n<\/li>\n<li data-start=\"2839\" data-end=\"2902\">\n<p data-start=\"2841\" data-end=\"2902\">Wymiary: Kompaktowa i dyskretna konstrukcja u\u0142atwiaj\u0105ca instalacj\u0119<\/p>\n<\/li>\n<li data-start=\"2903\" data-end=\"2952\">\n<p data-start=\"2905\" data-end=\"2952\">Numer cz\u0119\u015bci dostawcy: RWX35S00800C<\/p>\n<\/li>\n<\/ul>\n<p data-start=\"2954\" data-end=\"3255\">Dwukierunkowy czujnik dymu i ciep\u0142a Risco to niezawodne i skuteczne rozwi\u0105zanie umo\u017cliwiaj\u0105ce wykrywanie zar\u00f3wno dymu, jak i ciep\u0142a w jednym systemie.<\/p>\n<p data-start=\"2954\" data-end=\"3255\">\u0141atwy monta\u017c i u\u017cytkowanie, wysoki poziom bezpiecze\u0144stwa i d\u0142ugi czas pracy baterii sprawiaj\u0105, \u017ce ten detektor doskonale nadaje si\u0119 do ochrony domu lub firmy przed po\u017carem.<\/p>","protected":false},"excerpt":{"rendered":"<p>Dwukierunkowy czujnik dymu i ciep\u0142a Risco RWX35S00800C \u0142\u0105czy w sobie wykrywanie dymu i ciep\u0142a w jednym urz\u0105dzeniu z zaawansowan\u0105 technologi\u0105 fotoelektryczn\u0105 i monitorowaniem temperatury.<\/p>\n<p>Zaprojektowane tak, aby pasowa\u0142o do ka\u017cdego \u015brodowiska, oferuje wysoki poziom bezpiecze\u0144stwa oraz \u0142atw\u0105 instalacj\u0119 i integracj\u0119 z systemami bezprzewodowymi RISCO.<\/p>","protected":false},"featured_media":145270,"template":"","meta":{"_acf_changed":false},"product_brand":[],"product_cat":[3188,2731],"product_tag":[3152],"class_list":{"0":"post-57493","1":"product","2":"type-product","3":"status-publish","4":"has-post-thumbnail","6":"product_cat-larmenheter-risco-larm","7":"product_cat-risco-larm","8":"product_tag-cr123-tillbehor","9":"product_shipping_class-postnord-varubrev","10":"pa_brands-4risco","11":"pa_risco-produkter-agility-3","12":"pa_risco-produkter-agility-4","13":"pa_wicomm-pro-kategorier-rokdetektorer","14":"tm-no-options","16":"first","17":"instock","18":"sale","19":"featured","20":"taxable","21":"shipping-taxable","22":"purchasable","23":"product-type-simple"},"acf":[],"_links":{"self":[{"href":"https:\/\/secureus.se\/pl\/wp-json\/wp\/v2\/product\/57493","targetHints":{"allow":["GET"]}}],"collection":[{"href":"https:\/\/secureus.se\/pl\/wp-json\/wp\/v2\/product"}],"about":[{"href":"https:\/\/secureus.se\/pl\/wp-json\/wp\/v2\/types\/product"}],"wp:featuredmedia":[{"embeddable":true,"href":"https:\/\/secureus.se\/pl\/wp-json\/wp\/v2\/media\/145270"}],"wp:attachment":[{"href":"https:\/\/secureus.se\/pl\/wp-json\/wp\/v2\/media?parent=57493"}],"wp:term":[{"taxonomy":"product_brand","embeddable":true,"href":"https:\/\/secureus.se\/pl\/wp-json\/wp\/v2\/product_brand?post=57493"},{"taxonomy":"product_cat","embeddable":true,"href":"https:\/\/secureus.se\/pl\/wp-json\/wp\/v2\/product_cat?post=57493"},{"taxonomy":"product_tag","embeddable":true,"href":"https:\/\/secureus.se\/pl\/wp-json\/wp\/v2\/product_tag?post=57493"}],"curies":[{"name":"wp","href":"https:\/\/api.w.org\/{rel}","templated":true}]}}