{"id":57494,"date":"2022-03-10T14:57:00","date_gmt":"2022-03-10T13:57:00","guid":{"rendered":"https:\/\/secureus.se\/produkt\/2-vags-wl-eyewave-pir-husdjurs-kamera-agililty4-och-wicomm-pro-2\/"},"modified":"2025-12-31T19:37:53","modified_gmt":"2025-12-31T18:37:53","slug":"risco-rorelsevakt-med-kamera-2-vags-husdjur-kameradetektor","status":"publish","type":"product","link":"https:\/\/secureus.se\/pl\/risco-rorelsevakt-med-kamera-2-vags-husdjur-kameradetektor\/","title":{"rendered":"Czujnik ruchu Risco z kamer\u0105 2-dro\u017cny + kamera dla zwierz\u0105t domowych"},"content":{"rendered":"<h1 data-start=\"541\" data-end=\"896\">Czujnik ruchu Risco z kamer\u0105 2-dro\u017cny + kamera dla zwierz\u0105t domowych<\/h1>\n<p data-start=\"541\" data-end=\"896\">Dwukierunkowy czujnik ruchu Risco z kamer\u0105 (czujnik kamery RWX95CMP800C) to zaawansowany czujnik PIR z wbudowan\u0105 kamer\u0105, przeznaczony do wizualnej weryfikacji w\u0142amania.<\/p>\n<p data-start=\"541\" data-end=\"896\">Zasilany bateryjnie detektor jest kompatybilny z systemem bezpiecze\u0144stwa Risco Agility\u2122 3 i oferuje szereg funkcji, dzi\u0119ki kt\u00f3rym idealnie nadaje si\u0119 do stosowania zar\u00f3wno w obiektach mieszkalnych, jak i komercyjnych.<\/p>\n<p data-start=\"898\" data-end=\"1358\">W przypadku w\u0142amania lub na \u017c\u0105danie w\u0142a\u015bciciela domu kamera rejestruje i przesy\u0142a sekwencj\u0119 obraz\u00f3w do panelu sterowania Agility 3\u2122.<\/p>\n<p data-start=\"898\" data-end=\"1358\">Obrazy te przesy\u0142ane s\u0105 za pomoc\u0105 komunikacji GPRS lub IP do zdalnego serwera lub do oprogramowania centralnej stacji monitoruj\u0105cej.<\/p>\n<p data-start=\"1360\" data-end=\"1761\">Jedn\u0105 z najwi\u0119kszych zalet tej kamery-detektora jest mo\u017cliwo\u015b\u0107 wizualnej weryfikacji zdarze\u0144 alarmowych, co pomaga zmniejszy\u0107 liczb\u0119 fa\u0142szywych alarm\u00f3w i zwi\u0119kszy\u0107 bezpiecze\u0144stwo.<\/p>\n<p data-start=\"1360\" data-end=\"1761\">Dzi\u0119ki otrzymaniu zdj\u0119\u0107 zdarzenia w\u0142a\u015bciciel domu mo\u017ce samodzielnie sprawdzi\u0107, czy faktycznie dosz\u0142o do w\u0142amania i szybko podj\u0105\u0107 dzia\u0142ania.<\/p>\n<p data-start=\"1360\" data-end=\"1761\">Oszcz\u0119dza to czas i zasoby zar\u00f3wno u\u017cytkownika, jak i centrali monitoruj\u0105cej.<\/p>\n<p data-start=\"1763\" data-end=\"2076\">Detektor kamery wyposa\u017cony jest w kamer\u0119 VGA lub QVGA o szerokim polu widzenia wynosz\u0105cym oko\u0142o 85\u00b0.<\/p>\n<p data-start=\"1763\" data-end=\"2076\">Aby umo\u017cliwi\u0107 robienie zdj\u0119\u0107 nawet w ciemno\u015bci, aparat wyposa\u017cono w dyskretn\u0105 lamp\u0119 b\u0142yskow\u0105 IR, kt\u00f3ra dzia\u0142a w zasi\u0119gu do 10 metr\u00f3w.<\/p>\n<p data-start=\"1763\" data-end=\"2076\">Mo\u017cna r\u00f3wnie\u017c skonfigurowa\u0107 liczb\u0119 obraz\u00f3w i liczb\u0119 klatek na sekund\u0119 (fps) w przypadku wyst\u0105pienia zdarzenia alarmowego.<\/p>\n<p data-start=\"2078\" data-end=\"2379\">Aby oszcz\u0119dza\u0107 bateri\u0119 i chroni\u0107 prywatno\u015b\u0107 u\u017cytkownika, podczas rozbrajania nie s\u0105 wykonywane \u017cadne zdj\u0119cia.<\/p>\n<p data-start=\"2078\" data-end=\"2379\">Dla u\u0142atwienia u\u017cytkowania obrazy mo\u017cna tak\u017ce zamawia\u0107 na \u017c\u0105danie za po\u015brednictwem smartfona lub przegl\u0105darki internetowej. Obrazy s\u0105 przechowywane na detektorze do momentu ich przes\u0142ania do panelu, co gwarantuje, \u017ce \u017caden wa\u017cny dow\u00f3d nie zostanie utracony.<\/p>\n<p data-start=\"2381\" data-end=\"2411\"><strong data-start=\"2381\" data-end=\"2409\">G\u0142\u00f3wne cechy:<\/strong><\/p>\n<ul data-start=\"2412\" data-end=\"3108\">\n<li data-start=\"2412\" data-end=\"2482\">\n<p data-start=\"2414\" data-end=\"2482\"><strong data-start=\"2414\" data-end=\"2425\">Kamera:<\/strong> Rozdzielczo\u015b\u0107 VGA lub QVGA z polem widzenia oko\u0142o 85\u00b0<\/p>\n<\/li>\n<li data-start=\"2483\" data-end=\"2568\">\n<p data-start=\"2485\" data-end=\"2568\"><strong data-start=\"2485\" data-end=\"2498\">Lampa b\u0142yskowa IR:<\/strong> Dyskretna lampa b\u0142yskowa IR do fotografowania w ca\u0142kowitej ciemno\u015bci, do 10 metr\u00f3w<\/p>\n<\/li>\n<li data-start=\"2569\" data-end=\"2612\">\n<p data-start=\"2571\" data-end=\"2612\"><strong data-start=\"2571\" data-end=\"2584\">Zakres:<\/strong> Zasi\u0119g wykrywania 12 metr\u00f3w<\/p>\n<\/li>\n<li data-start=\"2613\" data-end=\"2670\">\n<p data-start=\"2615\" data-end=\"2670\"><strong data-start=\"2615\" data-end=\"2627\">Bateria:<\/strong> Zasilany 2 wytrzyma\u0142ymi bateriami litowymi 3 V<\/p>\n<\/li>\n<li data-start=\"2671\" data-end=\"2764\">\n<p data-start=\"2673\" data-end=\"2764\"><strong data-start=\"2673\" data-end=\"2697\">Weryfikacja wizualna:<\/strong> Wysy\u0142a obrazy w przypadku w\u0142ama\u0144 i na \u017c\u0105danie u\u017cytkownika<\/p>\n<\/li>\n<li data-start=\"2765\" data-end=\"2830\">\n<p data-start=\"2767\" data-end=\"2830\"><strong data-start=\"2767\" data-end=\"2786\">Zgodno\u015b\u0107:<\/strong> Zgodny z systemem bezpiecze\u0144stwa Agility\u2122 3<\/p>\n<\/li>\n<li data-start=\"2831\" data-end=\"2905\">\n<p data-start=\"2833\" data-end=\"2905\"><strong data-start=\"2833\" data-end=\"2855\">Sekwencja obraz\u00f3w:<\/strong> Konfigurowalna liczba klatek i fps podczas wydarzenia<\/p>\n<\/li>\n<li data-start=\"2906\" data-end=\"2961\">\n<p data-start=\"2908\" data-end=\"2961\"><strong data-start=\"2908\" data-end=\"2929\">Ochrona prywatno\u015bci:<\/strong> Podczas rozbrajania nie s\u0105 wykonywane \u017cadne zdj\u0119cia<\/p>\n<\/li>\n<li data-start=\"2962\" data-end=\"3034\">\n<p data-start=\"2964\" data-end=\"3034\"><strong data-start=\"2964\" data-end=\"2981\">Dost\u0119p zdalny:<\/strong> Obrazy mo\u017cna zam\u00f3wi\u0107 za pomoc\u0105 smartfona lub przegl\u0105darki<\/p>\n<\/li>\n<li data-start=\"3035\" data-end=\"3108\">\n<p data-start=\"3037\" data-end=\"3108\"><strong data-start=\"3037\" data-end=\"3049\">Sk\u0142adowanie:<\/strong> Obrazy s\u0105 przechowywane na detektorze do momentu ich wys\u0142ania do panelu<\/p>\n<\/li>\n<\/ul>\n<p data-start=\"3110\" data-end=\"3141\"><strong data-start=\"3110\" data-end=\"3139\">Dane techniczne:<\/strong><\/p>\n<ul data-start=\"3142\" data-end=\"3481\">\n<li data-start=\"3142\" data-end=\"3176\">\n<p data-start=\"3144\" data-end=\"3176\"><strong data-start=\"3144\" data-end=\"3159\">Rezolucja:<\/strong> VGA lub QVGA<\/p>\n<\/li>\n<li data-start=\"3177\" data-end=\"3197\">\n<p data-start=\"3179\" data-end=\"3197\"><strong data-start=\"3179\" data-end=\"3191\">Pole widzenia:<\/strong> 85\u00b0<\/p>\n<\/li>\n<li data-start=\"3198\" data-end=\"3224\">\n<p data-start=\"3200\" data-end=\"3224\"><strong data-start=\"3200\" data-end=\"3213\">Zakres:<\/strong> 12 metr\u00f3w<\/p>\n<\/li>\n<li data-start=\"3225\" data-end=\"3260\">\n<p data-start=\"3227\" data-end=\"3260\"><strong data-start=\"3227\" data-end=\"3240\">Lampa b\u0142yskowa IR:<\/strong> Do 10 metr\u00f3w<\/p>\n<\/li>\n<li data-start=\"3261\" data-end=\"3300\">\n<p data-start=\"3263\" data-end=\"3300\"><strong data-start=\"3263\" data-end=\"3275\">Bateria:<\/strong> 2 baterie litowe 3 V<\/p>\n<\/li>\n<li data-start=\"3301\" data-end=\"3340\">\n<p data-start=\"3303\" data-end=\"3340\"><strong data-start=\"3303\" data-end=\"3319\">Wymiary:<\/strong> Wymiary: 132 x 67,5 x 56 mm<\/p>\n<\/li>\n<li data-start=\"3341\" data-end=\"3433\">\n<p data-start=\"3343\" data-end=\"3433\"><strong data-start=\"3343\" data-end=\"3358\">Cechy:<\/strong> Czujnik PIR, kamera, lampa b\u0142yskowa IR, komunikacja bezprzewodowa, weryfikacja wizualna<\/p>\n<\/li>\n<li data-start=\"3434\" data-end=\"3481\">\n<p data-start=\"3436\" data-end=\"3481\"><strong data-start=\"3436\" data-end=\"3468\">Numer artyku\u0142u dostawcy:<\/strong> RWX95CMP800C<\/p>\n<\/li>\n<\/ul>\n<p data-start=\"3483\" data-end=\"3776\">Dwukierunkowy czujnik ruchu z kamer\u0105 Risco to doskona\u0142y wyb\u00f3r dla u\u017cytkownik\u00f3w, kt\u00f3rym zale\u017cy zar\u00f3wno na wykrywaniu ruchu, jak i wizualnej weryfikacji zdarze\u0144 zwi\u0105zanych z bezpiecze\u0144stwem.<\/p>\n<p data-start=\"3483\" data-end=\"3776\">Dzi\u0119ki zaawansowanej technologii, \u0142atwym w obs\u0142udze funkcjom i zasilaniu bateryjnemu, ten detektor jest niezawodnym elementem ka\u017cdego systemu bezpiecze\u0144stwa.<\/p>\n<div class=\"field field-name-field-product-description field-type-text-long field-label-hidden\">\n<div class=\"field-items\">\n<div class=\"field-item even\">\n<div>\n<div class=\"row\">\n<div>\n<h4>Dowiedz si\u0119 wi\u0119cej o WiComm Pro i tych mo\u017cliwo\u015bciach!<\/h4>\n<p><a href=\"https:\/\/www.riscogroup.com\/products\/product\/52708\" target=\"_blank\" rel=\"noopener\">Tutaj mo\u017cesz przeczyta\u0107 wi\u0119cej o WiCom Pro na stronie internetowej Risco Group\u00a0<\/a><\/p>\n<p><iframe title=\"Wicomm Smart Hub USA\" width=\"1170\" height=\"658\" src=\"https:\/\/www.youtube.com\/embed\/5PHoH2dRjEs?feature=oembed\" frameborder=\"0\" allow=\"accelerometer; autoplay; clipboard-write; encrypted-media; gyroscope; picture-in-picture; web-share\" referrerpolicy=\"strict-origin-when-cross-origin\" allowfullscreen><\/iframe><\/p>\n<\/div>\n<\/div>\n<\/div>\n<\/div>\n<\/div>\n<\/div>","protected":false},"excerpt":{"rendered":"<p>Dwukierunkowy czujnik ruchu Risco z kamer\u0105 i funkcj\u0105 wykrywania zwierz\u0105t (RWX95CMP800C) to zasilany bateryjnie czujnik PIR ze zintegrowan\u0105 kamer\u0105 umo\u017cliwiaj\u0105c\u0105 wizualn\u0105 weryfikacj\u0119.<\/p>\n<p>Doskonale nadaje si\u0119 do stosowania z systemem bezpiecze\u0144stwa Agility\u2122 3 i oferuje zasi\u0119g 12 metr\u00f3w, szerokok\u0105tny obiektyw i dyskretn\u0105 lamp\u0119 b\u0142yskow\u0105 IR do robienia zdj\u0119\u0107 w ciemno\u015bci. Funkcja dla zwierz\u0105t do 36 kg.<\/p>","protected":false},"featured_media":145489,"template":"","meta":{"_acf_changed":false},"product_brand":[],"product_cat":[3188,2731],"product_tag":[],"class_list":{"0":"post-57494","1":"product","2":"type-product","3":"status-publish","4":"has-post-thumbnail","6":"product_cat-larmenheter-risco-larm","7":"product_cat-risco-larm","8":"product_shipping_class-postnord-varubrev","9":"pa_brands-4risco","10":"pa_risco-produkter-agility-3","11":"pa_risco-produkter-agility-4","12":"pa_wicomm-pro-kategorier-kameradetektorer","13":"tm-no-options","15":"first","16":"instock","17":"sale","18":"featured","19":"taxable","20":"shipping-taxable","21":"purchasable","22":"product-type-simple"},"acf":[],"_links":{"self":[{"href":"https:\/\/secureus.se\/pl\/wp-json\/wp\/v2\/product\/57494","targetHints":{"allow":["GET"]}}],"collection":[{"href":"https:\/\/secureus.se\/pl\/wp-json\/wp\/v2\/product"}],"about":[{"href":"https:\/\/secureus.se\/pl\/wp-json\/wp\/v2\/types\/product"}],"wp:featuredmedia":[{"embeddable":true,"href":"https:\/\/secureus.se\/pl\/wp-json\/wp\/v2\/media\/145489"}],"wp:attachment":[{"href":"https:\/\/secureus.se\/pl\/wp-json\/wp\/v2\/media?parent=57494"}],"wp:term":[{"taxonomy":"product_brand","embeddable":true,"href":"https:\/\/secureus.se\/pl\/wp-json\/wp\/v2\/product_brand?post=57494"},{"taxonomy":"product_cat","embeddable":true,"href":"https:\/\/secureus.se\/pl\/wp-json\/wp\/v2\/product_cat?post=57494"},{"taxonomy":"product_tag","embeddable":true,"href":"https:\/\/secureus.se\/pl\/wp-json\/wp\/v2\/product_tag?post=57494"}],"curies":[{"name":"wp","href":"https:\/\/api.w.org\/{rel}","templated":true}]}}