{"id":57495,"date":"2022-03-10T14:57:00","date_gmt":"2022-03-10T13:57:00","guid":{"rendered":"https:\/\/secureus.se\/produkt\/rorelsesensor-t95-digital-ir-15-x-15-meter\/"},"modified":"2025-12-31T19:41:31","modified_gmt":"2025-12-31T18:41:31","slug":"risco-2-vags-rorelsevakt-pir-rorelsedetektor-t95","status":"publish","type":"product","link":"https:\/\/secureus.se\/pl\/risco-2-vags-rorelsevakt-pir-rorelsedetektor-t95\/","title":{"rendered":"Dwukierunkowy monitor ruchu Risco - czujka ruchu PIR T95"},"content":{"rendered":"<h1>Dwukierunkowy monitor ruchu Risco - czujka ruchu PIR T95<\/h1>\n<p data-start=\"486\" data-end=\"883\">Dwukierunkowy czujnik ruchu PIR Risco TP95 (mod. RWX95086800) to bezprzewodowy pasywny czujnik ruchu na podczerwie\u0144, kt\u00f3ry oferuje niezawodne rozwi\u0105zanie dla system\u00f3w bezpiecze\u0144stwa, w kt\u00f3rych licz\u0105 si\u0119 wysoka wydajno\u015b\u0107 i \u0142atwo\u015b\u0107 instalacji.<\/p>\n<p data-start=\"486\" data-end=\"883\">Dzi\u0119ki zasi\u0119gowi do 15\u00d715 metr\u00f3w i wysoko\u015bci monta\u017cu od 2,2 do 2,5 metra, detektor ten nadaje si\u0119 do instalacji bezpiecze\u0144stwa zar\u00f3wno w domach, jak i obiektach komercyjnych.<\/p>\n<p data-start=\"885\" data-end=\"1131\">Detektor zaprojektowano tak, aby mo\u017cna go by\u0142o \u0142atwo zamontowa\u0107 w naro\u017cniku lub p\u0142asko na \u015bcianie bez konieczno\u015bci stosowania dodatkowych akcesori\u00f3w, dzi\u0119ki czemu instalacja jest szybka i \u0142atwa.<\/p>\n<p data-start=\"885\" data-end=\"1131\">Urz\u0105dzenie jest zasilane litowo-jonow\u0105 bateri\u0105 o d\u0142ugiej \u017cywotno\u015bci 3 V (w zestawie), co gwarantuje d\u0142ugotrwa\u0142e dzia\u0142anie.<\/p>\n<p data-start=\"1133\" data-end=\"1483\">Jedn\u0105 z najwa\u017cniejszych cech czujnika Tp95 jest zabezpieczenie czujnika, kt\u00f3re zapobiega fa\u0142szywym alarmom wywo\u0142ywanym przez owady.<\/p>\n<p data-start=\"1133\" data-end=\"1483\">Pigmentowana soczewka szerokok\u0105tna chroni przed bia\u0142ym \u015bwiat\u0142em i minimalizuje ryzyko fa\u0142szywych alarm\u00f3w wywo\u0142anych przez jasne \u015bwiat\u0142o otoczenia.<\/p>\n<p data-start=\"1133\" data-end=\"1483\">Dzi\u0119ki temu jest to idealne rozwi\u0105zanie w przypadku instalacji w \u015brodowiskach, w kt\u00f3rych tego typu zak\u0142\u00f3cenia mog\u0105 wyst\u0119powa\u0107.<\/p>\n<p data-start=\"1485\" data-end=\"1728\">Aby zapewni\u0107 dodatkowe bezpiecze\u0144stwo, Tp95 wyposa\u017cono w zabezpieczenie antysabota\u017cowe, co oznacza, \u017ce w przypadku pr\u00f3by oderwania czujnika od \u015bciany, natychmiast w\u0142\u0105czy si\u0119 alarm.<\/p>\n<p data-start=\"1485\" data-end=\"1728\">Dzi\u0119ki temu system jest niezwykle odporny na manipulacje i w\u0142amania.<\/p>\n<p data-start=\"1730\" data-end=\"1988\">Czujnik ruchu Risco PIR 2-way Motion Sensor Tp95 wykorzystuje dwukierunkow\u0105 komunikacj\u0119 radiow\u0105, co umo\u017cliwia bezprzewodow\u0105 komunikacj\u0119 z systemem bezpiecze\u0144stwa.<\/p>\n<p data-start=\"1730\" data-end=\"1988\">Urz\u0105dzenie charakteryzuje si\u0119 tak\u017ce cyfrowym przetwarzaniem sygna\u0142u i rzeczywist\u0105 kompensacj\u0105 temperatury, co poprawia jego wydajno\u015b\u0107 i dok\u0142adno\u015b\u0107.<\/p>\n<p data-start=\"1990\" data-end=\"2020\"><strong data-start=\"1990\" data-end=\"2018\">G\u0142\u00f3wne cechy:<\/strong><\/p>\n<ul data-start=\"2021\" data-end=\"2601\">\n<li data-start=\"2021\" data-end=\"2050\">\n<p data-start=\"2023\" data-end=\"2050\"><strong data-start=\"2023\" data-end=\"2036\">Zakres:<\/strong> 15\u00d715 metr\u00f3w<\/p>\n<\/li>\n<li data-start=\"2051\" data-end=\"2093\">\n<p data-start=\"2053\" data-end=\"2093\"><strong data-start=\"2053\" data-end=\"2072\">Wysoko\u015b\u0107 monta\u017cu:<\/strong> 2,2 do 2,5 metra<\/p>\n<\/li>\n<li data-start=\"2094\" data-end=\"2170\">\n<p data-start=\"2096\" data-end=\"2170\"><strong data-start=\"2096\" data-end=\"2116\">D\u0142ugi czas pracy baterii:<\/strong> Zasilany wytrzyma\u0142\u0105 bateri\u0105 litow\u0105 3 V (w zestawie)<\/p>\n<\/li>\n<li data-start=\"2171\" data-end=\"2233\">\n<p data-start=\"2173\" data-end=\"2233\"><strong data-start=\"2173\" data-end=\"2189\">Ochrona czujnika:<\/strong> Zapobiega fa\u0142szywym alarmom wywo\u0142ywanym przez owady<\/p>\n<\/li>\n<li data-start=\"2234\" data-end=\"2318\">\n<p data-start=\"2236\" data-end=\"2318\"><strong data-start=\"2236\" data-end=\"2266\">Soczewka szerokok\u0105tna pigmentowana:<\/strong> Chroni przed bia\u0142ym \u015bwiat\u0142em, zapobiegaj\u0105c fa\u0142szywym alarmom<\/p>\n<\/li>\n<li data-start=\"2319\" data-end=\"2375\">\n<p data-start=\"2321\" data-end=\"2375\"><strong data-start=\"2321\" data-end=\"2339\">Ochrona przed manipulacj\u0105:<\/strong> Zabezpieczenie przed wyrwaniem ze \u015bciany<\/p>\n<\/li>\n<li data-start=\"2376\" data-end=\"2458\">\n<p data-start=\"2378\" data-end=\"2458\"><strong data-start=\"2378\" data-end=\"2399\">Detektor cyfrowy:<\/strong> Z prawdziw\u0105 kompensacj\u0105 temperatury dla wi\u0119kszej dok\u0142adno\u015bci<\/p>\n<\/li>\n<li data-start=\"2459\" data-end=\"2532\">\n<p data-start=\"2461\" data-end=\"2532\"><strong data-start=\"2461\" data-end=\"2487\">Komunikacja bezprzewodowa:<\/strong> Radiotelefon dwukierunkowy zapewniaj\u0105cy niezawodn\u0105 transmisj\u0119 sygna\u0142u<\/p>\n<\/li>\n<li data-start=\"2533\" data-end=\"2601\">\n<p data-start=\"2535\" data-end=\"2601\"><strong data-start=\"2535\" data-end=\"2561\">Elastyczna instalacja:<\/strong> Mo\u017cna zamontowa\u0107 w rogu lub p\u0142asko na \u015bcianie<\/p>\n<\/li>\n<\/ul>\n<p data-start=\"2603\" data-end=\"2634\"><strong data-start=\"2603\" data-end=\"2632\">Dane techniczne:<\/strong><\/p>\n<ul data-start=\"2635\" data-end=\"3108\">\n<li data-start=\"2635\" data-end=\"2660\">\n<p data-start=\"2637\" data-end=\"2660\"><strong data-start=\"2637\" data-end=\"2650\">Cz\u0119stotliwo\u015b\u0107:<\/strong> 868 MHz<\/p>\n<\/li>\n<li data-start=\"2661\" data-end=\"2705\">\n<p data-start=\"2663\" data-end=\"2705\"><strong data-start=\"2663\" data-end=\"2676\">Zakres:<\/strong> 15\u00d715 metr\u00f3w (czujnik PIR)<\/p>\n<\/li>\n<li data-start=\"2706\" data-end=\"2748\">\n<p data-start=\"2708\" data-end=\"2748\"><strong data-start=\"2708\" data-end=\"2727\">Wysoko\u015b\u0107 monta\u017cu:<\/strong> 2,2 do 2,5 metra<\/p>\n<\/li>\n<li data-start=\"2749\" data-end=\"2803\">\n<p data-start=\"2751\" data-end=\"2803\"><strong data-start=\"2751\" data-end=\"2772\">Zasilanie:<\/strong> Bateria litowa 3 V (w zestawie)<\/p>\n<\/li>\n<li data-start=\"2804\" data-end=\"2885\">\n<p data-start=\"2806\" data-end=\"2885\"><strong data-start=\"2806\" data-end=\"2816\">Ochrona:<\/strong> Ochrona czujnika przed owadami, soczewka pigmentowana chroni\u0105ca przed bia\u0142ym \u015bwiat\u0142em<\/p>\n<\/li>\n<li data-start=\"2886\" data-end=\"2932\">\n<p data-start=\"2888\" data-end=\"2932\"><strong data-start=\"2888\" data-end=\"2906\">Ochrona przed manipulacj\u0105:<\/strong> Zapobiega manipulacjom<\/p>\n<\/li>\n<li data-start=\"2933\" data-end=\"2993\">\n<p data-start=\"2935\" data-end=\"2993\"><strong data-start=\"2935\" data-end=\"2962\">Kompensacja temperatury:<\/strong> Tak, przetwarzanie sygna\u0142u cyfrowego<\/p>\n<\/li>\n<li data-start=\"2994\" data-end=\"3061\">\n<p data-start=\"2996\" data-end=\"3061\"><strong data-start=\"2996\" data-end=\"3018\">Wymagania instalacyjne:<\/strong> \u0141atwy monta\u017c bez dodatkowych akcesori\u00f3w<\/p>\n<\/li>\n<li data-start=\"3062\" data-end=\"3108\">\n<p data-start=\"3064\" data-end=\"3108\"><strong data-start=\"3064\" data-end=\"3096\">Numer artyku\u0142u dostawcy:<\/strong> RWX95086800<\/p>\n<\/li>\n<\/ul>\n<p data-start=\"3110\" data-end=\"3375\">Dwukierunkowy czujnik ruchu PIR Risco Tp95 to wydajne rozwi\u0105zanie zabezpieczaj\u0105ce z d\u0142ugim czasem pracy baterii i solidn\u0105 ochron\u0105 przed fa\u0142szywymi alarmami i sabota\u017cem.<\/p>\n<p data-start=\"3110\" data-end=\"3375\">Doskonale sprawdzi si\u0119 zar\u00f3wno w domach, jak i firmach, kt\u00f3re potrzebuj\u0105 niezawodnego i elastycznego systemu bezpiecze\u0144stwa.<\/p>","protected":false},"excerpt":{"rendered":"<p>Czujnik ruchu Risco 2-way Motion Sensor PIR Motion Detector Tp95 to cyfrowy bezprzewodowy pasywny czujnik podczerwieni o zasi\u0119gu do 15\u00d715 metr\u00f3w.<\/p>\n<p>\u0141atwy monta\u017c w naro\u017cnikach lub na \u015bcianach bez dodatkowych akcesori\u00f3w. Posiada bateri\u0119 o d\u0142ugim czasie pracy, pigmentowany szerokok\u0105tny obiektyw chroni\u0105cy przed bia\u0142ym \u015bwiat\u0142em i zapewniaj\u0105cy ochron\u0119 przed ingerencj\u0105 os\u00f3b niepowo\u0142anych.<\/p>","protected":false},"featured_media":145476,"template":"","meta":{"_acf_changed":false},"product_brand":[],"product_cat":[3188,2731],"product_tag":[],"class_list":{"0":"post-57495","1":"product","2":"type-product","3":"status-publish","4":"has-post-thumbnail","6":"product_cat-larmenheter-risco-larm","7":"product_cat-risco-larm","8":"product_shipping_class-postnord-varubrev","9":"pa_brands-4risco","10":"pa_risco-produkter-agility-2","11":"pa_risco-produkter-agility-3","12":"pa_risco-produkter-agility-4","13":"tm-no-options","15":"first","16":"instock","17":"sale","18":"featured","19":"taxable","20":"shipping-taxable","21":"purchasable","22":"product-type-simple"},"acf":[],"_links":{"self":[{"href":"https:\/\/secureus.se\/pl\/wp-json\/wp\/v2\/product\/57495","targetHints":{"allow":["GET"]}}],"collection":[{"href":"https:\/\/secureus.se\/pl\/wp-json\/wp\/v2\/product"}],"about":[{"href":"https:\/\/secureus.se\/pl\/wp-json\/wp\/v2\/types\/product"}],"wp:featuredmedia":[{"embeddable":true,"href":"https:\/\/secureus.se\/pl\/wp-json\/wp\/v2\/media\/145476"}],"wp:attachment":[{"href":"https:\/\/secureus.se\/pl\/wp-json\/wp\/v2\/media?parent=57495"}],"wp:term":[{"taxonomy":"product_brand","embeddable":true,"href":"https:\/\/secureus.se\/pl\/wp-json\/wp\/v2\/product_brand?post=57495"},{"taxonomy":"product_cat","embeddable":true,"href":"https:\/\/secureus.se\/pl\/wp-json\/wp\/v2\/product_cat?post=57495"},{"taxonomy":"product_tag","embeddable":true,"href":"https:\/\/secureus.se\/pl\/wp-json\/wp\/v2\/product_tag?post=57495"}],"curies":[{"name":"wp","href":"https:\/\/api.w.org\/{rel}","templated":true}]}}