{"id":57496,"date":"2022-03-10T14:57:00","date_gmt":"2022-03-10T13:57:00","guid":{"rendered":"https:\/\/secureus.se\/produkt\/tagg-nyckelbricka-agility-risco-och-logo\/"},"modified":"2025-12-31T19:38:06","modified_gmt":"2025-12-31T18:38:06","slug":"tagg-till-risco-knappsats-2-pack","status":"publish","type":"product","link":"https:\/\/secureus.se\/pl\/tagg-till-risco-knappsats-2-pack\/","title":{"rendered":"Risco Proxtag dla klawiatury Agility i WiComm Pro \u2013 zestaw 2 szt."},"content":{"rendered":"<h1>Zawieszka do klawiatury Risco w zestawie 2 sztuk<\/h1>\n<p>Kompatybilny z panelami panda<\/p>\n<h3 class=\"product-details-module__title ec-header-h6\">Szczeg\u00f3\u0142y produktu Tagg Agility WiComm Pro<\/h3>\n<div class=\"product-details-module__content\">\n<div id=\"productDescription\" class=\"product-details__product-description\">\n<div>\n<p>Proste rozbrajanie i uzbrajanie za pomoc\u0105\u00a0<strong>znaczniki alarmowe<\/strong>, zwane tak\u017ce tagami.<\/p>\n<p>Mo\u017cna przyczepi\u0107 do breloczka do kluczy. Zawieszka alarmowa jest osobista i stanowi uzupe\u0142nienie czterocyfrowego kodu.<\/p>\n<p>Elastyczno\u015b\u0107 sprawia, \u017ce taca alarmowa cieszy si\u0119 du\u017cym zainteresowaniem w\u015br\u00f3d naszych Klient\u00f3w.<\/p>\n<p>Tag to wygodny spos\u00f3b zarz\u0105dzania i kontrolowania alarm\u00f3w - je\u015bli go zgubisz, wystarczy go zaprogramowa\u0107 i doda\u0107 nowy.<\/p>\n<p>Jedn\u0105 i t\u0119 sam\u0105 zawieszk\u0119 alarmow\u0105 mo\u017cna wykorzysta\u0107 w kilku r\u00f3\u017cnych systemach alarmowych, np. do alarmowania w domu, pracy czy domku letniskowym.<\/p>\n<h4>Dowiedz si\u0119 wi\u0119cej o WiComm Pro i tych mo\u017cliwo\u015bciach!<\/h4>\n<p><a href=\"https:\/\/www.riscogroup.com\/products\/product\/52708\" target=\"_blank\" rel=\"noopener\">Tutaj mo\u017cesz przeczyta\u0107 wi\u0119cej o WiCom Pro na stronie internetowej Risco Group\u00a0<\/a><\/p>\n<p><iframe title=\"Wicomm Smart Hub USA\" width=\"1170\" height=\"658\" src=\"https:\/\/www.youtube.com\/embed\/5PHoH2dRjEs?feature=oembed\" frameborder=\"0\" allow=\"accelerometer; autoplay; clipboard-write; encrypted-media; gyroscope; picture-in-picture; web-share\" referrerpolicy=\"strict-origin-when-cross-origin\" allowfullscreen><\/iframe><\/p>\n<\/div>\n<\/div>\n<\/div>","protected":false},"excerpt":{"rendered":"<p>Do panelu Panda Risco. Proste rozbrajanie i uzbrajanie za pomoc\u0105 <strong>znaczniki alarmowe<\/strong>, zwane tak\u017ce tagami.<\/p>\n<p>Mo\u017cna przyczepi\u0107 do breloczka do kluczy. Zawieszka alarmowa jest osobista i stanowi uzupe\u0142nienie czterocyfrowego kodu.<\/p>\n<p><span data-teams=\"true\"><span class=\"ui-provider a b c d e f g h i j k l m n o p q r s t u v w x y z ab ac ae af ag ah ai aj ak\" dir=\"ltr\">Produkt jest dostarczany z 2 metkami.<\/span><\/span><\/p>","protected":false},"featured_media":145696,"template":"","meta":{"_acf_changed":false},"product_brand":[],"product_cat":[4882,4881,4879],"product_tag":[2426,2958],"class_list":{"0":"post-57496","1":"product","2":"type-product","3":"status-publish","4":"has-post-thumbnail","6":"product_cat-agility-v4-3-2","7":"product_cat-overfallslarm-fjarrkontroll","8":"product_cat-wicomm-pro","9":"product_tag-rel-risco","10":"product_tag-stonehouse-produkt","11":"product_shipping_class-postnord-varubrev","12":"pa_brands-stonehouse-security","13":"pa_risco-produkter-agility-4","14":"tm-no-options","16":"first","17":"instock","18":"sale","19":"featured","20":"taxable","21":"shipping-taxable","22":"purchasable","23":"product-type-simple"},"acf":[],"_links":{"self":[{"href":"https:\/\/secureus.se\/pl\/wp-json\/wp\/v2\/product\/57496","targetHints":{"allow":["GET"]}}],"collection":[{"href":"https:\/\/secureus.se\/pl\/wp-json\/wp\/v2\/product"}],"about":[{"href":"https:\/\/secureus.se\/pl\/wp-json\/wp\/v2\/types\/product"}],"wp:featuredmedia":[{"embeddable":true,"href":"https:\/\/secureus.se\/pl\/wp-json\/wp\/v2\/media\/145696"}],"wp:attachment":[{"href":"https:\/\/secureus.se\/pl\/wp-json\/wp\/v2\/media?parent=57496"}],"wp:term":[{"taxonomy":"product_brand","embeddable":true,"href":"https:\/\/secureus.se\/pl\/wp-json\/wp\/v2\/product_brand?post=57496"},{"taxonomy":"product_cat","embeddable":true,"href":"https:\/\/secureus.se\/pl\/wp-json\/wp\/v2\/product_cat?post=57496"},{"taxonomy":"product_tag","embeddable":true,"href":"https:\/\/secureus.se\/pl\/wp-json\/wp\/v2\/product_tag?post=57496"}],"curies":[{"name":"wp","href":"https:\/\/api.w.org\/{rel}","templated":true}]}}