{"id":57497,"date":"2022-03-10T14:57:00","date_gmt":"2022-03-10T13:57:00","guid":{"rendered":"https:\/\/secureus.se\/produkt\/rorelsesensor-t95p-digital-ir-15-x-15-meter-med-husdjursimmunitet\/"},"modified":"2026-01-16T18:49:07","modified_gmt":"2026-01-16T17:49:07","slug":"risco-rorelsevakt-husdjur-rorelsedetektor-2-vags-t95-pet","status":"publish","type":"product","link":"https:\/\/secureus.se\/pl\/risco-rorelsevakt-husdjur-rorelsedetektor-2-vags-t95-pet\/","title":{"rendered":"Czujnik ruchu Risco + czujnik ruchu dla zwierz\u0105t domowych 2-dro\u017cny T95 dla zwierz\u0105t domowych"},"content":{"rendered":"<h1>Czujnik ruchu Risco + czujnik ruchu dla zwierz\u0105t domowych 2-dro\u017cny T95 dla zwierz\u0105t domowych<\/h1>\n<p data-start=\"410\" data-end=\"738\">Czujnik ruchu Risco 2-Way Motion Sensor T95 Pet (mod. RWX95P86800) to cyfrowy bezprzewodowy pasywny czujnik podczerwieni (PIR), kt\u00f3ry doskonale sprawdza si\u0119 w domach, biurach i ma\u0142ych instalacjach komercyjnych.<\/p>\n<p data-start=\"410\" data-end=\"738\">Zasi\u0119g detektora wynosi 12\u00d712 metr\u00f3w (40&#039;x40&#039;), a szerokie pole widzenia gwarantuje, \u017ce \u017caden obszar nie pozostanie niechroniony.<\/p>\n<p data-start=\"740\" data-end=\"1129\"><strong data-start=\"740\" data-end=\"761\">Odporno\u015b\u0107 na zwierz\u0119ta<\/strong><br data-start=\"761\" data-end=\"764\" \/>Jedn\u0105 z najbardziej charakterystycznych cech T95 Pet jest jego odporno\u015b\u0107 na zwierz\u0119ta. Urz\u0105dzenie jest wyposa\u017cone w funkcj\u0119 zmiennego progu wykrywania zwierz\u0105t (VPT\u2122), dzi\u0119ki czemu idealnie nadaje si\u0119 do miejsc, w kt\u00f3rych przebywaj\u0105 zwierz\u0119ta, poniewa\u017c ignoruje ruchy zwierz\u0105t o wadze do 36 kg (80 funt\u00f3w).<\/p>\n<p data-start=\"740\" data-end=\"1129\">Dzi\u0119ki temu detektor doskonale sprawdzi si\u0119 w gospodarstwach domowych i biurach, w kt\u00f3rych znajduj\u0105 si\u0119 ma\u0142e lub \u015bredniej wielko\u015bci zwierz\u0119ta domowe, nie powoduj\u0105c fa\u0142szywych alarm\u00f3w.<\/p>\n<p data-start=\"1131\" data-end=\"1453\"><strong data-start=\"1131\" data-end=\"1163\">Dwukierunkowa komunikacja bezprzewodowa<\/strong><br data-start=\"1163\" data-end=\"1166\" \/>Urz\u0105dzenie T95 Pet wykorzystuje dwukierunkow\u0105 komunikacj\u0119 bezprzewodow\u0105, co zapewnia wi\u0119ksze bezpiecze\u0144stwo dzi\u0119ki zmniejszeniu przeci\u0105\u017cenia sieci bezprzewodowej oraz wydajnemu zdalnemu sterowaniu i diagnostyce.<\/p>\n<p data-start=\"1131\" data-end=\"1453\">Funkcja ta u\u0142atwia utrzymanie optymalnej pracy systemu przy jednoczesnym zachowaniu niskiego poziomu komunikacji RF w celu ograniczenia zak\u0142\u00f3ce\u0144.<\/p>\n<p data-start=\"1455\" data-end=\"1735\"><strong data-start=\"1455\" data-end=\"1487\">Inteligentne przetwarzanie sygna\u0142\u00f3w<\/strong><br data-start=\"1487\" data-end=\"1490\" \/>Cyfrowe przetwarzanie sygna\u0142u gwarantuje, \u017ce detektor mo\u017ce wykrywa\u0107 ruch dok\u0142adnie i niezawodnie.<\/p>\n<p data-start=\"1455\" data-end=\"1735\">Wyposa\u017cono go tak\u017ce w os\u0142on\u0119 czujnika, kt\u00f3ra zapobiega fa\u0142szywym alarmom wywo\u0142ywanym przez ma\u0142e owady, dzi\u0119ki czemu system jest jeszcze bardziej niezawodny.<\/p>\n<p data-start=\"1737\" data-end=\"2023\"><strong data-start=\"1737\" data-end=\"1755\">Opcjonalne soczewki<\/strong><br data-start=\"1755\" data-end=\"1758\" \/>Aby jeszcze lepiej dostosowa\u0107 system do konkretnych potrzeb, okulary T95 Pet s\u0105 wyposa\u017cone w opcjonalne soczewki, kt\u00f3re umo\u017cliwiaj\u0105 indywidualne dopasowanie zasi\u0119gu wzroku.<\/p>\n<p data-start=\"1737\" data-end=\"2023\">U\u017cyj standardowej soczewki zapewniaj\u0105cej zasi\u0119g 12 metr\u00f3w (40&#039;) lub wybierz soczewk\u0119 kurtynow\u0105, aby zapewni\u0107 ochron\u0119 na wi\u0119ksze odleg\u0142o\u015bci (do 23 m\/75&#039;).<\/p>\n<p data-start=\"2025\" data-end=\"2055\"><strong data-start=\"2025\" data-end=\"2053\">G\u0142\u00f3wne cechy:<\/strong><\/p>\n<ul data-start=\"2056\" data-end=\"2581\">\n<li data-start=\"2056\" data-end=\"2105\">\n<p data-start=\"2058\" data-end=\"2105\"><strong data-start=\"2058\" data-end=\"2071\">Zasi\u0119g:<\/strong> 12\u00d712 metr\u00f3w (40&#039;x40&#039;) szeroki k\u0105t<\/p>\n<\/li>\n<li data-start=\"2106\" data-end=\"2191\">\n<p data-start=\"2108\" data-end=\"2191\"><strong data-start=\"2108\" data-end=\"2130\">Odporno\u015b\u0107 na zwierz\u0119ta:<\/strong> Do 36 kg (80 funt\u00f3w) z regulowanym progiem dla zwierz\u0105t (VPT\u2122)<\/p>\n<\/li>\n<li data-start=\"2192\" data-end=\"2273\">\n<p data-start=\"2194\" data-end=\"2273\"><strong data-start=\"2194\" data-end=\"2227\">Dwukierunkowa komunikacja bezprzewodowa:<\/strong> Wi\u0119ksze bezpiecze\u0144stwo i zmniejszona komunikacja RF<\/p>\n<\/li>\n<li data-start=\"2274\" data-end=\"2344\">\n<p data-start=\"2276\" data-end=\"2344\"><strong data-start=\"2276\" data-end=\"2309\">Inteligentne przetwarzanie sygna\u0142u:<\/strong> Do precyzyjnego wykrywania ruchu<\/p>\n<\/li>\n<li data-start=\"2345\" data-end=\"2433\">\n<p data-start=\"2347\" data-end=\"2433\"><strong data-start=\"2347\" data-end=\"2371\">Ochrona przed fa\u0142szywymi alarmami:<\/strong> Ochronna tuleja czujnika zapobiegaj\u0105ca fa\u0142szywym alarmom powodowanym przez owady<\/p>\n<\/li>\n<li data-start=\"2434\" data-end=\"2500\">\n<p data-start=\"2436\" data-end=\"2500\"><strong data-start=\"2436\" data-end=\"2455\">Opcjonalne soczewki:<\/strong> Obiektyw kurtynowy 12 m lub obiektywy dalekosi\u0119\u017cne 23 m<\/p>\n<\/li>\n<li data-start=\"2501\" data-end=\"2581\">\n<p data-start=\"2503\" data-end=\"2581\"><strong data-start=\"2503\" data-end=\"2522\">Zgodno\u015b\u0107:<\/strong> Agility\u21223, Agility\u21224, WiComm Pro i inne systemy Risco<\/p>\n<\/li>\n<\/ul>\n<p data-start=\"2583\" data-end=\"2614\"><strong data-start=\"2583\" data-end=\"2612\">Dane techniczne:<\/strong><\/p>\n<ul data-start=\"2615\" data-end=\"2917\">\n<li data-start=\"2615\" data-end=\"2650\">\n<p data-start=\"2617\" data-end=\"2650\"><strong data-start=\"2617\" data-end=\"2630\">Zakres:<\/strong> 12\u00d712m (40&#039;x40&#039;)<\/p>\n<\/li>\n<li data-start=\"2651\" data-end=\"2736\">\n<p data-start=\"2653\" data-end=\"2736\"><strong data-start=\"2653\" data-end=\"2675\">Odporno\u015b\u0107 na zwierz\u0119ta:<\/strong> Do 36 kg (80 funt\u00f3w) z regulowanym progiem dla zwierz\u0105t (VPT\u2122)<\/p>\n<\/li>\n<li data-start=\"2737\" data-end=\"2774\">\n<p data-start=\"2739\" data-end=\"2774\"><strong data-start=\"2739\" data-end=\"2757\">Komunikacja:<\/strong> Dwukierunkowa \u0142\u0105czno\u015b\u0107 bezprzewodowa<\/p>\n<\/li>\n<li data-start=\"2775\" data-end=\"2816\">\n<p data-start=\"2777\" data-end=\"2816\"><strong data-start=\"2777\" data-end=\"2789\">Bateria:<\/strong> Bateria litowa 3 V (w zestawie)<\/p>\n<\/li>\n<li data-start=\"2817\" data-end=\"2868\">\n<p data-start=\"2819\" data-end=\"2868\"><strong data-start=\"2819\" data-end=\"2828\">Mierzy\u0107:<\/strong> Kompaktowa konstrukcja u\u0142atwiaj\u0105ca instalacj\u0119<\/p>\n<\/li>\n<li data-start=\"2869\" data-end=\"2917\">\n<p data-start=\"2871\" data-end=\"2917\"><strong data-start=\"2871\" data-end=\"2903\">Numer artyku\u0142u dostawcy:<\/strong> RWX95P86800<\/p>\n<\/li>\n<\/ul>\n<p data-start=\"2919\" data-end=\"3223\">Czujnik ruchu dwukierunkowego Risco T95 Pet to idealne rozwi\u0105zanie, kt\u00f3re zapewni skuteczne dzia\u0142anie systemu bezpiecze\u0144stwa i nie wywo\u0142a fa\u0142szywych alarm\u00f3w w obecno\u015bci zwierz\u0105t domowych.<\/p>\n<p data-start=\"2919\" data-end=\"3223\">Dzi\u0119ki du\u017cemu zasi\u0119gowi, inteligentnemu przetwarzaniu sygna\u0142u i odporno\u015bci na zwierz\u0119ta domowe, ten detektor zapewnia wysoki poziom bezpiecze\u0144stwa i niezawodno\u015bci.<\/p>","protected":false},"excerpt":{"rendered":"<p>Czujnik ruchu Risco 2-Way Motion Sensor T95 Pet to cyfrowy bezprzewodowy czujnik PIR odporny na zwierz\u0119ta o wadze do 36 kg.<\/p>\n<p>Zapewnia zasi\u0119g 12\u00d712 m i wykorzystuje inteligentne przetwarzanie sygna\u0142u, aby zapobiega\u0107 fa\u0142szywym alarmom.<\/p>","protected":false},"featured_media":145375,"template":"","meta":{"_acf_changed":false},"product_brand":[],"product_cat":[3188,2731],"product_tag":[],"class_list":{"0":"post-57497","1":"product","2":"type-product","3":"status-publish","4":"has-post-thumbnail","6":"product_cat-larmenheter-risco-larm","7":"product_cat-risco-larm","8":"product_shipping_class-postnord-varubrev","9":"pa_brands-4risco","10":"pa_risco-produkter-agility-3","11":"pa_risco-produkter-agility-4","12":"tm-no-options","14":"first","15":"instock","16":"sale","17":"featured","18":"taxable","19":"shipping-taxable","20":"purchasable","21":"product-type-simple"},"acf":[],"_links":{"self":[{"href":"https:\/\/secureus.se\/pl\/wp-json\/wp\/v2\/product\/57497","targetHints":{"allow":["GET"]}}],"collection":[{"href":"https:\/\/secureus.se\/pl\/wp-json\/wp\/v2\/product"}],"about":[{"href":"https:\/\/secureus.se\/pl\/wp-json\/wp\/v2\/types\/product"}],"wp:featuredmedia":[{"embeddable":true,"href":"https:\/\/secureus.se\/pl\/wp-json\/wp\/v2\/media\/145375"}],"wp:attachment":[{"href":"https:\/\/secureus.se\/pl\/wp-json\/wp\/v2\/media?parent=57497"}],"wp:term":[{"taxonomy":"product_brand","embeddable":true,"href":"https:\/\/secureus.se\/pl\/wp-json\/wp\/v2\/product_brand?post=57497"},{"taxonomy":"product_cat","embeddable":true,"href":"https:\/\/secureus.se\/pl\/wp-json\/wp\/v2\/product_cat?post=57497"},{"taxonomy":"product_tag","embeddable":true,"href":"https:\/\/secureus.se\/pl\/wp-json\/wp\/v2\/product_tag?post=57497"}],"curies":[{"name":"wp","href":"https:\/\/api.w.org\/{rel}","templated":true}]}}