{"id":57498,"date":"2022-03-10T14:57:00","date_gmt":"2022-03-10T13:57:00","guid":{"rendered":"https:\/\/secureus.se\/produkt\/sladdstall-2m-skx-2x075\/"},"modified":"2025-12-31T19:41:57","modified_gmt":"2025-12-31T18:41:57","slug":"sladd-transformator-sladdstall-2m-skx-2x075","status":"publish","type":"product","link":"https:\/\/secureus.se\/pl\/sladd-transformator-sladdstall-2m-skx-2x075\/","title":{"rendered":"Przew\u00f3d Transformator Stojak na przew\u00f3d 2m SKX 2\u00d70,75"},"content":{"rendered":"<h1>Transformator kablowy Stojak kablowy 2m SKX 2\u00d70,75<\/h1>\n<p>Stojak na kable transformatorowe to wysokiej jako\u015bci 2-metrowy kabel po\u0142\u0105czeniowy, przeznaczony do stosowania z transformatorami lub o\u015bwietleniem.<\/p>\n<p>Kabel wyposa\u017cony jest we wtyczk\u0119 EURO CEE 7\/16 i jest szczeg\u00f3lnie przydatny przy pod\u0142\u0105czaniu do sieci 220 V.<\/p>\n<p>Przew\u00f3d posiada dwa przewody i nominaln\u0105 powierzchni\u0119 przekroju poprzecznego 0,75 mm\u00b2, dzi\u0119ki czemu nadaje si\u0119 do ma\u0142ych i \u015brednich nat\u0119\u017ce\u0144 pr\u0105du.<\/p>\n<p>Zewn\u0119trzna pow\u0142oka wykonana jest z PVC (polichlorku winylu), co zapewnia trwa\u0142o\u015b\u0107 i dobr\u0105 ochron\u0119 przed napr\u0119\u017ceniami mechanicznymi.<\/p>\n<p>Kabel ma napi\u0119cie znamionowe 300 V i jest dost\u0119pny w kolorze bia\u0142ym, dzi\u0119ki czemu dyskretnie wpasuje si\u0119 w wi\u0119kszo\u015b\u0107 instalacji.<\/p>","protected":false},"excerpt":{"rendered":"<p>Przew\u00f3d przy\u0142\u0105czeniowy o d\u0142ugo\u015bci 2 metr\u00f3w z wtyczk\u0105 EURO CEE 7\/16 do transformator\u00f3w lub o\u015bwietlenia.<\/p>\n<p>Brak konieczno\u015bci pod\u0142\u0105czania do konkretnego systemu, idealne do pod\u0142\u0105czenia transformatora 220 V do alarmu lub o\u015bwietlenia.<\/p>","protected":false},"featured_media":145479,"template":"","meta":{"_acf_changed":false},"product_brand":[],"product_cat":[1548,1324],"product_tag":[],"class_list":{"0":"post-57498","1":"product","2":"type-product","3":"status-publish","4":"has-post-thumbnail","6":"product_cat-relaer-elektronik","7":"product_cat-outlet","8":"product_shipping_class-postnord-varubrev","9":"pa_brands-solar-sverige-aktiebolag","10":"pa_risco-produkter-agility-4","11":"tm-no-options","13":"first","14":"instock","15":"sale","16":"featured","17":"taxable","18":"shipping-taxable","19":"purchasable","20":"product-type-simple"},"acf":[],"_links":{"self":[{"href":"https:\/\/secureus.se\/pl\/wp-json\/wp\/v2\/product\/57498","targetHints":{"allow":["GET"]}}],"collection":[{"href":"https:\/\/secureus.se\/pl\/wp-json\/wp\/v2\/product"}],"about":[{"href":"https:\/\/secureus.se\/pl\/wp-json\/wp\/v2\/types\/product"}],"wp:featuredmedia":[{"embeddable":true,"href":"https:\/\/secureus.se\/pl\/wp-json\/wp\/v2\/media\/145479"}],"wp:attachment":[{"href":"https:\/\/secureus.se\/pl\/wp-json\/wp\/v2\/media?parent=57498"}],"wp:term":[{"taxonomy":"product_brand","embeddable":true,"href":"https:\/\/secureus.se\/pl\/wp-json\/wp\/v2\/product_brand?post=57498"},{"taxonomy":"product_cat","embeddable":true,"href":"https:\/\/secureus.se\/pl\/wp-json\/wp\/v2\/product_cat?post=57498"},{"taxonomy":"product_tag","embeddable":true,"href":"https:\/\/secureus.se\/pl\/wp-json\/wp\/v2\/product_tag?post=57498"}],"curies":[{"name":"wp","href":"https:\/\/api.w.org\/{rel}","templated":true}]}}