{"id":57499,"date":"2022-03-10T14:57:00","date_gmt":"2022-03-10T13:57:00","guid":{"rendered":"https:\/\/secureus.se\/produkt\/180-faste-till-beyond-dt-detektorer-agility4-wicomm-pro\/"},"modified":"2025-12-31T19:36:02","modified_gmt":"2025-12-31T18:36:02","slug":"risco-faste-till-beyond-detektorer","status":"publish","type":"product","link":"https:\/\/secureus.se\/pl\/risco-faste-till-beyond-detektorer\/","title":{"rendered":"Uchwyt Risco do detektor\u00f3w Beyond"},"content":{"rendered":"<div>\n<h1>Uchwyt Risco do detektor\u00f3w Beyond<\/h1>\n<p data-start=\"346\" data-end=\"734\">Uchwyt Risco 180\u00b0 do czujek Beyond (mod. RA350S00000) to praktyczny dodatek umo\u017cliwiaj\u0105cy regulacj\u0119 i obr\u00f3t czujek Beyond DT pod k\u0105tem 180\u00b0, co zapewnia elastyczno\u015b\u0107 i precyzj\u0119 podczas instalacji.<\/p>\n<p data-start=\"346\" data-end=\"734\">Ten uchwyt jest szczeg\u00f3lnie przydatny, gdy chcesz mie\u0107 pewno\u015b\u0107, \u017ce detektor precyzyjnie monitoruje obszar, kt\u00f3ry chcesz chroni\u0107, maksymalizuj\u0105c obszar pokrycia i skuteczno\u015b\u0107.<\/p>\n<p data-start=\"736\" data-end=\"1065\">Uchwyt zaprojektowano tak, aby \u0142atwo zintegrowa\u0107 go z seri\u0105 detektor\u00f3w Beyond, dzi\u0119ki czemu instalacja przebiega sprawnie i szybko.<\/p>\n<p data-start=\"736\" data-end=\"1065\">Funkcja regulacji pozwala u\u017cytkownikowi na optymalizacj\u0119 zasi\u0119gu detektora i stanowi idealne rozwi\u0105zanie w przypadku instalacji zewn\u0119trznych, gdzie precyzyjna regulacja mo\u017ce mie\u0107 kluczowe znaczenie dla uzyskania najlepszych rezultat\u00f3w.<\/p>\n<p data-start=\"1067\" data-end=\"1240\">Ten uchwyt jest niezb\u0119dnym akcesorium do detektor\u00f3w Beyond Detectors, u\u0142atwiaj\u0105cym proces instalacji i zapewniaj\u0105cym dok\u0142adny i skuteczny monitoring.<\/p>\n<p data-start=\"1242\" data-end=\"1272\"><strong data-start=\"1242\" data-end=\"1270\">G\u0142\u00f3wne cechy:<\/strong><\/p>\n<ul data-start=\"1273\" data-end=\"1676\">\n<li data-start=\"1273\" data-end=\"1380\">\n<p data-start=\"1275\" data-end=\"1380\"><strong data-start=\"1275\" data-end=\"1294\">Regulacja 180\u00b0:<\/strong> Umo\u017cliwia \u0142atw\u0105 regulacj\u0119 detektor\u00f3w Beyond DT w celu pokrycia dok\u0142adnie \u017c\u0105danego obszaru<\/p>\n<\/li>\n<li data-start=\"1381\" data-end=\"1489\">\n<p data-start=\"1383\" data-end=\"1489\"><strong data-start=\"1383\" data-end=\"1403\">Do stosowania na zewn\u0105trz:<\/strong> Idealny do instalacji detektor\u00f3w Beyond na zewn\u0105trz i regulacji w celu uzyskania najlepszego zasi\u0119gu<\/p>\n<\/li>\n<li data-start=\"1490\" data-end=\"1574\">\n<p data-start=\"1492\" data-end=\"1574\"><strong data-start=\"1492\" data-end=\"1515\">\u0141atwa instalacja:<\/strong> Umo\u017cliwia szybk\u0105 i \u0142atw\u0105 instalacj\u0119 detektor\u00f3w Beyond<\/p>\n<\/li>\n<li data-start=\"1575\" data-end=\"1676\">\n<p data-start=\"1577\" data-end=\"1676\"><strong data-start=\"1577\" data-end=\"1601\">Optymalizacja zasi\u0119gu:<\/strong> Pomaga zmaksymalizowa\u0107 wydajno\u015b\u0107 detektora dzi\u0119ki precyzyjnemu wyr\u00f3wnaniu<\/p>\n<\/li>\n<\/ul>\n<p data-start=\"1678\" data-end=\"1709\"><strong data-start=\"1678\" data-end=\"1707\">Dane techniczne:<\/strong><\/p>\n<ul data-start=\"1710\" data-end=\"1848\">\n<li data-start=\"1710\" data-end=\"1754\">\n<p data-start=\"1712\" data-end=\"1754\"><strong data-start=\"1712\" data-end=\"1731\">Zgodno\u015b\u0107:<\/strong> Poza detektorami DT<\/p>\n<\/li>\n<li data-start=\"1755\" data-end=\"1799\">\n<p data-start=\"1757\" data-end=\"1799\"><strong data-start=\"1757\" data-end=\"1771\">Modyfikacja:<\/strong> 180\u00b0 dla precyzyjnego ustawienia<\/p>\n<\/li>\n<li data-start=\"1800\" data-end=\"1848\">\n<p data-start=\"1802\" data-end=\"1848\"><strong data-start=\"1802\" data-end=\"1834\">Numer artyku\u0142u dostawcy:<\/strong> RA350S00000<\/p>\n<\/li>\n<\/ul>\n<p data-start=\"1850\" data-end=\"2041\">Uchwyt Risco Beyond Detectors 180\u00b0 umo\u017cliwia u\u017cytkownikom optymalizacj\u0119 zasi\u0119gu detektor\u00f3w i zapewnienie skutecznej i precyzyjnej ochrony monitorowanego obszaru.<\/p>\n<\/div>","protected":false},"excerpt":{"rendered":"<p data-start=\"132\" data-end=\"312\">Uchwyt detektora Risco Beyond DT 180\u00b0 umo\u017cliwia regulacj\u0119 detektor\u00f3w Beyond DT tak, aby mo\u017cna je by\u0142o obraca\u0107 o 180\u00b0, u\u0142atwiaj\u0105c precyzyjne ustawienie w celu monitorowania wybranych obszar\u00f3w.<\/p>","protected":false},"featured_media":158863,"template":"","meta":{"_acf_changed":false},"product_brand":[],"product_cat":[3191,2731],"product_tag":[],"class_list":{"0":"post-57499","1":"product","2":"type-product","3":"status-publish","4":"has-post-thumbnail","6":"product_cat-utomhusdetektorer","7":"product_cat-risco-larm","8":"product_shipping_class-postnord-varubrev","9":"pa_risco-produkter-agility-3","10":"pa_risco-produkter-agility-4","11":"pa_wicomm-pro-kategorier-kameradetektorer","12":"pa_wicomm-pro-kategorier-rorelsedetektor","13":"tm-no-options","15":"first","16":"instock","17":"sale","18":"featured","19":"taxable","20":"shipping-taxable","21":"purchasable","22":"product-type-simple"},"acf":[],"_links":{"self":[{"href":"https:\/\/secureus.se\/pl\/wp-json\/wp\/v2\/product\/57499","targetHints":{"allow":["GET"]}}],"collection":[{"href":"https:\/\/secureus.se\/pl\/wp-json\/wp\/v2\/product"}],"about":[{"href":"https:\/\/secureus.se\/pl\/wp-json\/wp\/v2\/types\/product"}],"wp:featuredmedia":[{"embeddable":true,"href":"https:\/\/secureus.se\/pl\/wp-json\/wp\/v2\/media\/158863"}],"wp:attachment":[{"href":"https:\/\/secureus.se\/pl\/wp-json\/wp\/v2\/media?parent=57499"}],"wp:term":[{"taxonomy":"product_brand","embeddable":true,"href":"https:\/\/secureus.se\/pl\/wp-json\/wp\/v2\/product_brand?post=57499"},{"taxonomy":"product_cat","embeddable":true,"href":"https:\/\/secureus.se\/pl\/wp-json\/wp\/v2\/product_cat?post=57499"},{"taxonomy":"product_tag","embeddable":true,"href":"https:\/\/secureus.se\/pl\/wp-json\/wp\/v2\/product_tag?post=57499"}],"curies":[{"name":"wp","href":"https:\/\/api.w.org\/{rel}","templated":true}]}}