{"id":57504,"date":"2022-03-10T14:57:00","date_gmt":"2022-03-10T13:57:00","guid":{"rendered":"https:\/\/secureus.se\/produkt\/2-vags-tradlos-inomhus-siren-agililty2-3-4-och-wicomm-pro\/"},"modified":"2025-12-31T19:42:04","modified_gmt":"2025-12-31T18:42:04","slug":"risco-siren-2-vags-inomhus-105db","status":"publish","type":"product","link":"https:\/\/secureus.se\/pl\/risco-siren-2-vags-inomhus-105db\/","title":{"rendered":"Syrena Risco 2-dro\u017cna \u2013 wewn\u0119trzna 105 dB"},"content":{"rendered":"<h1>Syrena Risco 2-dro\u017cna \u2013 wewn\u0119trzna 105 dB<\/h1>\n<p data-start=\"413\" data-end=\"910\">Risco Siren 2-way Indoor 105dB WiComm Pro Agility to bezprzewodowa syrena zasilana bateryjnie, kt\u00f3ra zapewnia wysoki poziom bezpiecze\u0144stwa i niezawodno\u015bci.<\/p>\n<p data-start=\"413\" data-end=\"910\">Dzi\u0119ki dwukierunkowej komunikacji radiowej syrena zapewnia ci\u0105g\u0142y monitoring sabota\u017cu, napi\u0119cia akumulatora i op\u00f3\u017anienia na wej\u015bcie.<\/p>\n<p data-start=\"413\" data-end=\"910\">Posiada wbudowan\u0105 funkcj\u0119 wst\u0119pnego alarmu, kt\u00f3ra aktywuje si\u0119 w przypadku pr\u00f3by manipulacji lub sabota\u017cu panelu sterowania w trakcie op\u00f3\u017anienia na wej\u015bcie bez podania prawid\u0142owego kodu.<\/p>\n<p data-start=\"413\" data-end=\"910\">Zapewnia to dodatkow\u0105 warstw\u0119 ochrony przed w\u0142amaniami.<\/p>\n<p data-start=\"912\" data-end=\"1393\">G\u0142o\u015bno\u015b\u0107 syreny wynosi 105 dB, co pozwala na ostrzeganie w przypadku alarmu.<\/p>\n<p data-start=\"912\" data-end=\"1393\">Syrena jest zasilana wy\u0142\u0105cznie bateryjnie i nie wymaga zewn\u0119trznego \u017ar\u00f3d\u0142a zasilania, co zapewnia jej du\u017c\u0105 elastyczno\u015b\u0107 instalacji.<\/p>\n<p data-start=\"912\" data-end=\"1393\">\u017bywotno\u015b\u0107 baterii wynosi oko\u0142o trzech lat; baterie s\u0105 do\u0142\u0105czone do zestawu.<\/p>\n<p data-start=\"912\" data-end=\"1393\">Dzi\u0119ki solidnemu zabezpieczeniu antysabota\u017cowemu (zabezpieczenie obudowy i ty\u0142u) syrena jest niezawodna i bezpieczna.<\/p>\n<p data-start=\"912\" data-end=\"1393\">Syren\u0119 mo\u017cna programowa\u0107 zdalnie, a funkcje diagnostyczne u\u0142atwiaj\u0105 monitorowanie i rozwi\u0105zywanie problem\u00f3w.<\/p>\n<p><iframe title=\"Wicomm Smart Hub USA\" width=\"1170\" height=\"658\" src=\"https:\/\/www.youtube.com\/embed\/5PHoH2dRjEs?feature=oembed\" frameborder=\"0\" allow=\"accelerometer; autoplay; clipboard-write; encrypted-media; gyroscope; picture-in-picture; web-share\" referrerpolicy=\"strict-origin-when-cross-origin\" allowfullscreen><\/iframe><\/p>","protected":false},"excerpt":{"rendered":"<p>Bezprzewodowa syrena wewn\u0119trzna do Risco Agility WiComm Pro i Wisdom, z dwukierunkow\u0105 komunikacj\u0105 radiow\u0105, zabezpieczeniem antysabota\u017cowym i poziomem g\u0142o\u015bno\u015bci 105 dB.<\/p>\n<p>Zasilany bateryjnie i autonomiczny, idealny do instalacji bezpiecze\u0144stwa.<\/p>","protected":false},"featured_media":145483,"template":"","meta":{"_acf_changed":false},"product_brand":[],"product_cat":[2731,3190],"product_tag":[2262,2420,3070],"class_list":{"0":"post-57504","1":"product","2":"type-product","3":"status-publish","4":"has-post-thumbnail","6":"product_cat-risco-larm","7":"product_cat-sirener-risco-larm","8":"product_tag-larmdon-siren-utomhus","9":"product_tag-rel-larmdonblixt","10":"product_tag-wicomm-pro-siren","11":"product_shipping_class-postnord-varubrev","12":"pa_brands-4risco","13":"pa_risco-produkter-agility-2","14":"pa_risco-produkter-agility-3","15":"pa_risco-produkter-agility-4","16":"pa_wicomm-pro-kategorier-sinerer","17":"tm-no-options","19":"first","20":"instock","21":"sale","22":"featured","23":"taxable","24":"shipping-taxable","25":"purchasable","26":"product-type-simple"},"acf":[],"_links":{"self":[{"href":"https:\/\/secureus.se\/pl\/wp-json\/wp\/v2\/product\/57504","targetHints":{"allow":["GET"]}}],"collection":[{"href":"https:\/\/secureus.se\/pl\/wp-json\/wp\/v2\/product"}],"about":[{"href":"https:\/\/secureus.se\/pl\/wp-json\/wp\/v2\/types\/product"}],"wp:featuredmedia":[{"embeddable":true,"href":"https:\/\/secureus.se\/pl\/wp-json\/wp\/v2\/media\/145483"}],"wp:attachment":[{"href":"https:\/\/secureus.se\/pl\/wp-json\/wp\/v2\/media?parent=57504"}],"wp:term":[{"taxonomy":"product_brand","embeddable":true,"href":"https:\/\/secureus.se\/pl\/wp-json\/wp\/v2\/product_brand?post=57504"},{"taxonomy":"product_cat","embeddable":true,"href":"https:\/\/secureus.se\/pl\/wp-json\/wp\/v2\/product_cat?post=57504"},{"taxonomy":"product_tag","embeddable":true,"href":"https:\/\/secureus.se\/pl\/wp-json\/wp\/v2\/product_tag?post=57504"}],"curies":[{"name":"wp","href":"https:\/\/api.w.org\/{rel}","templated":true}]}}