{"id":57505,"date":"2022-03-10T14:57:00","date_gmt":"2022-03-10T13:57:00","guid":{"rendered":"https:\/\/secureus.se\/produkt\/risco-agility-gsm-gprs-2g-modul\/"},"modified":"2025-12-31T19:36:09","modified_gmt":"2025-12-31T18:36:09","slug":"risco-agility-gsm-gprs-2g-modul","status":"publish","type":"product","link":"https:\/\/secureus.se\/pl\/risco-agility-gsm-gprs-2g-modul\/","title":{"rendered":"MODU\u0141 RISCO Agility GSM\/GPRS 2G - WYCOFANE"},"content":{"rendered":"<h1>MODU\u0141 GSM\/GPRS 2G Risco Agility<\/h1>\n<p data-start=\"433\" data-end=\"917\">Modu\u0142 Risco Agility GSM\/GPRS 2G (mod. RW132G2) jest wa\u017cnym komponentem rozszerzaj\u0105cym funkcjonalno\u015b\u0107 systemu bezpiecze\u0144stwa Agility.<\/p>\n<p data-start=\"433\" data-end=\"917\">Modu\u0142 ten dodaje mo\u017cliwo\u015b\u0107 komunikacji poprzez sieci GSM\/GPRS, co pozwala systemowi na przesy\u0142anie alarm\u00f3w i zdarze\u0144 zar\u00f3wno do os\u00f3b kontaktowych, jak i do centrum alarmowego.<\/p>\n<p data-start=\"433\" data-end=\"917\">Jest to idealne rozwi\u0105zanie dla u\u017cytkownik\u00f3w poszukuj\u0105cych bezpiecznej i niezawodnej metody przesy\u0142ania alarm\u00f3w w sytuacjach, w kt\u00f3rych komunikacja oparta na Internecie za po\u015brednictwem Risco Cloud nie jest mo\u017cliwa.<\/p>\n<p data-start=\"919\" data-end=\"1302\">W wersji podstawowej Agility 3 do\u0142\u0105czona jest karta sieciowa umo\u017cliwiaj\u0105ca po\u0142\u0105czenie z chmur\u0105 Risco w celu przesy\u0142ania alarm\u00f3w.<\/p>\n<p data-start=\"919\" data-end=\"1302\">U\u017cytkownicy chc\u0105cy nadal korzysta\u0107 z tradycyjnych metod przesy\u0142ania alarm\u00f3w za po\u015brednictwem GSM lub GPRS musz\u0105 zainstalowa\u0107 t\u0119 kart\u0119 rozszerzaln\u0105.<\/p>\n<p data-start=\"919\" data-end=\"1302\">Dzi\u0119ki temu system zyskuje mo\u017cliwo\u015b\u0107 wysy\u0142ania wiadomo\u015bci SMS lub powiadomie\u0144 g\u0142osowych do wcze\u015bniej wybranych os\u00f3b kontaktowych w przypadku wyst\u0105pienia zdarze\u0144 systemowych lub alarm\u00f3w.<\/p>\n<p data-start=\"1304\" data-end=\"1742\">Modu\u0142 obs\u0142uguje wybieranie g\u0142osowe kontakt\u00f3w, umo\u017cliwiaj\u0105c u\u017cytkownikom odbieranie bezpo\u015brednich po\u0142\u0105cze\u0144 w przypadku alarm\u00f3w lub zdarze\u0144 systemowych, co mo\u017ce by\u0107 wa\u017cn\u0105 alternatyw\u0105 w sytuacjach, gdy wiadomo\u015bci SMS nie s\u0105 wystarczaj\u0105ce.<\/p>\n<p data-start=\"1304\" data-end=\"1742\">Ponadto umo\u017cliwia transmisj\u0119 alarm\u00f3w do centr\u00f3w alarmowych poprzez GSM w formacie alarmowym ContactID lub SIA, a tak\u017ce transmisj\u0119 poprzez GPRS w formacie alarmowym SIA IP, dzi\u0119ki czemu system jest kompatybilny z szerok\u0105 gam\u0105 centr\u00f3w alarmowych.<\/p>\n<p data-start=\"1744\" data-end=\"1967\">Modu\u0142 umo\u017cliwia r\u00f3wnie\u017c po\u0142\u0105czenie z chmur\u0105 Risco Cloud przez GPRS, dzi\u0119ki czemu u\u017cytkownicy mog\u0105 nadal zdalnie monitorowa\u0107 i kontrolowa\u0107 sw\u00f3j system, nawet je\u015bli korzystaj\u0105 z tradycyjnej transmisji alarm\u00f3w przez GSM\/GPRS.<\/p>\n<p data-start=\"1969\" data-end=\"1999\"><strong data-start=\"1969\" data-end=\"1997\">G\u0142\u00f3wne cechy:<\/strong><\/p>\n<ul data-start=\"2000\" data-end=\"2580\">\n<li data-start=\"2000\" data-end=\"2069\">\n<p data-start=\"2002\" data-end=\"2069\"><strong data-start=\"2002\" data-end=\"2029\">Komunikacja GSM\/GPRS:<\/strong> Umo\u017cliwia transmisj\u0119 alarmu poprzez GSM\/GPRS<\/p>\n<\/li>\n<li data-start=\"2070\" data-end=\"2151\">\n<p data-start=\"2072\" data-end=\"2151\"><strong data-start=\"2072\" data-end=\"2085\">Alarm SMS:<\/strong> Wysy\u0142a SMS-y do os\u00f3b kontaktowych w przypadku alarm\u00f3w lub zdarze\u0144 systemowych<\/p>\n<\/li>\n<li data-start=\"2152\" data-end=\"2222\">\n<p data-start=\"2154\" data-end=\"2222\"><strong data-start=\"2154\" data-end=\"2174\">Wybieranie g\u0142osowe:<\/strong> Wybieranie g\u0142osowe os\u00f3b kontaktowych w przypadku alarmu<\/p>\n<\/li>\n<li data-start=\"2223\" data-end=\"2292\">\n<p data-start=\"2225\" data-end=\"2292\"><strong data-start=\"2225\" data-end=\"2243\">Zdalne sterowanie:<\/strong> Menu g\u0142osowe do zdalnego sterowania systemem Agility<\/p>\n<\/li>\n<li data-start=\"2293\" data-end=\"2387\">\n<p data-start=\"2295\" data-end=\"2387\"><strong data-start=\"2295\" data-end=\"2331\">Transmisja alarmu do centrum alarmowego:<\/strong> Obs\u0142uguje ContactID i SIA przez GSM i SIA IP przez GPRS<\/p>\n<\/li>\n<li data-start=\"2388\" data-end=\"2476\">\n<p data-start=\"2390\" data-end=\"2476\"><strong data-start=\"2390\" data-end=\"2406\">Chmura Risco:<\/strong> Umo\u017cliwia po\u0142\u0105czenie z chmur\u0105 Risco Cloud przez GPRS w celu zdalnego monitorowania<\/p>\n<\/li>\n<li data-start=\"2477\" data-end=\"2580\">\n<p data-start=\"2479\" data-end=\"2580\"><strong data-start=\"2479\" data-end=\"2495\">Po\u0142\u0105czenie:<\/strong> Nie mo\u017cna jednocze\u015bnie \u0142\u0105czy\u0107 transmisji alarm\u00f3w GSM\/GPRS i po\u0142\u0105czenia z chmur\u0105 Risco Cloud<\/p>\n<\/li>\n<\/ul>\n<p data-start=\"2582\" data-end=\"2613\"><strong data-start=\"2582\" data-end=\"2611\">Dane techniczne:<\/strong><\/p>\n<ul data-start=\"2614\" data-end=\"2841\">\n<li data-start=\"2614\" data-end=\"2640\">\n<p data-start=\"2616\" data-end=\"2640\"><strong data-start=\"2616\" data-end=\"2629\">Cz\u0119stotliwo\u015b\u0107:<\/strong> GSM\/GPRS<\/p>\n<\/li>\n<li data-start=\"2641\" data-end=\"2696\">\n<p data-start=\"2643\" data-end=\"2696\"><strong data-start=\"2643\" data-end=\"2658\">Format alarmu:<\/strong> ContactID, SIA (GSM); SIA IP (GPRS)<\/p>\n<\/li>\n<li data-start=\"2697\" data-end=\"2736\">\n<p data-start=\"2699\" data-end=\"2736\"><strong data-start=\"2699\" data-end=\"2717\">Zdalne sterowanie:<\/strong> Tak, za pomoc\u0105 menu g\u0142osowego<\/p>\n<\/li>\n<li data-start=\"2737\" data-end=\"2796\">\n<p data-start=\"2739\" data-end=\"2796\"><strong data-start=\"2739\" data-end=\"2762\">Metoda instalacji:<\/strong> Karty wtykowe w systemie Agility<\/p>\n<\/li>\n<li data-start=\"2797\" data-end=\"2841\">\n<p data-start=\"2799\" data-end=\"2841\"><strong data-start=\"2799\" data-end=\"2831\">Numer artyku\u0142u dostawcy:<\/strong> RW132G2<\/p>\n<\/li>\n<\/ul>\n<p data-start=\"2843\" data-end=\"3060\">Modu\u0142 Risco Agility GSM\/GPRS 2G to niezawodne i elastyczne rozwi\u0105zanie dla u\u017cytkownik\u00f3w, kt\u00f3rzy musz\u0105 korzysta\u0107 z tradycyjnej transmisji alarmowej GSM\/GPRS, a jednocze\u015bnie maj\u0105 mo\u017cliwo\u015b\u0107 zdalnego monitorowania i sterowania za po\u015brednictwem chmury Risco.<\/p>","protected":false},"excerpt":{"rendered":"<p>Modu\u0142 Risco Agility GSM\/GPRS 2G (RW132G2) umo\u017cliwia systemowi Agility komunikacj\u0119 poprzez GSM\/GPRS.<\/p>\n<p>Ta karta typu plug-in zapewnia funkcje takie jak alarmy SMS, wybieranie g\u0142osowe i przesy\u0142anie alarm\u00f3w do centrum alarmowego za po\u015brednictwem GSM lub GPRS w tradycyjnych formatach alarmowych, takich jak ContactID i SIA.<\/p>","protected":false},"featured_media":145255,"template":"","meta":{"_acf_changed":false},"product_brand":[],"product_cat":[2731],"product_tag":[],"class_list":{"0":"post-57505","1":"product","2":"type-product","3":"status-publish","4":"has-post-thumbnail","6":"product_cat-risco-larm","7":"product_shipping_class-postnord-varubrev","8":"pa_brands-4risco","9":"pa_risco-produkter-agility-2","10":"pa_risco-produkter-agility-3","11":"pa_risco-produkter-agility-4","12":"tm-no-options","14":"first","15":"instock","16":"sale","17":"featured","18":"taxable","19":"shipping-taxable","20":"purchasable","21":"product-type-simple"},"acf":[],"_links":{"self":[{"href":"https:\/\/secureus.se\/pl\/wp-json\/wp\/v2\/product\/57505","targetHints":{"allow":["GET"]}}],"collection":[{"href":"https:\/\/secureus.se\/pl\/wp-json\/wp\/v2\/product"}],"about":[{"href":"https:\/\/secureus.se\/pl\/wp-json\/wp\/v2\/types\/product"}],"wp:featuredmedia":[{"embeddable":true,"href":"https:\/\/secureus.se\/pl\/wp-json\/wp\/v2\/media\/145255"}],"wp:attachment":[{"href":"https:\/\/secureus.se\/pl\/wp-json\/wp\/v2\/media?parent=57505"}],"wp:term":[{"taxonomy":"product_brand","embeddable":true,"href":"https:\/\/secureus.se\/pl\/wp-json\/wp\/v2\/product_brand?post=57505"},{"taxonomy":"product_cat","embeddable":true,"href":"https:\/\/secureus.se\/pl\/wp-json\/wp\/v2\/product_cat?post=57505"},{"taxonomy":"product_tag","embeddable":true,"href":"https:\/\/secureus.se\/pl\/wp-json\/wp\/v2\/product_tag?post=57505"}],"curies":[{"name":"wp","href":"https:\/\/api.w.org\/{rel}","templated":true}]}}