{"id":57506,"date":"2022-03-10T14:57:00","date_gmt":"2022-03-10T13:57:00","guid":{"rendered":"https:\/\/secureus.se\/produkt\/vattendetektor-tradlos-agililty2-3-4-och-wicomm-pro\/"},"modified":"2025-12-31T19:42:20","modified_gmt":"2025-12-31T18:42:20","slug":"risco-vattendetektor-1-vags","status":"publish","type":"product","link":"https:\/\/secureus.se\/pl\/risco-vattendetektor-1-vags\/","title":{"rendered":"Detektor wody Risco 1-dro\u017cny"},"content":{"rendered":"<h1>Detektor wody Risco 1-dro\u017cny<\/h1>\n<p data-start=\"408\" data-end=\"899\">Detektor zalania Risco WiComm Pro Agility to idealne rozwi\u0105zanie zapobiegaj\u0105ce szkodom wyrz\u0105dzonym przez wod\u0119 w domach i firmach.<\/p>\n<p data-start=\"408\" data-end=\"899\">Ten bezprzewodowy czujnik zalania mo\u017cna z \u0142atwo\u015bci\u0105 zintegrowa\u0107 z bezprzewodowymi i hybrydowymi systemami bezpiecze\u0144stwa RISCO, aby szybko wykrywa\u0107 i ostrzega\u0107 nawet o niewielkich wyciekach wody.<\/p>\n<p data-start=\"408\" data-end=\"899\">Niezale\u017cnie od tego, czy chodzi o kuchni\u0119, piwnic\u0119, zbiorniki na wod\u0119 czy lod\u00f3wki, ten detektor zapewnia kompleksow\u0105 ochron\u0119 i mo\u017ce zapobiec powa\u017cnym szkodom poprzez wczesne wykrywanie wyciek\u00f3w.<\/p>\n<p data-start=\"901\" data-end=\"1367\">W przypadku wycieku wody detektor natychmiast wysy\u0142a wiadomo\u015b\u0107 na smartfon u\u017cytkownika, umo\u017cliwiaj\u0105c mu szybk\u0105 reakcj\u0119 i zminimalizowanie szk\u00f3d.<\/p>\n<p data-start=\"901\" data-end=\"1367\">Czujnik zalania wod\u0105 dzia\u0142a nawet wtedy, gdy system bezpiecze\u0144stwa jest wy\u0142\u0105czony, zapewniaj\u0105c pe\u0142en spok\u00f3j ducha.<\/p>\n<p data-start=\"901\" data-end=\"1367\">Przyczyn\u0105 szk\u00f3d wyrz\u0105dzonych przez wod\u0119 mo\u017ce by\u0107 wiele czynnik\u00f3w, pocz\u0105wszy od p\u0119kni\u0119tych rur i przeciekaj\u0105cych dach\u00f3w, a\u017c po wybite okna i toalety. Instaluj\u0105c czujnik zalania Risco, mo\u017cna unikn\u0105\u0107 potencjalnie kosztownych napraw.<\/p>\n<p data-start=\"1369\" data-end=\"1618\">Detektor wykorzystuje radio jednokierunkowe o cz\u0119stotliwo\u015bci 868 MHz i jest wyposa\u017cony w bateri\u0119 litow\u0105 CR123 3 V.<\/p>\n<p data-start=\"1369\" data-end=\"1618\">Jest kompatybilny z jednokierunkowymi i dwukierunkowymi systemami bezprzewodowymi RISCO, co sprawia, \u017ce instalacja jest \u0142atwa i elastyczna.<\/p>\n<p>&nbsp;<\/p>\n<p><iframe title=\"Wicomm Smart Hub USA\" width=\"1170\" height=\"658\" src=\"https:\/\/www.youtube.com\/embed\/5PHoH2dRjEs?feature=oembed\" frameborder=\"0\" allow=\"accelerometer; autoplay; clipboard-write; encrypted-media; gyroscope; picture-in-picture; web-share\" referrerpolicy=\"strict-origin-when-cross-origin\" allowfullscreen><\/iframe><\/p>","protected":false},"excerpt":{"rendered":"<p>Bezprzewodowy czujnik zalania dla WiComm Pro Agility, kt\u00f3ry szybko wykrywa wycieki wody i ostrzega przed nimi, chroni\u0105c Tw\u00f3j dom i firm\u0119 przed szkodami spowodowanymi przez wod\u0119.<\/p>\n<p>\u0141atwy w instalacji i w pe\u0142ni kompatybilny z systemami bezpiecze\u0144stwa Risco.<\/p>","protected":false},"featured_media":145684,"template":"","meta":{"_acf_changed":false},"product_brand":[],"product_cat":[3188,2731],"product_tag":[3152],"class_list":{"0":"post-57506","1":"product","2":"type-product","3":"status-publish","4":"has-post-thumbnail","6":"product_cat-larmenheter-risco-larm","7":"product_cat-risco-larm","8":"product_tag-cr123-tillbehor","9":"product_shipping_class-postnord-varubrev","10":"pa_brands-4risco","11":"pa_risco-produkter-agility-2","12":"pa_risco-produkter-agility-3","13":"pa_risco-produkter-agility-4","14":"pa_wicomm-pro-kategorier-vattendetektor","15":"tm-no-options","17":"first","18":"onbackorder","19":"sale","20":"featured","21":"taxable","22":"shipping-taxable","23":"purchasable","24":"product-type-simple"},"acf":[],"_links":{"self":[{"href":"https:\/\/secureus.se\/pl\/wp-json\/wp\/v2\/product\/57506","targetHints":{"allow":["GET"]}}],"collection":[{"href":"https:\/\/secureus.se\/pl\/wp-json\/wp\/v2\/product"}],"about":[{"href":"https:\/\/secureus.se\/pl\/wp-json\/wp\/v2\/types\/product"}],"wp:featuredmedia":[{"embeddable":true,"href":"https:\/\/secureus.se\/pl\/wp-json\/wp\/v2\/media\/145684"}],"wp:attachment":[{"href":"https:\/\/secureus.se\/pl\/wp-json\/wp\/v2\/media?parent=57506"}],"wp:term":[{"taxonomy":"product_brand","embeddable":true,"href":"https:\/\/secureus.se\/pl\/wp-json\/wp\/v2\/product_brand?post=57506"},{"taxonomy":"product_cat","embeddable":true,"href":"https:\/\/secureus.se\/pl\/wp-json\/wp\/v2\/product_cat?post=57506"},{"taxonomy":"product_tag","embeddable":true,"href":"https:\/\/secureus.se\/pl\/wp-json\/wp\/v2\/product_tag?post=57506"}],"curies":[{"name":"wp","href":"https:\/\/api.w.org\/{rel}","templated":true}]}}