{"id":57508,"date":"2022-03-10T14:57:00","date_gmt":"2022-03-10T13:57:00","guid":{"rendered":"https:\/\/secureus.se\/produkt\/glaskrossdetektor-tradlos-agililty2-3-4-och-wicomm-pro\/"},"modified":"2025-12-31T19:37:37","modified_gmt":"2025-12-31T18:37:37","slug":"risco-glaskrossdetektor-1-vag","status":"publish","type":"product","link":"https:\/\/secureus.se\/pl\/risco-glaskrossdetektor-1-vag\/","title":{"rendered":"Detektor st\u0142uczenia szk\u0142a Risco 1-kierunkowy"},"content":{"rendered":"<h1>Detektor st\u0142uczenia szk\u0142a Risco 1-kierunkowy<\/h1>\n<p data-start=\"389\" data-end=\"823\">Detektor st\u0142uczenia szk\u0142a Risco 1-kierunkowy WiComm Pro Agility to zaawansowany i bezprzewodowy detektor st\u0142uczenia szk\u0142a przeznaczony do wykrywania st\u0142uczenia wszystkich rodzaj\u00f3w szk\u0142a, w tym zwyk\u0142ego szk\u0142a okiennego, szk\u0142a laminowanego, szk\u0142a zbrojonego i szk\u0142a hartowanego.<\/p>\n<p data-start=\"389\" data-end=\"823\">Posiada imponuj\u0105cy zasi\u0119g do 9 metr\u00f3w i wykorzystuje opart\u0105 na mikroprocesorze technologi\u0119 rozpoznawania wzorc\u00f3w o podw\u00f3jnej cz\u0119stotliwo\u015bci, aby dok\u0142adnie wykrywa\u0107 nawet najmniejsze st\u0142uczenia szk\u0142a.<\/p>\n<p data-start=\"825\" data-end=\"1227\">Ten czujnik st\u0142uczenia szk\u0142a doskonale nadaje si\u0119 do stosowania z systemami bezpiecze\u0144stwa Risco Agility i WiComm Pro. Do zestawu do\u0142\u0105czony jest uchwyt monta\u017cowy umo\u017cliwiaj\u0105cy \u0142atw\u0105 instalacj\u0119 na suficie lub \u015bcianie.<\/p>\n<p data-start=\"825\" data-end=\"1227\">Aby zapewni\u0107 niezawodno\u015b\u0107 urz\u0105dzenia, oferuje ono ci\u0105g\u0142y monitoring pr\u00f3b manipulacji, napi\u0119cia baterii i komunikacji.<\/p>\n<p data-start=\"825\" data-end=\"1227\">Urz\u0105dzenie jest zasilane bateri\u0105 litow\u0105 CR123A, kt\u00f3ra zapewnia do 3 lat pracy.<\/p>\n<p data-start=\"1229\" data-end=\"1409\">Dzi\u0119ki zdalnemu testowi i funkcji monitorowania martwego mikrofonu u\u017cytkownik mo\u017ce \u0142atwo przetestowa\u0107 urz\u0105dzenie bez konieczno\u015bci jego otwierania, co oszcz\u0119dza czas i zwi\u0119ksza u\u017cyteczno\u015b\u0107.<\/p>\n<p><iframe title=\"Wicomm Smart Hub USA\" width=\"1170\" height=\"658\" src=\"https:\/\/www.youtube.com\/embed\/5PHoH2dRjEs?feature=oembed\" frameborder=\"0\" allow=\"accelerometer; autoplay; clipboard-write; encrypted-media; gyroscope; picture-in-picture; web-share\" referrerpolicy=\"strict-origin-when-cross-origin\" allowfullscreen><\/iframe><\/p>","protected":false},"excerpt":{"rendered":"<p>Bezprzewodowy czujnik st\u0142uczenia szk\u0142a dla Risco Agility i WiComm Pro, kt\u00f3ry wykrywa wszystkie rodzaje st\u0142ucze\u0144 szklanych, w tym szk\u0142o p\u0142askie, laminowane i hartowane.<\/p>\n<p>Obszar ochrony do 9 metr\u00f3w zapewnia wi\u0119ksze bezpiecze\u0144stwo.<\/p>","protected":false},"featured_media":145686,"template":"","meta":{"_acf_changed":false},"product_brand":[],"product_cat":[2731,3188],"product_tag":[3152,2426],"class_list":{"0":"post-57508","1":"product","2":"type-product","3":"status-publish","4":"has-post-thumbnail","6":"product_cat-risco-larm","7":"product_cat-larmenheter-risco-larm","8":"product_tag-cr123-tillbehor","9":"product_tag-rel-risco","10":"product_shipping_class-postnord-varubrev","11":"pa_brands-4risco","12":"pa_risco-produkter-agility-2","13":"pa_risco-produkter-agility-3","14":"pa_risco-produkter-agility-4","15":"pa_wicomm-pro-kategorier-glaskrossdetektorer","16":"tm-no-options","18":"first","19":"instock","20":"sale","21":"featured","22":"taxable","23":"shipping-taxable","24":"purchasable","25":"product-type-simple"},"acf":[],"_links":{"self":[{"href":"https:\/\/secureus.se\/pl\/wp-json\/wp\/v2\/product\/57508","targetHints":{"allow":["GET"]}}],"collection":[{"href":"https:\/\/secureus.se\/pl\/wp-json\/wp\/v2\/product"}],"about":[{"href":"https:\/\/secureus.se\/pl\/wp-json\/wp\/v2\/types\/product"}],"wp:featuredmedia":[{"embeddable":true,"href":"https:\/\/secureus.se\/pl\/wp-json\/wp\/v2\/media\/145686"}],"wp:attachment":[{"href":"https:\/\/secureus.se\/pl\/wp-json\/wp\/v2\/media?parent=57508"}],"wp:term":[{"taxonomy":"product_brand","embeddable":true,"href":"https:\/\/secureus.se\/pl\/wp-json\/wp\/v2\/product_brand?post=57508"},{"taxonomy":"product_cat","embeddable":true,"href":"https:\/\/secureus.se\/pl\/wp-json\/wp\/v2\/product_cat?post=57508"},{"taxonomy":"product_tag","embeddable":true,"href":"https:\/\/secureus.se\/pl\/wp-json\/wp\/v2\/product_tag?post=57508"}],"curies":[{"name":"wp","href":"https:\/\/api.w.org\/{rel}","templated":true}]}}