{"id":57615,"date":"2022-07-12T11:16:09","date_gmt":"2022-07-12T09:16:09","guid":{"rendered":"https:\/\/secureus.se\/produkt\/tagg-kombi-abs-pro-em4200-mifare4k-std-nr-3\/"},"modified":"2026-03-27T16:09:35","modified_gmt":"2026-03-27T15:09:35","slug":"kombitagg-4k-std-gron-pro","status":"publish","type":"product","link":"https:\/\/secureus.se\/pl\/kombitagg-4k-std-gron-pro\/","title":{"rendered":"Tag kombinowany EM4200 + Mifare4k\u00ae \u2013 System kontroli dost\u0119pu alarmowego Zielony \u2013 Pro"},"content":{"rendered":"<h1>Zawieszka kombinowana ABS Pro EM4200\/Mifare4k<\/h1>\n<h3><strong>Kontrola przej\u015bcia alarmu - Rezerwacja - Wizyta<\/strong><\/h3>\n<p><strong>Tutaj wygrawerowali\u015bmy standardowe numery na etykiecie kombinacji dla:<\/strong><\/p>\n<p><strong><span style=\"text-decoration: underline\">Dla EM4200:<\/span><\/strong><\/p>\n<p><strong><span style=\"text-decoration: underline\">RCO Security (R), , Axema VAKA (V), Bewator\/Vanderbilt (B), ASSA ARX (S)<\/span><\/strong><\/p>\n<p><strong><span style=\"text-decoration: underline\">Dla Mifare:<\/span><\/strong><\/p>\n<p><strong><span style=\"text-decoration: underline\">RCO (MFR), Axema VAKA (MFV), ASSA, Aptus, Bewator,<\/span><\/strong><\/p>\n<p><strong><span style=\"text-decoration: underline\">Axema, Axema VAKA, Vanderbilt i inne (MFD)<\/span><\/strong><\/p>\n<p>Ten tag dzia\u0142a we wszystkich systemach wykorzystuj\u0105cych technologi\u0119 EM i Mifare, w tym RCO, Bewator\/Vanderbilt, Aptus, ASSA ARX i innych typach system\u00f3w,<\/p>\n<p>np. system go\u015bcia lub logowanie do komputer\u00f3w\/drukarek.<\/p>\n<p>Nasz \u201eABS Pro\u201d zosta\u0142 stworzony, aby sprosta\u0107 najbardziej wymagaj\u0105cym potrzebom w zakresie bezpiecze\u0144stwa i identyfikacji.<\/p>\n<p>Dzi\u0119ki solidnej konstrukcji z materia\u0142u ABS i cienkiemu profilowi wynosz\u0105cemu zaledwie 2,9 mm zapewnia idealn\u0105 r\u00f3wnowag\u0119 pomi\u0119dzy trwa\u0142o\u015bci\u0105 i elegancj\u0105.<\/p>\n<p>Eleganckie wyko\u0144czenie sprawia, \u017ce idealnie nadaje si\u0119 do grawerowania standardowych numer\u00f3w lub umieszczania logo za pomoc\u0105 grawerowanego lub kolorowego wyko\u0144czenia.<\/p>\n<p>Niezale\u017cnie od tego, czy potrzebujesz niezawodnego produktu do system\u00f3w dost\u0119pu, system\u00f3w dla go\u015bci, rezerwacji, alarm\u00f3w, \u0142adowarek samochodowych, zarz\u0105dzania magazynem lub innych aplikacji,<\/p>\n<p>to nasz \u201eABS Pro\u201d jest idealnym wyborem.<\/p>\n<p>Dost\u0119pny jest w wielu wariantach, mo\u017cemy go r\u00f3wnie\u017c wyprodukowa\u0107 z wybranym przez Pa\u0144stwa chipem.<\/p>\n<p>Obecnie standardem dla tag\u00f3w dost\u0119pu s\u0105: EM4200, Mifare1k, kombinacja Mifare1k i EM4200, Mifare4k, kombinacja Mifare4k i EM4200, a tak\u017ce DESFire,<\/p>\n<p>mo\u017cesz dostosowa\u0107 rozwi\u0105zanie do swoich konkretnych potrzeb.<\/p>\n<p>Rozumiemy znaczenie dostarczania wysokiej jako\u015bci znacznik\u00f3w RFID, kt\u00f3re spe\u0142niaj\u0105 dzisiejsze wymagania i oczekiwania.<\/p>\n<p>Dlatego staramy si\u0119 oferowa\u0107 najlepsz\u0105 technologi\u0119 i kompatybilno\u015b\u0107, aby poprawi\u0107 bezpiecze\u0144stwo i wydajno\u015b\u0107 Twoich system\u00f3w.<\/p>\n<h3><strong>Przystosowany do wyj\u0105tkowych projekt\u00f3w - tag Kombi<\/strong><\/h3>\n<p>Zaletami naszych tag\u00f3w RFID jest kompatybilno\u015b\u0107 z r\u00f3\u017cnymi systemami\/technologiami oraz mo\u017cliwo\u015b\u0107 dostosowania tag\u00f3w do unikalnych projekt\u00f3w.<\/p>\n<p>Mo\u017cemy zaprogramowa\u0107 i zintegrowa\u0107 r\u00f3\u017cne chipy, aby spe\u0142ni\u0107 okre\u015blone wymagania aplikacji i stworzy\u0107 niestandardowe rozwi\u0105zania.<\/p>\n<p>Skontaktuj si\u0119 z nami ju\u017c dzi\u015b, aby om\u00f3wi\u0107 pomys\u0142y na projekt i uzyska\u0107 dostosowane do Twoich potrzeb rozwi\u0105zanie w zakresie znacznik\u00f3w RFID.<\/p>\n<h5><strong>Szybka dostawa i zawsze w magazynie<\/strong><\/h5>\n<p>Brelok RFID \u201eABS Pro\u201d jest zawsze dost\u0119pny w magazynie w liczbie ponad 80 000 sztuk w 6 kolorach (czerwony, niebieski, bia\u0142y, czarny, zielony, \u017c\u00f3\u0142ty) i z r\u00f3\u017cnymi chipami.<\/p>\n<p>Za pomoc\u0105 naszych maszyn laserowych i oprogramowania mo\u017cesz wybra\u0107 logo i unikalny numer do grawerowania z dostaw\u0105 w ci\u0105gu 1-3 dni.<\/p>\n<h3>Jak zawsze! Przywieszka kombinowana z oryginalnym chipem od<a href=\"https:\/\/www.nxp.com\/\" rel=\"noopener\"> NXP<\/a> I <a href=\"https:\/\/www.emmicroelectronic.com\/\" rel=\"noopener\">Mikroelektronika EM.<\/a><\/h3>\n<p><strong>Pasuje do wszystkiego i wszystkich!<\/strong><\/p>\n<ul>\n<li>System przepustek<\/li>\n<li>System go\u015bci<\/li>\n<li>Rezerwacja<\/li>\n<li>System alarmowy i bezpiecze\u0144stwa<\/li>\n<\/ul>\n<p><strong>Zalety \u201eABS Pro\u201d<\/strong><\/p>\n<ul>\n<li>Solidna konstrukcja z materia\u0142u ABS<\/li>\n<li>Cienki profil o grubo\u015bci zaledwie 2,9 mm<\/li>\n<li>Mo\u017cliwo\u015b\u0107 wygrawerowania standardowego numeru lub do\u0142\u0105czenia logo<\/li>\n<li>Du\u017cy wyb\u00f3r wariant\u00f3w chip\u00f3w dostosowanych do r\u00f3\u017cnych potrzeb i zawsze dost\u0119pnych w magazynie.<\/li>\n<\/ul>","protected":false},"excerpt":{"rendered":"<p>Nasz najpopularniejszy tag RFID \u201eABS Pro\u201d \u2013 idealne rozwi\u0105zanie dla system\u00f3w bezpiecze\u0144stwa i identyfikacji. Tutaj z podw\u00f3jnym chipem w kombinacji tagu: Uk\u0142ad EM4200+Mifare4k. Z wygrawerowanymi numerami systemu dost\u0119pu. Przywieszka ma tylko 2,9 mm grubo\u015bci i jest wykonana z twardego materia\u0142u ABS o eleganckiej powierzchni, kt\u00f3ra pasuje wsz\u0119dzie. Produkt posiada certyfikowany chip firmy NXP\u00ae, globalnej firmy technologicznej z siedzib\u0105 w Holandii. NXP\u00ae specjalizuje si\u0119 w RFID i NFC i oferuje szerok\u0105 gam\u0119 produkt\u00f3w z zakresu bezpiecze\u0144stwa, \u0142\u0105czno\u015bci i rozwi\u0105za\u0144 wbudowanych<\/p>","protected":false},"featured_media":163697,"template":"","meta":{"_acf_changed":false},"product_brand":[],"product_cat":[1340,4787],"product_tag":[2074,4146,2958,2991],"class_list":{"0":"post-57615","1":"product","2":"type-product","3":"status-publish","4":"has-post-thumbnail","6":"product_cat-rfid-tagg-abs-pro","7":"product_cat-mifare4kem4200-tagg","8":"product_tag-ej-lagerfraga","9":"product_tag-nxp","10":"product_tag-stonehouse-produkt","11":"product_tag-std-nr-taggar","12":"product_shipping_class-postnord-varubrev","13":"pa_brands-stonehouse-security","14":"pa_chip-teknik-kombi-em4200mifare4k","15":"pa_farg-gron","16":"tm-has-options","18":"first","19":"instock","20":"sale","21":"featured","22":"taxable","23":"shipping-taxable","24":"purchasable","25":"product-type-simple"},"acf":[],"_links":{"self":[{"href":"https:\/\/secureus.se\/pl\/wp-json\/wp\/v2\/product\/57615","targetHints":{"allow":["GET"]}}],"collection":[{"href":"https:\/\/secureus.se\/pl\/wp-json\/wp\/v2\/product"}],"about":[{"href":"https:\/\/secureus.se\/pl\/wp-json\/wp\/v2\/types\/product"}],"wp:featuredmedia":[{"embeddable":true,"href":"https:\/\/secureus.se\/pl\/wp-json\/wp\/v2\/media\/163697"}],"wp:attachment":[{"href":"https:\/\/secureus.se\/pl\/wp-json\/wp\/v2\/media?parent=57615"}],"wp:term":[{"taxonomy":"product_brand","embeddable":true,"href":"https:\/\/secureus.se\/pl\/wp-json\/wp\/v2\/product_brand?post=57615"},{"taxonomy":"product_cat","embeddable":true,"href":"https:\/\/secureus.se\/pl\/wp-json\/wp\/v2\/product_cat?post=57615"},{"taxonomy":"product_tag","embeddable":true,"href":"https:\/\/secureus.se\/pl\/wp-json\/wp\/v2\/product_tag?post=57615"}],"curies":[{"name":"wp","href":"https:\/\/api.w.org\/{rel}","templated":true}]}}