{"id":58387,"date":"2022-07-10T12:50:32","date_gmt":"2022-07-10T10:50:32","guid":{"rendered":"https:\/\/secureus.se\/produkt\/sticker-pvc-25-mm-sjalvhaftande-em4200-nummer\/"},"modified":"2025-12-31T20:27:09","modified_gmt":"2025-12-31T19:27:09","slug":"rfid-stickers-pvc-25-mm-sjalvhaftande-em4200-nummer","status":"publish","type":"product","link":"https:\/\/secureus.se\/pl\/rfid-stickers-pvc-25-mm-sjalvhaftande-em4200-nummer\/","title":{"rendered":"Naklejki RFID PCV 25 mm Samoprzylepne EM4200 + Numer"},"content":{"rendered":"<p>Mo\u017cliwo\u015b\u0107 klejenia bezpo\u015brednio do os\u0142on metalowych.<\/p>\n<p>Materia\u0142 PVC Wymiary \u015arednica 25 mm dla pojedynczego chipa i 30 mm dla Combichip.<\/p>\n<p>Grubo\u015b\u0107 1,25 mm \u00b1 1 mm 25 mm, 1,57 mm \u00b1 1 mm 30 mm.<\/p>\n<p>Uk\u0142ad EM4200, Mifare 1k, uk\u0142ad Desfire, uk\u0142ad EM4200 + Mifare 1k Cz\u0119stotliwo\u015b\u0107 125 kHz, 13,56 mhz.<\/p>\n<p>Odleg\u0142o\u015b\u0107 odczytu od 1 do 4 cm zale\u017cy od czytelnika i \u015brodowiska. Dost\u0119pne z nadrukowanymi numerami i numerami systemowymi lub bez nich.<\/p>\n<p>Mo\u017cliwo\u015b\u0107 na\u0142o\u017cenia warstwy epoksydowej.<\/p>\n<div>\n<div>\n<div data-tid=\"messageBodyContainer\">\n<div data-tid=\"messageBodyContent\">\n<div>\n<div>\n<div>Naklejka to tani i dobry produkt z oryginalnym chipem do wszelkich zastosowa\u0144.<\/div>\n<\/div>\n<\/div>\n<\/div>\n<\/div>\n<\/div>\n<\/div>","protected":false},"excerpt":{"rendered":"<p>Mo\u017cliwo\u015b\u0107 klejenia bezpo\u015brednio do os\u0142on metalowych. Materia\u0142 PVC. Wymiary \u015arednica 25 mm dla pojedynczego chipa i 30 mm dla Combichip. Grubo\u015b\u0107 1,25 mm \u00b1 1 mm 25 mm, 1,57 mm \u00b1 1 mm 30 mm. Uk\u0142ad EM4200, Mifare 1k, uk\u0142ad Desfire, uk\u0142ad EM4200 + Mifare 1k Cz\u0119stotliwo\u015b\u0107 125 kHz, 13,56 mhz.<\/p>","protected":false},"featured_media":142053,"template":"","meta":{"_acf_changed":false},"product_brand":[],"product_cat":[1357],"product_tag":[2958],"class_list":{"0":"post-58387","1":"product","2":"type-product","3":"status-publish","4":"has-post-thumbnail","6":"product_cat-rfid-sticker","7":"product_tag-stonehouse-produkt","8":"product_shipping_class-postnord-varubrev","9":"pa_brands-stonehouse-security","10":"pa_farg-vit","11":"tm-no-options","13":"first","14":"instock","15":"sale","16":"featured","17":"taxable","18":"shipping-taxable","19":"purchasable","20":"product-type-simple"},"acf":[],"_links":{"self":[{"href":"https:\/\/secureus.se\/pl\/wp-json\/wp\/v2\/product\/58387","targetHints":{"allow":["GET"]}}],"collection":[{"href":"https:\/\/secureus.se\/pl\/wp-json\/wp\/v2\/product"}],"about":[{"href":"https:\/\/secureus.se\/pl\/wp-json\/wp\/v2\/types\/product"}],"wp:featuredmedia":[{"embeddable":true,"href":"https:\/\/secureus.se\/pl\/wp-json\/wp\/v2\/media\/142053"}],"wp:attachment":[{"href":"https:\/\/secureus.se\/pl\/wp-json\/wp\/v2\/media?parent=58387"}],"wp:term":[{"taxonomy":"product_brand","embeddable":true,"href":"https:\/\/secureus.se\/pl\/wp-json\/wp\/v2\/product_brand?post=58387"},{"taxonomy":"product_cat","embeddable":true,"href":"https:\/\/secureus.se\/pl\/wp-json\/wp\/v2\/product_cat?post=58387"},{"taxonomy":"product_tag","embeddable":true,"href":"https:\/\/secureus.se\/pl\/wp-json\/wp\/v2\/product_tag?post=58387"}],"curies":[{"name":"wp","href":"https:\/\/api.w.org\/{rel}","templated":true}]}}