{"id":58429,"date":"2022-10-10T11:40:24","date_gmt":"2022-10-10T09:40:24","guid":{"rendered":"https:\/\/secureus.se\/produkt\/knappsandare-jck310\/"},"modified":"2026-04-07T13:08:26","modified_gmt":"2026-04-07T11:08:26","slug":"knappsandare-jck310","status":"publish","type":"product","link":"https:\/\/secureus.se\/pl\/knappsandare-jck310\/","title":{"rendered":"Nadajnik przyciskowy JCK310"},"content":{"rendered":"<h1>Nadajnik przyciskowy JCK310<\/h1>\n<p>W naszej ofercie znajduj\u0105 si\u0119 trzy r\u00f3\u017cne nadajniki r\u0119czne, odpowiednie np. do przystosowania mieszka\u0144 dla os\u00f3b niepe\u0142nosprawnych.<\/p>\n<h2>JCK309 - specyfikacja techniczna<span class=\"Apple-converted-space\">\u00a0<\/span><\/h2>\n<p>Nadajnik r\u0119czny z 1 kana\u0142em.<\/p>\n<ul>\n<li>1 kana\u0142<span class=\"Apple-converted-space\">\u00a0<\/span><\/li>\n<li>Zasi\u0119g do 100 m<span class=\"Apple-converted-space\">\u00a0<\/span><\/li>\n<li>Bateria: L1028 \u2013 12V<span class=\"Apple-converted-space\">\u00a0<\/span><\/li>\n<li>Pob\u00f3r mocy: 25 mA (ok. 1 rok)<span class=\"Apple-converted-space\">\u00a0<\/span><\/li>\n<li>Mierzy\u0107: (d\u0142. x szer. x wys.) 80 x 46 x 16 mm<span class=\"Apple-converted-space\">\u00a0<\/span><\/li>\n<li>Waga: 40 g<\/li>\n<\/ul>\n<h2>JCK310<span class=\"Apple-converted-space\">\u00a0\u2013 specyfikacja techniczna<\/span><\/h2>\n<p>Nadajnik r\u0119czny z 2 kana\u0142ami.\u00a0<span class=\"Apple-converted-space\">\u00a0<\/span><\/p>\n<ul>\n<li>2 kana\u0142y<span class=\"Apple-converted-space\">\u00a0<\/span><\/li>\n<li>Zasi\u0119g do 100 m<span class=\"Apple-converted-space\">\u00a0<\/span><\/li>\n<li>Bateria: L1028 \u2013 12V<span class=\"Apple-converted-space\">\u00a0<\/span><\/li>\n<li>Pob\u00f3r mocy: 25 mA (ok. 1 rok)<span class=\"Apple-converted-space\">\u00a0<\/span><\/li>\n<li>Wymiary: (d\u0142. x szer. x wys.) 80 x 46 x 16 mm<span class=\"Apple-converted-space\">\u00a0<\/span><\/li>\n<li>Waga: 40 g<\/li>\n<\/ul>\n<h2>JCK313 - specyfikacja techniczna<\/h2>\n<p>Nadajnik r\u0119czny z 4 kana\u0142ami.<span class=\"Apple-converted-space\">\u00a0<\/span><\/p>\n<ul>\n<li>4 kana\u0142y<span class=\"Apple-converted-space\">\u00a0<\/span><\/li>\n<li>Zasi\u0119g do 100 m<span class=\"Apple-converted-space\">\u00a0<\/span><\/li>\n<li>Bateria: L1028 \u2013 12V<span class=\"Apple-converted-space\">\u00a0<\/span><\/li>\n<li>Pob\u00f3r mocy: 25 mA (ok. 1 rok)<span class=\"Apple-converted-space\">\u00a0<\/span><\/li>\n<li>Mierzy\u0107: (d\u0142. x szer. x wys.) 80 x 46 x 16 mm<span class=\"Apple-converted-space\">\u00a0<\/span><\/li>\n<li>\n<pre>Waga: 40 g<\/pre>\n<\/li>\n<\/ul>","protected":false},"excerpt":{"rendered":"<p>Nadajnik przyciskowy JCK310 Posiadamy trzy r\u00f3\u017cne nadajniki r\u0119czne, nadaj\u0105ce si\u0119 np. do przystosowania dom\u00f3w dla os\u00f3b niepe\u0142nosprawnych. JCK309 \u2013 specyfikacja techniczna Nadajnik r\u0119czny 1-kana\u0142owy. 1 kana\u0142 Zasi\u0119g do 100 m\u00a0<\/p>","protected":false},"featured_media":141840,"template":"","meta":{"_acf_changed":false},"product_brand":[],"product_cat":[1422,4707],"product_tag":[],"class_list":{"0":"post-58429","1":"product","2":"type-product","3":"status-publish","4":"has-post-thumbnail","6":"product_cat-armbagskontakter-dorrautomatik","7":"product_cat-tillval-och-tillbehor","8":"product_shipping_class-postnord-varubrev","9":"pa_brands-jc-kontakter","10":"tm-no-options","12":"first","13":"onbackorder","14":"sale","15":"featured","16":"taxable","17":"shipping-taxable","18":"purchasable","19":"product-type-simple"},"acf":[],"_links":{"self":[{"href":"https:\/\/secureus.se\/pl\/wp-json\/wp\/v2\/product\/58429","targetHints":{"allow":["GET"]}}],"collection":[{"href":"https:\/\/secureus.se\/pl\/wp-json\/wp\/v2\/product"}],"about":[{"href":"https:\/\/secureus.se\/pl\/wp-json\/wp\/v2\/types\/product"}],"wp:featuredmedia":[{"embeddable":true,"href":"https:\/\/secureus.se\/pl\/wp-json\/wp\/v2\/media\/141840"}],"wp:attachment":[{"href":"https:\/\/secureus.se\/pl\/wp-json\/wp\/v2\/media?parent=58429"}],"wp:term":[{"taxonomy":"product_brand","embeddable":true,"href":"https:\/\/secureus.se\/pl\/wp-json\/wp\/v2\/product_brand?post=58429"},{"taxonomy":"product_cat","embeddable":true,"href":"https:\/\/secureus.se\/pl\/wp-json\/wp\/v2\/product_cat?post=58429"},{"taxonomy":"product_tag","embeddable":true,"href":"https:\/\/secureus.se\/pl\/wp-json\/wp\/v2\/product_tag?post=58429"}],"curies":[{"name":"wp","href":"https:\/\/api.w.org\/{rel}","templated":true}]}}