{"id":58433,"date":"2022-10-10T11:38:02","date_gmt":"2022-10-10T09:38:02","guid":{"rendered":"https:\/\/secureus.se\/produkt\/radiomottagare-jck312\/"},"modified":"2026-04-07T13:09:00","modified_gmt":"2026-04-07T11:09:00","slug":"radiomottagare-jck311-2","status":"publish","type":"product","link":"https:\/\/secureus.se\/pl\/radiomottagare-jck311-2\/","title":{"rendered":"Odbiornik radiowy JCK311"},"content":{"rendered":"<h1>Odbiornik radiowy JCK311<\/h1>\n<h2>JCK311<\/h2>\n<p>Odbiornik radiowy z mo\u017cliwo\u015bci\u0105 zaprogramowania 85 nadajnik\u00f3w.<span class=\"Apple-converted-space\">\u00a0Produkt posiada m.in<\/span>n wyj\u015bcie przeka\u017anikowe wsp\u00f3\u0142pracuj\u0105ce ze sterowaniem impulsowym lub czasowym.<span class=\"Apple-converted-space\">\u00a0<\/span><\/p>\n<p>Odbiornik jest standardowo ustawiony na napi\u0119cie zasilania 12 VAC\/DC. Aby zasila\u0107 napi\u0119ciem 24VAC\/DC, nale\u017cy zdj\u0105\u0107 zwork\u0119, bardziej szczeg\u00f3\u0142owy opis znajduje si\u0119 w za\u0142\u0105czonej instrukcji monta\u017cu.<\/p>\n<ul>\n<li>Napi\u0119cie zasilania: 12\/24 VAC\/DC<span class=\"Apple-converted-space\">\u00a0<\/span><\/li>\n<li>Cz\u0119stotliwo\u015b\u0107: 433,92 MHz<span class=\"Apple-converted-space\">\u00a0<\/span><\/li>\n<li>Wymiary: (d\u0142. x szer. x wys.) 50 x 32 x 20 mm<\/li>\n<\/ul>\n<h2>JCK312<\/h2>\n<p>Odbiornik radiowy z mo\u017cliwo\u015bci\u0105 zaprogramowania 100 nadajnik\u00f3w.<span class=\"Apple-converted-space\">\u00a0<\/span>Dwa wyj\u015bcia przeka\u017anikowe programowalne jako impulsowe, przemienne lub sterowane czasowo.<span class=\"Apple-converted-space\">\u00a0<\/span><\/p>\n<p>Odbiornik radiowy posiada pod\u015bwietlany wy\u015bwietlacz LCD u\u0142atwiaj\u0105cy programowanie.<\/p>\n<ul>\n<li>Napi\u0119cie zasilania: 12\/24 VAC\/DC<span class=\"Apple-converted-space\">\u00a0<\/span><\/li>\n<li>Modulacja: AM\/ASK<span class=\"Apple-converted-space\">\u00a0<\/span><\/li>\n<li>Wymiary: (d\u0142. x szer. x wys.) 105 x 45 x 28 mm<span class=\"Apple-converted-space\">\u00a0<\/span><\/li>\n<li>Cz\u0119stotliwo\u015b\u0107 433 MHz<\/li>\n<\/ul>","protected":false},"excerpt":{"rendered":"<p>Radiomottagare JCK311 JCK311 Radiomottagare med m\u00f6jlighet att programmera in 85 s\u00e4ndare.\u00a0Produkten har en rel\u00e4utg\u00e5ng som g\u00e5r med puls- eller tidsstyrning.\u00a0 Mottagaren \u00e4r i standardutf\u00f6rande inst\u00e4lld f\u00f6r 12 VAC\/DC matningssp\u00e4nning. F\u00f6r<\/p>","protected":false},"featured_media":141990,"template":"","meta":{"_acf_changed":false},"product_brand":[],"product_cat":[1422,4707],"product_tag":[],"class_list":{"0":"post-58433","1":"product","2":"type-product","3":"status-publish","4":"has-post-thumbnail","6":"product_cat-armbagskontakter-dorrautomatik","7":"product_cat-tillval-och-tillbehor","8":"product_shipping_class-postnord-varubrev","9":"pa_brands-jc-kontakter","10":"tm-no-options","12":"first","13":"onbackorder","14":"sale","15":"featured","16":"taxable","17":"shipping-taxable","18":"purchasable","19":"product-type-simple"},"acf":[],"_links":{"self":[{"href":"https:\/\/secureus.se\/pl\/wp-json\/wp\/v2\/product\/58433","targetHints":{"allow":["GET"]}}],"collection":[{"href":"https:\/\/secureus.se\/pl\/wp-json\/wp\/v2\/product"}],"about":[{"href":"https:\/\/secureus.se\/pl\/wp-json\/wp\/v2\/types\/product"}],"wp:featuredmedia":[{"embeddable":true,"href":"https:\/\/secureus.se\/pl\/wp-json\/wp\/v2\/media\/141990"}],"wp:attachment":[{"href":"https:\/\/secureus.se\/pl\/wp-json\/wp\/v2\/media?parent=58433"}],"wp:term":[{"taxonomy":"product_brand","embeddable":true,"href":"https:\/\/secureus.se\/pl\/wp-json\/wp\/v2\/product_brand?post=58433"},{"taxonomy":"product_cat","embeddable":true,"href":"https:\/\/secureus.se\/pl\/wp-json\/wp\/v2\/product_cat?post=58433"},{"taxonomy":"product_tag","embeddable":true,"href":"https:\/\/secureus.se\/pl\/wp-json\/wp\/v2\/product_tag?post=58433"}],"curies":[{"name":"wp","href":"https:\/\/api.w.org\/{rel}","templated":true}]}}