{"id":58445,"date":"2022-10-10T11:17:19","date_gmt":"2022-10-10T09:17:19","guid":{"rendered":"https:\/\/secureus.se\/produkt\/armbagsbrytare-jck108-245mm-gra-endcap\/"},"modified":"2025-12-31T20:35:41","modified_gmt":"2025-12-31T19:35:41","slug":"armbagskontakt-jck207-245mm-gra-endcap","status":"publish","type":"product","link":"https:\/\/secureus.se\/pl\/armbagskontakt-jck207-245mm-gra-endcap\/","title":{"rendered":"\u0141\u0105cznik kolankowy JCK207 - 245mm - Za\u015blepka szara"},"content":{"rendered":"<h1>Z\u0142\u0105cze kolankowe JCK207<\/h1>\n<section>JCK207 nale\u017cy do serii styk\u00f3w \u0142okciowych posiadaj\u0105cych p\u0142ask\u0105 powierzchni\u0119 nacisku z czterema wyczuwalnymi rowkami.<\/section>\n<section><\/section>\n<section>Rowki stanowi\u0105 dodatkow\u0105 wskaz\u00f3wk\u0119 dla os\u00f3b z dysfunkcj\u0105 wzroku.<\/section>\n<section><\/section>\n<section>Mo\u017cesz \u0142atwo wyczu\u0107, gdzie nacisn\u0105\u0107, aby otworzy\u0107 drzwi.<\/section>\n<section><\/section>\n<section>JCK207 jest wykonany ze srebrnego anodowanego aluminium i ma ciemnoszare za\u015blepki. Jest dostarczany z 1 mikroprze\u0142\u0105cznikiem w IP67, ale mo\u017cna go r\u00f3wnie\u017c zam\u00f3wi\u0107 z wi\u0119ksz\u0105 liczb\u0105.<\/p>\n<\/section>\n<section>\n<h4>Specyfikacja techniczna<\/h4>\n<ul>\n<li>Wyprodukowano w Szwecji.<\/li>\n<li>Materia\u0142: Alu.6060-T6, tworzywo sztuczne POM (tworzywo acetalowe).<\/li>\n<li>Wymiary wersji standardowej d\u0142.\/szer.\/wys.: 245x80x23 mm.<\/li>\n<li>Mikroprze\u0142\u0105cznik: Standardowy 1 szt. NIE IP67. Mo\u017cna zam\u00f3wi\u0107 z 2, a tak\u017ce z NO\/NC.<\/li>\n<\/ul>\n<\/section>","protected":false},"excerpt":{"rendered":"<p>Wymiary produktu: 245 x 80 x 23 mm.<\/p>\n<p>Z\u0142\u0105cze k\u0105towe wykonane z anodowanego na srebrno aluminium z czarnymi za\u015blepkami.<\/p>\n<p>P\u0142aska p\u0142ytka dociskowa z wyczuwalnymi rowkami.<\/p>","protected":false},"featured_media":142634,"template":"","meta":{"_acf_changed":false},"product_brand":[],"product_cat":[1422,4706],"product_tag":[2989],"class_list":{"0":"post-58445","1":"product","2":"type-product","3":"status-publish","4":"has-post-thumbnail","6":"product_cat-armbagskontakter-dorrautomatik","7":"product_cat-metall","8":"product_tag-egen-logo-ej-taggar-kort","9":"product_shipping_class-tunga-paket","10":"pa_brands-jc-kontakter","11":"tm-has-options","13":"first","14":"instock","15":"sale","16":"featured","17":"taxable","18":"shipping-taxable","19":"purchasable","20":"product-type-simple"},"acf":[],"_links":{"self":[{"href":"https:\/\/secureus.se\/pl\/wp-json\/wp\/v2\/product\/58445","targetHints":{"allow":["GET"]}}],"collection":[{"href":"https:\/\/secureus.se\/pl\/wp-json\/wp\/v2\/product"}],"about":[{"href":"https:\/\/secureus.se\/pl\/wp-json\/wp\/v2\/types\/product"}],"wp:featuredmedia":[{"embeddable":true,"href":"https:\/\/secureus.se\/pl\/wp-json\/wp\/v2\/media\/142634"}],"wp:attachment":[{"href":"https:\/\/secureus.se\/pl\/wp-json\/wp\/v2\/media?parent=58445"}],"wp:term":[{"taxonomy":"product_brand","embeddable":true,"href":"https:\/\/secureus.se\/pl\/wp-json\/wp\/v2\/product_brand?post=58445"},{"taxonomy":"product_cat","embeddable":true,"href":"https:\/\/secureus.se\/pl\/wp-json\/wp\/v2\/product_cat?post=58445"},{"taxonomy":"product_tag","embeddable":true,"href":"https:\/\/secureus.se\/pl\/wp-json\/wp\/v2\/product_tag?post=58445"}],"curies":[{"name":"wp","href":"https:\/\/api.w.org\/{rel}","templated":true}]}}