{"id":58459,"date":"2022-10-12T12:13:20","date_gmt":"2022-10-12T10:13:20","guid":{"rendered":"https:\/\/secureus.se\/produkt\/uplus-12v-45-ah\/"},"modified":"2026-04-02T11:16:29","modified_gmt":"2026-04-02T09:16:29","slug":"batteri-12v-45ah","status":"publish","type":"product","link":"https:\/\/secureus.se\/pl\/batteri-12v-45ah\/","title":{"rendered":"Akumulator 12V 45Ah UPLUS 10-12 lat Wersja Pro"},"content":{"rendered":"<h1>Bateria 12V 45ah \/ Akumulator UPLUS 10-12 Lat<\/h1>\n<p>UPLUS oferuje jeden z najszerszych na rynku asortyment akumulator\u00f3w AGM z regulacj\u0105 zawor\u00f3w i trwa\u0142o\u015bci\u0105 projektow\u0105 10-12 lat.<\/p>\n<p>Przyk\u0142adowymi obszarami zastosowa\u0144 akumulator\u00f3w przemys\u0142owych UPLUS s\u0105 klapy dymowe, systemy dost\u0119pu i systemy komunikacji w windach.<\/p>\n<p>Wymiary mm (d\u0142. x szer. x wys.): 197 x 165 x 170<\/p>\n<p>Waga kg: 14,50<\/p>\n<p>Bateria 12V 45ah UPLUS Longlife zosta\u0142a opracowana jako \u017ar\u00f3d\u0142o zasilania, w kt\u00f3rym najwa\u017cniejsza jest wysoka niezawodno\u015b\u0107 i d\u0142uga \u017cywotno\u015b\u0107.<\/p>\n<p>Akumulatory s\u0105 testowane na kilku etapach procesu produkcyjnego, aby sprosta\u0107 rygorystycznym wymaganiom stawianym akumulatorom przez u\u017cytkownik\u00f3w z segmentu morskiego.<\/p>\n<p>Oferta UPLUS Marine obejmuje zar\u00f3wno standardowe akumulatory, kt\u00f3re dobrze sprawdzaj\u0105 si\u0119 jako uniwersalne akumulatory, jak i akumulatory typu Deep Cycle, kt\u00f3re s\u0105 przeznaczone do bardziej cyklicznego u\u017cytkowania.<\/p>\n<p>Deep Cycle jest zatem oczywistym wyborem jako akumulator eksploatacyjny w UPS-ach \u0142odziowych z wieloma odbiornikami i du\u017cym obci\u0105\u017ceniem.<\/p>\n<p>Wi\u0119kszo\u015b\u0107 nordyckich producent\u00f3w \u0142odzi stosuje standardowo UPLUS, poniewa\u017c niezawodno\u015b\u0107 operacyjna jest najwa\u017cniejsza.<\/p>\n<p>Szeroki asortyment u\u0142atwia znalezienie akumulatora najlepiej dopasowanego do danej instalacji lub \u017ar\u00f3d\u0142a zasilania pr\u0105dem sta\u0142ym.<\/p>","protected":false},"excerpt":{"rendered":"<p>Bateria AGM 45 AH \u017bywotno\u015b\u0107 10 -12 lat do system\u00f3w telekomunikacyjnych, alarmowych i bezpiecze\u0144stwa.<\/p>","protected":false},"featured_media":142602,"template":"","meta":{"_acf_changed":false},"product_brand":[],"product_cat":[1596,2428,1324],"product_tag":[4406],"class_list":{"0":"post-58459","1":"product","2":"type-product","3":"status-publish","4":"has-post-thumbnail","6":"product_cat-ackumulatorer-12v-agm-batterier","7":"product_cat-stromforsorjning-batterier","8":"product_cat-outlet","9":"product_tag-batteri-13-45-ah","10":"product_shipping_class-tunga-paket","11":"pa_brands-uplus","12":"tm-no-options","14":"first","15":"instock","16":"sale","17":"featured","18":"taxable","19":"shipping-taxable","20":"purchasable","21":"product-type-simple"},"acf":[],"_links":{"self":[{"href":"https:\/\/secureus.se\/pl\/wp-json\/wp\/v2\/product\/58459","targetHints":{"allow":["GET"]}}],"collection":[{"href":"https:\/\/secureus.se\/pl\/wp-json\/wp\/v2\/product"}],"about":[{"href":"https:\/\/secureus.se\/pl\/wp-json\/wp\/v2\/types\/product"}],"wp:featuredmedia":[{"embeddable":true,"href":"https:\/\/secureus.se\/pl\/wp-json\/wp\/v2\/media\/142602"}],"wp:attachment":[{"href":"https:\/\/secureus.se\/pl\/wp-json\/wp\/v2\/media?parent=58459"}],"wp:term":[{"taxonomy":"product_brand","embeddable":true,"href":"https:\/\/secureus.se\/pl\/wp-json\/wp\/v2\/product_brand?post=58459"},{"taxonomy":"product_cat","embeddable":true,"href":"https:\/\/secureus.se\/pl\/wp-json\/wp\/v2\/product_cat?post=58459"},{"taxonomy":"product_tag","embeddable":true,"href":"https:\/\/secureus.se\/pl\/wp-json\/wp\/v2\/product_tag?post=58459"}],"curies":[{"name":"wp","href":"https:\/\/api.w.org\/{rel}","templated":true}]}}