{"id":58469,"date":"2022-10-12T12:41:41","date_gmt":"2022-10-12T10:41:41","guid":{"rendered":"https:\/\/secureus.se\/produkt\/uplus-c-12v-75-ah\/"},"modified":"2026-04-02T12:40:38","modified_gmt":"2026-04-02T10:40:38","slug":"batteri-12v-75ah","status":"publish","type":"product","link":"https:\/\/secureus.se\/pl\/batteri-12v-75ah\/","title":{"rendered":"Akumulator 12V 75Ah UPLUS 10-12 lat Wersja Pro"},"content":{"rendered":"<h1>Bateria 12V 75ah \/ Akumulator UPLUS 10-12 Lat<\/h1>\n<p>UPLUS oferuje jedn\u0105 z najszerszych na rynku gamy wysokowydajnych akumulator\u00f3w AGM.<\/p>\n<p>UPLUS od wielu lat jest jednym z najwi\u0119kszych producent\u00f3w wysokiej jako\u015bci akumulator\u00f3w na rynek \u015bwiatowy w bran\u017cy produkcyjnej.<\/p>\n<p>Wymiary mm (d\u0142. x szer. x wys.): 260 x 168 x 208<\/p>\n<p>Waga kg: 23,0<\/p>\n<p>Bateria 12V 75ah UPLUS Longlife zosta\u0142a opracowana z my\u015bl\u0105 o \u017ar\u00f3dle zasilania, w kt\u00f3rym najwa\u017cniejsza jest wysoka niezawodno\u015b\u0107 dzia\u0142ania i d\u0142uga \u017cywotno\u015b\u0107.<\/p>\n<p>Akumulatory s\u0105 testowane na kilku etapach procesu produkcyjnego, aby sprosta\u0107 rygorystycznym wymaganiom stawianym akumulatorom przez u\u017cytkownik\u00f3w z segmentu morskiego.<\/p>\n<p>Oferta UPLUS Marine obejmuje zar\u00f3wno standardowe akumulatory, kt\u00f3re dobrze sprawdzaj\u0105 si\u0119 jako uniwersalne akumulatory, jak i akumulatory typu Deep Cycle, kt\u00f3re s\u0105 przeznaczone do bardziej cyklicznego u\u017cytkowania.<\/p>\n<p>Deep Cycle jest zatem oczywistym wyborem jako akumulator eksploatacyjny w UPS-ach \u0142odziowych z wieloma odbiornikami i du\u017cym obci\u0105\u017ceniem.<\/p>\n<p>Wi\u0119kszo\u015b\u0107 nordyckich producent\u00f3w \u0142odzi stosuje standardowo UPLUS, poniewa\u017c niezawodno\u015b\u0107 operacyjna jest najwa\u017cniejsza.<\/p>\n<p>Szeroki asortyment u\u0142atwia znalezienie akumulatora najlepiej dopasowanego do danej instalacji lub \u017ar\u00f3d\u0142a zasilania pr\u0105dem sta\u0142ym.<\/p>","protected":false},"excerpt":{"rendered":"<p>Bateria AGM 75 AH \u017bywotno\u015b\u0107 10\u201312 lat do system\u00f3w telekomunikacyjnych, alarmowych i bezpiecze\u0144stwa.<\/p>","protected":false},"featured_media":141674,"template":"","meta":{"_acf_changed":false},"product_brand":[],"product_cat":[1596,2428],"product_tag":[2182],"class_list":{"0":"post-58469","1":"product","2":"type-product","3":"status-publish","4":"has-post-thumbnail","6":"product_cat-ackumulatorer-12v-agm-batterier","7":"product_cat-stromforsorjning-batterier","8":"product_tag-batteri-46ah-och-uppat","9":"product_shipping_class-tunga-paket","10":"pa_brands-uplus","11":"tm-no-options","13":"first","14":"instock","15":"sale","16":"featured","17":"taxable","18":"shipping-taxable","19":"purchasable","20":"product-type-simple"},"acf":[],"_links":{"self":[{"href":"https:\/\/secureus.se\/pl\/wp-json\/wp\/v2\/product\/58469","targetHints":{"allow":["GET"]}}],"collection":[{"href":"https:\/\/secureus.se\/pl\/wp-json\/wp\/v2\/product"}],"about":[{"href":"https:\/\/secureus.se\/pl\/wp-json\/wp\/v2\/types\/product"}],"wp:featuredmedia":[{"embeddable":true,"href":"https:\/\/secureus.se\/pl\/wp-json\/wp\/v2\/media\/141674"}],"wp:attachment":[{"href":"https:\/\/secureus.se\/pl\/wp-json\/wp\/v2\/media?parent=58469"}],"wp:term":[{"taxonomy":"product_brand","embeddable":true,"href":"https:\/\/secureus.se\/pl\/wp-json\/wp\/v2\/product_brand?post=58469"},{"taxonomy":"product_cat","embeddable":true,"href":"https:\/\/secureus.se\/pl\/wp-json\/wp\/v2\/product_cat?post=58469"},{"taxonomy":"product_tag","embeddable":true,"href":"https:\/\/secureus.se\/pl\/wp-json\/wp\/v2\/product_tag?post=58469"}],"curies":[{"name":"wp","href":"https:\/\/api.w.org\/{rel}","templated":true}]}}