{"id":58473,"date":"2022-10-12T12:47:59","date_gmt":"2022-10-12T10:47:59","guid":{"rendered":"https:\/\/secureus.se\/produkt\/uplus-c-12v-150-ah\/"},"modified":"2026-04-02T12:40:55","modified_gmt":"2026-04-02T10:40:55","slug":"batteri-12v-150ah","status":"publish","type":"product","link":"https:\/\/secureus.se\/pl\/batteri-12v-150ah\/","title":{"rendered":"Akumulator 12V 150Ah UPLUS Deep Cycle 10-12 lat Wersja Pro"},"content":{"rendered":"<h4>Akumulator g\u0142\u0119bokiego cyklu UPLUS AGM 12 V 150 Ah<\/h4>\n<p>UPLUS oferuje jeden z najszerszych na rynku asortyment\u00f3w wysokowydajnych akumulator\u00f3w AGM. Dzi\u0119ki wieloletniemu do\u015bwiadczeniu firma UPLUS sta\u0142a si\u0119 wiod\u0105cym producentem wysokiej jako\u015bci akumulator\u00f3w na rynku \u015bwiatowym. Akumulatory UPLUS AGM zosta\u0142y specjalnie opracowane, aby sprosta\u0107 wymaganiom u\u017cytkownik\u00f3w morskich i przemys\u0142owych, kt\u00f3rzy potrzebuj\u0105 wysokiej niezawodno\u015bci i d\u0142ugiej \u017cywotno\u015bci.<\/p>\n<p>Akumulatory UPLUS AGM Deep Cycle maj\u0105 grubsze p\u0142yty o\u0142owiowe i specjalnie opracowany separator, kt\u00f3ry zapobiega gazowaniu, zasiarczaniu i zwarciom mikrokryszta\u0142\u00f3w. To sprawia, \u017ce s\u0105 oczywistym wyborem dla \u0142odzi z wieloma odbiorcami i du\u017cym obci\u0105\u017ceniem.<\/p>\n<h3>Funkcje i zalety<\/h3>\n<ul>\n<li><strong>Wysokowydajna technologia AGM<\/strong>: Technologia Absorbed Glass Mat gwarantuj\u0105ca bezobs\u0142ugow\u0105 prac\u0119 i wysok\u0105 niezawodno\u015b\u0107.<\/li>\n<li><strong>D\u0142uga \u017cywotno\u015b\u0107<\/strong>: Zaprojektowany, aby wytrzyma\u0107 cz\u0119ste u\u017cytkowanie cykliczne, dzi\u0119ki czemu akumulator idealnie nadaje si\u0119 do zastosowa\u0144 konsumenckich.<\/li>\n<li><strong>Solidna konstrukcja<\/strong>: Wykonane z grubszych p\u0142yt o\u0142owianych i specjalnych separator\u00f3w, aby wytrzyma\u0107 trudne warunki.<\/li>\n<li><strong>Wysoka niezawodno\u015b\u0107 dzia\u0142ania<\/strong>: Testowane na kilku etapach procesu produkcyjnego, aby spe\u0142ni\u0107 surowe wymagania u\u017cytkownik\u00f3w morskich.<\/li>\n<li><strong>Elastyczne zastosowanie<\/strong>: Mo\u017ce by\u0107 u\u017cywany zar\u00f3wno jako akumulator rozruchowy, jak i eksploatacyjny, dzi\u0119ki czemu jest wszechstronny do r\u00f3\u017cnych zastosowa\u0144.<\/li>\n<\/ul>\n<h3>Specyfikacja techniczna<\/h3>\n<ul>\n<li><strong>Pojemno\u015b\u0107<\/strong>: 150Ah<\/li>\n<li><strong>Wolta\u017c<\/strong>: 12 V<\/li>\n<li><strong>Typ s\u0142upa<\/strong>: M8<\/li>\n<li><strong>Pozycja Polaka<\/strong>: 1<\/li>\n<li><strong>Wymiary<\/strong>: D\u0142ugo\u015b\u0107: 485 mm, Szeroko\u015b\u0107: 170 mm, Wysoko\u015b\u0107: 240 mm<\/li>\n<li><strong>Waga<\/strong>: 42,5 kg<\/li>\n<li><strong>Op\u0142ata<\/strong>: Mo\u017cna \u0142adowa\u0107 za pomoc\u0105 \u0142adowarki ustawionej na \u0142adowanie AGM przy napi\u0119ciu 14,4 V<\/li>\n<li><strong>Klasa ochrony<\/strong>: IP67<\/li>\n<li><strong>Temperatura pracy<\/strong>: -40 do +70\u00b0C<\/li>\n<\/ul>\n<h3>Obszary zastosowa\u0144<\/h3>\n<ul>\n<li><strong>Zastosowania morskie<\/strong>: Idealny do \u0142odzi z wieloma odbiornikami i du\u017cymi obci\u0105\u017ceniami, zar\u00f3wno jako akumulator rozruchowy, jak i u\u017cytkowy.<\/li>\n<li><strong>Zastosowania przemys\u0142owe<\/strong>: Idealny dla przemys\u0142u produkcyjnego i innych zastosowa\u0144 wymagaj\u0105cych niezawodnego zasilania.<\/li>\n<\/ul>\n<h3>Instalacja i konserwacja<\/h3>\n<ol>\n<li><strong>Montowanie<\/strong>: W przypadku instalowania kilku akumulator\u00f3w obok siebie zaleca si\u0119 zachowanie odst\u0119pu oko\u0142o 2 cm, aby zapewni\u0107 optymaln\u0105 wydajno\u015b\u0107 i \u017cywotno\u015b\u0107.<\/li>\n<li><strong>Op\u0142ata<\/strong>: Aby uzyska\u0107 najlepsze rezultaty, u\u017cyj zestawu \u0142aduj\u0105cego do \u0142adowania AGM przy napi\u0119ciu 14,4 V.<\/li>\n<li><strong>Konserwacja<\/strong>: Technologia AGM oznacza, \u017ce akumulator jest bezobs\u0142ugowy, zaleca si\u0119 jednak regularne sprawdzanie po\u0142\u0105cze\u0144 i stanu na\u0142adowania.<\/li>\n<\/ol>\n<h3>Dokument<\/h3>\n<ul>\n<li style=\"list-style-type: none\">\n<ul>\n<li><a href=\"https:\/\/dl.dropboxusercontent.com\/s\/jntlfw5sgalw37m\/USC12-150.pdf?dl=0\" rel=\"noopener\"><strong>Aby uzyska\u0107 wi\u0119cej informacji o produkcie, pobierz kart\u0119 produktu tutaj.<\/strong><\/a><\/li>\n<\/ul>\n<\/li>\n<\/ul>\n<p>&nbsp;<\/p>\n<p>Akumulatory UPLUS AGM s\u0105 preferowanym wyborem dla wielu skandynawskich producent\u00f3w \u0142odzi ze wzgl\u0119du na ich wysok\u0105 niezawodno\u015b\u0107 dzia\u0142ania i d\u0142ug\u0105 \u017cywotno\u015b\u0107. Dzi\u0119ki szerokiej ofercie UPLUS mo\u017cesz \u0142atwo znale\u017a\u0107 akumulator, kt\u00f3ry najlepiej pasuje do Twojej instalacji lub \u017ar\u00f3d\u0142a pr\u0105du sta\u0142ego.<\/p>","protected":false},"excerpt":{"rendered":"<p><strong>Akumulator g\u0142\u0119bokiego cyklu UPLUS AGM 12 V 150 Ah<\/strong><\/p>\n<p>Akumulator g\u0142\u0119bokiego cyklu UPLUS AGM zapewnia wysok\u0105 niezawodno\u015b\u0107 i d\u0142ug\u0105 \u017cywotno\u015b\u0107, idealny do \u0142odzi i zastosowa\u0144 przemys\u0142owych. Dzi\u0119ki pojemno\u015bci 150Ah i technologii AGM akumulator ten jest bezobs\u0142ugowy i niezawodny. Dzia\u0142a r\u00f3wnie\u017c w systemach telekomunikacyjnych, alarmowych i bezpiecze\u0144stwa.<\/p>","protected":false},"featured_media":142177,"template":"","meta":{"_acf_changed":false},"product_brand":[],"product_cat":[1596,2428],"product_tag":[2182],"class_list":{"0":"post-58473","1":"product","2":"type-product","3":"status-publish","4":"has-post-thumbnail","6":"product_cat-ackumulatorer-12v-agm-batterier","7":"product_cat-stromforsorjning-batterier","8":"product_tag-batteri-46ah-och-uppat","9":"product_shipping_class-tunga-paket","10":"pa_brands-uplus","11":"tm-no-options","13":"first","14":"instock","15":"sale","16":"featured","17":"taxable","18":"shipping-taxable","19":"purchasable","20":"product-type-simple"},"acf":[],"_links":{"self":[{"href":"https:\/\/secureus.se\/pl\/wp-json\/wp\/v2\/product\/58473","targetHints":{"allow":["GET"]}}],"collection":[{"href":"https:\/\/secureus.se\/pl\/wp-json\/wp\/v2\/product"}],"about":[{"href":"https:\/\/secureus.se\/pl\/wp-json\/wp\/v2\/types\/product"}],"wp:featuredmedia":[{"embeddable":true,"href":"https:\/\/secureus.se\/pl\/wp-json\/wp\/v2\/media\/142177"}],"wp:attachment":[{"href":"https:\/\/secureus.se\/pl\/wp-json\/wp\/v2\/media?parent=58473"}],"wp:term":[{"taxonomy":"product_brand","embeddable":true,"href":"https:\/\/secureus.se\/pl\/wp-json\/wp\/v2\/product_brand?post=58473"},{"taxonomy":"product_cat","embeddable":true,"href":"https:\/\/secureus.se\/pl\/wp-json\/wp\/v2\/product_cat?post=58473"},{"taxonomy":"product_tag","embeddable":true,"href":"https:\/\/secureus.se\/pl\/wp-json\/wp\/v2\/product_tag?post=58473"}],"curies":[{"name":"wp","href":"https:\/\/api.w.org\/{rel}","templated":true}]}}