{"id":58522,"date":"2022-10-10T11:14:31","date_gmt":"2022-10-10T09:14:31","guid":{"rendered":"https:\/\/secureus.se\/produkt\/armbagsbrytare-jck108-245mm-3-2\/"},"modified":"2025-12-31T20:35:27","modified_gmt":"2025-12-31T19:35:27","slug":"armbagskontakt-jck108-245mm-3-2","status":"publish","type":"product","link":"https:\/\/secureus.se\/pl\/armbagskontakt-jck108-245mm-3-2\/","title":{"rendered":"\u0141\u0105cznik kolankowy JCK108 \u2013 245mm"},"content":{"rendered":"<h1>Z\u0142\u0105cze kolankowe JCK108<\/h1>\n<section>JCK108 to solidny aluminiowy \u0142\u0105cznik k\u0105towy.<\/section>\n<section><\/section>\n<section>Model ten posiada wkl\u0119s\u0142\u0105 p\u0142yt\u0119 dociskow\u0105 z kontrastuj\u0105cymi, czarnymi za\u015blepkami i jest szczeg\u00f3lnie polecany do monta\u017cu w wymagaj\u0105cych warunkach.<\/section>\n<section>\nJCK108 jest dostarczany z 2 mikroprze\u0142\u0105cznikami w IP67.<\/section>\n<section>\n<h4>Specyfikacja techniczna<\/h4>\n<ul>\n<li>Wyprodukowano w Szwecji.<\/li>\n<li>Materia\u0142: Alu.6060-T6, tworzywo sztuczne POM (tworzywo acetalowe).<\/li>\n<li>Wymiary d\u0142.\/szer.\/wys.: 245x80x28 mm.<\/li>\n<li>Mikrowy\u0142\u0105cznik: Standardowy 2 szt. NIE IP67. Mo\u017cna zam\u00f3wi\u0107 z NO\/NC.<\/li>\n<\/ul>\n<\/section>","protected":false},"excerpt":{"rendered":"<p>Wymiary produktu: 245 x 80 x 28 mm.<\/p>\n<p>\u0141\u0105cznik k\u0105towy z wkl\u0119s\u0142\u0105 p\u0142ytk\u0105 dociskow\u0105 z anodowanego na srebrno aluminium i czarnymi za\u015blepkami.<\/p>\n<p>Bia\u0142e za\u015blepki s\u0105 dost\u0119pne opcjonalnie.<\/p>","protected":false},"featured_media":142008,"template":"","meta":{"_acf_changed":false},"product_brand":[],"product_cat":[1422,4706],"product_tag":[2989],"class_list":{"0":"post-58522","1":"product","2":"type-product","3":"status-publish","4":"has-post-thumbnail","6":"product_cat-armbagskontakter-dorrautomatik","7":"product_cat-metall","8":"product_tag-egen-logo-ej-taggar-kort","9":"product_shipping_class-tunga-paket","10":"pa_brands-jc-kontakter","11":"tm-has-options","13":"first","14":"instock","15":"sale","16":"featured","17":"taxable","18":"shipping-taxable","19":"purchasable","20":"product-type-simple"},"acf":[],"_links":{"self":[{"href":"https:\/\/secureus.se\/pl\/wp-json\/wp\/v2\/product\/58522","targetHints":{"allow":["GET"]}}],"collection":[{"href":"https:\/\/secureus.se\/pl\/wp-json\/wp\/v2\/product"}],"about":[{"href":"https:\/\/secureus.se\/pl\/wp-json\/wp\/v2\/types\/product"}],"wp:featuredmedia":[{"embeddable":true,"href":"https:\/\/secureus.se\/pl\/wp-json\/wp\/v2\/media\/142008"}],"wp:attachment":[{"href":"https:\/\/secureus.se\/pl\/wp-json\/wp\/v2\/media?parent=58522"}],"wp:term":[{"taxonomy":"product_brand","embeddable":true,"href":"https:\/\/secureus.se\/pl\/wp-json\/wp\/v2\/product_brand?post=58522"},{"taxonomy":"product_cat","embeddable":true,"href":"https:\/\/secureus.se\/pl\/wp-json\/wp\/v2\/product_cat?post=58522"},{"taxonomy":"product_tag","embeddable":true,"href":"https:\/\/secureus.se\/pl\/wp-json\/wp\/v2\/product_tag?post=58522"}],"curies":[{"name":"wp","href":"https:\/\/api.w.org\/{rel}","templated":true}]}}