{"id":59033,"date":"2022-07-10T13:24:48","date_gmt":"2022-07-10T11:24:48","guid":{"rendered":"https:\/\/secureus.se\/produkt\/sticker-sjalvhaftande-em4200-pappers-30mm\/"},"modified":"2026-02-05T14:02:08","modified_gmt":"2026-02-05T13:02:08","slug":"rfid-stickers-sjalvhaftande-em4200-pappers-30mm","status":"publish","type":"product","link":"https:\/\/secureus.se\/pl\/rfid-stickers-sjalvhaftande-em4200-pappers-30mm\/","title":{"rendered":"Naklejki RFID samoprzylepne EM4200 \u2013 Papier 30mm"},"content":{"rendered":"<p>Dostarczane 1 i 1 z powierzchni\u0105 samoprzylepn\u0105 i wbudowanym chipem (EM4200)<\/p>\n<p>Poniewa\u017c jest wykonany z papieru, jest niezwykle cienki i stosunkowo delikatny.<\/p>\n<p>Je\u015bli chcesz, aby kij by\u0142 lepiej odporny na wp\u0142ywy zewn\u0119trzne, wybierz kij z PVC.<\/p>\n<div>\n<div>\n<div data-tid=\"messageBodyContainer\">\n<div data-tid=\"messageBodyContent\">\n<div>\n<div>\n<div>\n<p>Naklejka to tani i dobry produkt z oryginalnym chipem do wszelkich zastosowa\u0144.<\/p>\n<\/div>\n<\/div>\n<\/div>\n<\/div>\n<\/div>\n<\/div>\n<\/div>","protected":false},"excerpt":{"rendered":"<p>Dostarczane 1 i 1 z powierzchni\u0105 samoprzylepn\u0105 i wbudowanym chipem (EM4200). Poniewa\u017c jest wykonany z papieru, jest niezwykle cienki i stosunkowo delikatny. Je\u015bli chcesz, trzymaj si\u0119 jako<\/p>","protected":false},"featured_media":141754,"template":"","meta":{"_acf_changed":false},"product_brand":[],"product_cat":[1357],"product_tag":[2958],"class_list":{"0":"post-59033","1":"product","2":"type-product","3":"status-publish","4":"has-post-thumbnail","6":"product_cat-rfid-sticker","7":"product_tag-stonehouse-produkt","8":"product_shipping_class-postnord-varubrev","9":"pa_brands-stonehouse-security","10":"pa_farg-vit","11":"tm-no-options","13":"first","14":"instock","15":"sale","16":"featured","17":"taxable","18":"shipping-taxable","19":"purchasable","20":"product-type-simple"},"acf":[],"_links":{"self":[{"href":"https:\/\/secureus.se\/pl\/wp-json\/wp\/v2\/product\/59033","targetHints":{"allow":["GET"]}}],"collection":[{"href":"https:\/\/secureus.se\/pl\/wp-json\/wp\/v2\/product"}],"about":[{"href":"https:\/\/secureus.se\/pl\/wp-json\/wp\/v2\/types\/product"}],"wp:featuredmedia":[{"embeddable":true,"href":"https:\/\/secureus.se\/pl\/wp-json\/wp\/v2\/media\/141754"}],"wp:attachment":[{"href":"https:\/\/secureus.se\/pl\/wp-json\/wp\/v2\/media?parent=59033"}],"wp:term":[{"taxonomy":"product_brand","embeddable":true,"href":"https:\/\/secureus.se\/pl\/wp-json\/wp\/v2\/product_brand?post=59033"},{"taxonomy":"product_cat","embeddable":true,"href":"https:\/\/secureus.se\/pl\/wp-json\/wp\/v2\/product_cat?post=59033"},{"taxonomy":"product_tag","embeddable":true,"href":"https:\/\/secureus.se\/pl\/wp-json\/wp\/v2\/product_tag?post=59033"}],"curies":[{"name":"wp","href":"https:\/\/api.w.org\/{rel}","templated":true}]}}