{"id":67606,"date":"2022-11-14T16:34:02","date_gmt":"2022-11-14T15:34:02","guid":{"rendered":"https:\/\/secureus.se\/produkt\/ackumulator-6-volt-3-4ah-agility-ny-version-mer-kraft\/"},"modified":"2026-04-07T16:34:08","modified_gmt":"2026-04-07T14:34:08","slug":"batteri-6v-34-ah","status":"publish","type":"product","link":"https:\/\/secureus.se\/pl\/batteri-6v-34-ah\/","title":{"rendered":"Akumulator 6V 3,4Ah"},"content":{"rendered":"<h1>Bateria 6 V 3,4 Ah<\/h1>\n<p data-start=\"434\" data-end=\"817\">Akumulator 6V 3,4 Ah jest wa\u017cnym elementem system\u00f3w alarmowych i telekomunikacyjnych, kt\u00f3re wymagaj\u0105 bezpiecznego i stabilnego zasilania.<\/p>\n<p data-start=\"434\" data-end=\"817\">Ten akumulator jest szczeg\u00f3lnie przydatny do alarm\u00f3w Agility i innych system\u00f3w, kt\u00f3re wykorzystuj\u0105 zasilacze 6 V.<\/p>\n<p data-start=\"434\" data-end=\"817\">Aby mie\u0107 pewno\u015b\u0107, \u017ce system zawsze b\u0119dzie mia\u0142 niezawodne zasilanie awaryjne, zaleca si\u0119 wymian\u0119 akumulatora po oko\u0142o trzech latach, niezale\u017cnie od jego bie\u017c\u0105cego stanu.<\/p>\n<p data-start=\"819\" data-end=\"1097\">Panel sterowania systemem alarmowym Agility regularnie testuje dzia\u0142anie akumulatora, aby mie\u0107 pewno\u015b\u0107, \u017ce b\u0119dzie on zawsze sprawny, gdy jest najbardziej potrzebny.<\/p>\n<p data-start=\"819\" data-end=\"1097\">Dzi\u0119ki temu mo\u017cesz mie\u0107 pewno\u015b\u0107, \u017ce alarm dzia\u0142a prawid\u0142owo i jest przygotowany na wszelkie sytuacje awaryjne.<\/p>\n<p data-start=\"1099\" data-end=\"1466\">Akumulator nie wymaga konserwacji, dzi\u0119ki czemu jest \u0142atwy w obs\u0142udze i instalacji.<\/p>\n<p data-start=\"1099\" data-end=\"1466\">Dzi\u0119ki kompaktowym wymiarom (134x34x66 mm) i wadze zaledwie 0,635 kg urz\u0105dzenie mo\u017cna z \u0142atwo\u015bci\u0105 zamontowa\u0107 w r\u00f3\u017cnych systemach alarmowych i systemach bezpiecze\u0144stwa.<\/p>\n<p data-start=\"1099\" data-end=\"1466\">Trwa\u0142o\u015b\u0107 i niezawodno\u015b\u0107 urz\u0105dzenia sprawiaj\u0105, \u017ce jest ono doskona\u0142ym wyborem do wszelkiego rodzaju system\u00f3w alarmowych i telekomunikacyjnych, w kt\u00f3rych wymagana jest najwy\u017csza niezawodno\u015b\u0107.<\/p>\n<p data-start=\"1468\" data-end=\"1498\"><strong data-start=\"1468\" data-end=\"1496\">G\u0142\u00f3wne cechy:<\/strong><\/p>\n<ul data-start=\"1499\" data-end=\"1776\">\n<li data-start=\"1499\" data-end=\"1519\">\n<p data-start=\"1501\" data-end=\"1519\"><strong data-start=\"1501\" data-end=\"1514\">Wolta\u017c:<\/strong> 6V<\/p>\n<\/li>\n<li data-start=\"1520\" data-end=\"1545\">\n<p data-start=\"1522\" data-end=\"1545\"><strong data-start=\"1522\" data-end=\"1536\">Pojemno\u015b\u0107:<\/strong> 3,4 Ah<\/p>\n<\/li>\n<li data-start=\"1546\" data-end=\"1587\">\n<p data-start=\"1548\" data-end=\"1587\"><strong data-start=\"1548\" data-end=\"1560\">Rozmiar:<\/strong> 134 x 34 x 66 mm (d\u0142. x szer. x wys.)<\/p>\n<\/li>\n<li data-start=\"1588\" data-end=\"1610\">\n<p data-start=\"1590\" data-end=\"1610\"><strong data-start=\"1590\" data-end=\"1599\">Waga:<\/strong> 0,635 kg<\/p>\n<\/li>\n<li data-start=\"1611\" data-end=\"1671\">\n<p data-start=\"1613\" data-end=\"1671\"><strong data-start=\"1613\" data-end=\"1628\">U\u017cywa\u0107:<\/strong> Systemy alarmowe i telekomunikacyjne, Agility alarms<\/p>\n<\/li>\n<li data-start=\"1672\" data-end=\"1699\">\n<p data-start=\"1674\" data-end=\"1699\"><strong data-start=\"1674\" data-end=\"1694\">Bezobs\u0142ugowy:<\/strong> Tak<\/p>\n<\/li>\n<li data-start=\"1700\" data-end=\"1732\">\n<p data-start=\"1702\" data-end=\"1732\"><strong data-start=\"1702\" data-end=\"1716\">\u017bycie:<\/strong> Do 3 lat<\/p>\n<\/li>\n<li data-start=\"1733\" data-end=\"1776\">\n<p data-start=\"1735\" data-end=\"1776\"><strong data-start=\"1735\" data-end=\"1764\">Numer artyku\u0142u dostawcy:<\/strong> 500034-6V<\/p>\n<\/li>\n<\/ul>\n<p data-start=\"1778\" data-end=\"1793\"><strong data-start=\"1778\" data-end=\"1791\">Zalety:<\/strong><\/p>\n<ul data-start=\"1794\" data-end=\"2113\">\n<li data-start=\"1794\" data-end=\"1847\">\n<p data-start=\"1796\" data-end=\"1847\"><strong data-start=\"1796\" data-end=\"1815\">Bezobs\u0142ugowy<\/strong> \u2013 Wymaga minimalnego nadzoru<\/p>\n<\/li>\n<li data-start=\"1848\" data-end=\"1923\">\n<p data-start=\"1850\" data-end=\"1923\"><strong data-start=\"1850\" data-end=\"1874\">Wysoka niezawodno\u015b\u0107<\/strong> \u2013 Idealny do zastosowa\u0144 alarmowych i zabezpieczaj\u0105cych<\/p>\n<\/li>\n<li data-start=\"1924\" data-end=\"2031\">\n<p data-start=\"1926\" data-end=\"2031\"><strong data-start=\"1926\" data-end=\"1946\">Gwarancja bezpiecze\u0144stwa<\/strong> \u2013 Regularne testowanie systemu Agility w celu zapewnienia funkcjonalno\u015bci baterii<\/p>\n<\/li>\n<li data-start=\"2032\" data-end=\"2113\">\n<p data-start=\"2034\" data-end=\"2113\"><strong data-start=\"2034\" data-end=\"2052\">D\u0142uga \u017cywotno\u015b\u0107<\/strong> \u2013 Do 3 lat u\u017cytkowania zapewniaj\u0105ce bezpieczne i stabilne zasilanie awaryjne<\/p>\n<\/li>\n<\/ul>\n<p data-start=\"2115\" data-end=\"2410\">Podsumowuj\u0105c, akumulator 6V 3,4 Ah to niezawodne rozwi\u0105zanie dla system\u00f3w bezpiecze\u0144stwa i telekomunikacyjnych wymagaj\u0105cych stabilnego zasilania.<\/p>\n<p data-start=\"2115\" data-end=\"2410\">Zapewnia d\u0142ugotrwa\u0142\u0105 wydajno\u015b\u0107 i bezpiecze\u0144stwo, dzi\u0119ki czemu jest doskona\u0142ym wyborem dla ka\u017cdego, kto chce utrzyma\u0107 niezawodno\u015b\u0107 dzia\u0142ania swoich system\u00f3w bezpiecze\u0144stwa.<\/p>","protected":false},"excerpt":{"rendered":"<p>Akumulator 6V 3,4 Ah to akumulator bezobs\u0142ugowy przeznaczony do stosowania w systemach alarmowych i telekomunikacyjnych, w tym w systemach alarmowych Agility.<\/p>\n<p>Zapewnia niezawodne zasilanie awaryjne przez okres do trzech lat. Po tym czasie nale\u017cy je wymieni\u0107, aby zachowa\u0107 funkcjonalno\u015b\u0107 i bezpiecze\u0144stwo.<\/p>","protected":false},"featured_media":142069,"template":"","meta":{"_acf_changed":false},"product_brand":[],"product_cat":[1596,2428,1862],"product_tag":[4513,2419,2426],"class_list":{"0":"post-67606","1":"product","2":"type-product","3":"status-publish","4":"has-post-thumbnail","6":"product_cat-ackumulatorer-12v-agm-batterier","7":"product_cat-stromforsorjning-batterier","8":"product_cat-batterier-knappcell","9":"product_tag-batteri-1-6-ah","10":"product_tag-rel-batteri","11":"product_tag-rel-risco","12":"product_shipping_class-tunga-paket","13":"pa_brands-stonehouse-security","14":"pa_risco-produkter-agility-2","15":"pa_risco-produkter-agility-3","16":"pa_risco-produkter-agility-4","17":"tm-no-options","19":"first","20":"instock","21":"sale","22":"featured","23":"taxable","24":"shipping-taxable","25":"purchasable","26":"product-type-simple"},"acf":[],"_links":{"self":[{"href":"https:\/\/secureus.se\/pl\/wp-json\/wp\/v2\/product\/67606","targetHints":{"allow":["GET"]}}],"collection":[{"href":"https:\/\/secureus.se\/pl\/wp-json\/wp\/v2\/product"}],"about":[{"href":"https:\/\/secureus.se\/pl\/wp-json\/wp\/v2\/types\/product"}],"wp:featuredmedia":[{"embeddable":true,"href":"https:\/\/secureus.se\/pl\/wp-json\/wp\/v2\/media\/142069"}],"wp:attachment":[{"href":"https:\/\/secureus.se\/pl\/wp-json\/wp\/v2\/media?parent=67606"}],"wp:term":[{"taxonomy":"product_brand","embeddable":true,"href":"https:\/\/secureus.se\/pl\/wp-json\/wp\/v2\/product_brand?post=67606"},{"taxonomy":"product_cat","embeddable":true,"href":"https:\/\/secureus.se\/pl\/wp-json\/wp\/v2\/product_cat?post=67606"},{"taxonomy":"product_tag","embeddable":true,"href":"https:\/\/secureus.se\/pl\/wp-json\/wp\/v2\/product_tag?post=67606"}],"curies":[{"name":"wp","href":"https:\/\/api.w.org\/{rel}","templated":true}]}}