{"id":68285,"date":"2022-11-21T17:14:52","date_gmt":"2022-11-21T16:14:52","guid":{"rendered":"https:\/\/secureus.se\/produkt\/visonic-kf-234-pg2-powerg-wireless-keyfob-transmitter\/"},"modified":"2026-04-09T11:36:27","modified_gmt":"2026-04-09T09:36:27","slug":"fjarrkontroll-kf-234-pg2-visonic","status":"publish","type":"product","link":"https:\/\/secureus.se\/pl\/fjarrkontroll-kf-234-pg2-visonic\/","title":{"rendered":"Pilot KF-234 PG2 PowerG \u2013 Visonic"},"content":{"rendered":"<h1>Pilot KF-234 PG2 \u2013 wygodny i bezpieczny pilot do Twojego systemu alarmowego<\/h1>\n<p>KF-234 PG2 to idealne rozwi\u0105zanie umo\u017cliwiaj\u0105ce \u0142atwe zarz\u0105dzanie systemem alarmowym Visonic PowerMaster.<\/p>\n<p>Dzi\u0119ki czterem przyciskom funkcyjnym mo\u017cesz aktywowa\u0107, dezaktywowa\u0107 i w\u0142\u0105cza\u0107 tryb ochrony pocisku, a tak\u017ce wywo\u0142a\u0107 alarm paniki \u2013 wszystko za pomoc\u0105 jednego przycisku.<\/p>\n<p>Dzi\u0119ki zaawansowanym protoko\u0142om bezpiecze\u0144stwa technologii PowerG, KF-234 PG2 oferuje zasi\u0119g przekraczaj\u0105cy standardy bran\u017cowe, co czyni go idealnym rozwi\u0105zaniem nawet dla du\u017cych przestrzeni, bez konieczno\u015bci stosowania dodatkowych wzmacniaczy sygna\u0142u.<\/p>\n<p>Dzi\u0119ki \u017cywotno\u015bci baterii si\u0119gaj\u0105cej nawet 8 lat rzadko musisz my\u015ble\u0107 o ich wymianie, co dodatkowo u\u0142atwia u\u017cytkowanie.<\/p>\n<h4>Zalety:<\/h4>\n<ul>\n<li><strong>Bezpiecze\u0144stwo i komfort<\/strong>:\u0141atwa aktywacja i dezaktywacja alarmu.<\/li>\n<li><strong>Komunikacja dwukierunkowa<\/strong>:Uzyskaj potwierdzenie wykonanych polece\u0144 za pomoc\u0105 wska\u017anik\u00f3w LED.<\/li>\n<li><strong>D\u0142ugi czas pracy baterii<\/strong>:Do 8 lat niezawodnego u\u017cytkowania.<\/li>\n<li><strong>Kompaktowa konstrukcja<\/strong>:Ma\u0142y i por\u0119czny, \u0142atwy do przenoszenia.<\/li>\n<\/ul>\n<p>KF-234 PG2 to najlepszy wyb\u00f3r dla tych, kt\u00f3rzy oczekuj\u0105 bezpiecze\u0144stwa i \u0142atwo\u015bci obs\u0142ugi w jednym urz\u0105dzeniu.<\/p>","protected":false},"excerpt":{"rendered":"<p>KF-234 PG2 to bezprzewodowy pilot zdalnego sterowania z czterema przyciskami, kt\u00f3ry u\u0142atwia sterowanie systemem alarmowym Visonic PowerMaster.<\/p>\n<p>Dzi\u0119ki technologii PowerG i \u017cywotno\u015bci baterii do 8 lat jest to urz\u0105dzenie niezawodne i bezpieczne.<\/p>","protected":false},"featured_media":141174,"template":"","meta":{"_acf_changed":false},"product_brand":[],"product_cat":[3378,2732],"product_tag":[2327],"class_list":{"0":"post-68285","1":"product","2":"type-product","3":"status-publish","4":"has-post-thumbnail","6":"product_cat-visonic-larmstyrning-knappsatser","7":"product_cat-visonic-larm-tradlost","8":"product_tag-visonic-fjarr-assistansknapp","9":"product_shipping_class-postnord-varubrev","10":"pa_brands-5visonic","11":"pa_farg-svart","12":"tm-no-options","14":"first","15":"instock","16":"sale","17":"featured","18":"taxable","19":"shipping-taxable","20":"purchasable","21":"product-type-simple"},"acf":[],"_links":{"self":[{"href":"https:\/\/secureus.se\/pl\/wp-json\/wp\/v2\/product\/68285","targetHints":{"allow":["GET"]}}],"collection":[{"href":"https:\/\/secureus.se\/pl\/wp-json\/wp\/v2\/product"}],"about":[{"href":"https:\/\/secureus.se\/pl\/wp-json\/wp\/v2\/types\/product"}],"wp:featuredmedia":[{"embeddable":true,"href":"https:\/\/secureus.se\/pl\/wp-json\/wp\/v2\/media\/141174"}],"wp:attachment":[{"href":"https:\/\/secureus.se\/pl\/wp-json\/wp\/v2\/media?parent=68285"}],"wp:term":[{"taxonomy":"product_brand","embeddable":true,"href":"https:\/\/secureus.se\/pl\/wp-json\/wp\/v2\/product_brand?post=68285"},{"taxonomy":"product_cat","embeddable":true,"href":"https:\/\/secureus.se\/pl\/wp-json\/wp\/v2\/product_cat?post=68285"},{"taxonomy":"product_tag","embeddable":true,"href":"https:\/\/secureus.se\/pl\/wp-json\/wp\/v2\/product_tag?post=68285"}],"curies":[{"name":"wp","href":"https:\/\/api.w.org\/{rel}","templated":true}]}}