{"id":68287,"date":"2022-11-21T17:14:46","date_gmt":"2022-11-21T16:14:46","guid":{"rendered":"https:\/\/secureus.se\/produkt\/visonic-smd-429-pg2-powerg-wireless-smoke-and-heat-detector\/"},"modified":"2026-03-11T16:56:25","modified_gmt":"2026-03-11T15:56:25","slug":"rokdetektor-smd-429-visonic","status":"publish","type":"product","link":"https:\/\/secureus.se\/pl\/rokdetektor-smd-429-visonic\/","title":{"rendered":"Czujnik dymu SMD-429 z czujnikiem ciep\u0142a i PowerG \u2013 alarm dymowy Visonic \u2013 EOL Sprzedawany do wyczerpania zapas\u00f3w"},"content":{"rendered":"<h1>Czujnik dymu SMD-429 \u2013 Bezpiecze\u0144stwo i ochrona<\/h1>\n<p>SMD-429 to wydajny bezprzewodowy czujnik dymu i ciep\u0142a przeznaczony do ochrony domu lub firmy przed po\u017carem.<\/p>\n<p>Wyposa\u017cone w rewolucyjn\u0105 technologi\u0119 PowerG urz\u0105dzenie \u0142\u0105czy w sobie niezawodno\u015b\u0107 i prostot\u0119 z najwy\u017cszym na rynku poziomem bezpiecze\u0144stwa.<\/p>\n<p>Detektor szybko wykrywa dym i temperatur\u0119 powy\u017cej 57\u00b0C i ostrzega za pomoc\u0105 wbudowanej syreny o g\u0142o\u015bno\u015bci 85 dB oraz migaj\u0105cej diody LED.<\/p>\n<p>Jednocze\u015bnie wysy\u0142a sygna\u0142y do systemu alarmowego, aby zapewni\u0107 szybk\u0105 reakcj\u0119.<\/p>\n<h4>Funkcje i zalety<\/h4>\n<ul>\n<li><strong>Wczesne ostrze\u017cenia przeciwpo\u017carowe<\/strong>:Czujniki wykrywaj\u0105 dym i ciep\u0142o, co pozwala na wczesne ostrzeganie.<\/li>\n<li><strong>D\u0142ugi zasi\u0119g<\/strong>:Technologia PowerG umo\u017cliwia instalacj\u0119 bez wzmacniaczy sygna\u0142u nawet w wi\u0119kszych pomieszczeniach.<\/li>\n<li><strong>\u0141atwy w instalacji<\/strong>:\u0141atwy monta\u017c bez skomplikowanego okablowania.<\/li>\n<li><strong>D\u0142uga \u017cywotno\u015b\u0107 baterii<\/strong>:Do 3 lat przy normalnym u\u017cytkowaniu.<\/li>\n<li><strong>Zgodno\u015b\u0107<\/strong>: Wsp\u00f3\u0142pracuje bezproblemowo z systemami alarmowymi PowerMaster.<\/li>\n<\/ul>\n<p>Dzi\u0119ki \u0142atwej instalacji i zaawansowanej technologii SMD-429 doskonale sprawdzi si\u0119 zar\u00f3wno w domach, jak i firmach, w kt\u00f3rych priorytetem jest bezpiecze\u0144stwo i wygoda.<\/p>\n<p>&nbsp;<\/p>","protected":false},"excerpt":{"rendered":"<p>SMD-429 to zaawansowany bezprzewodowy czujnik dymu i ciep\u0142a z wbudowan\u0105 syren\u0105 i technologi\u0105 PowerG.<\/p>\n<p>Zapewnia wczesne ostrzeganie przed dymem i temperatur\u0105 powy\u017cej 57\u00b0C, chroni\u0105c Tw\u00f3j dom lub firm\u0119 24 godziny na dob\u0119, 7 dni w tygodniu.<\/p>\n<p>Dzi\u0119ki \u0142atwej instalacji, niskiemu zu\u017cyciu baterii i kompatybilno\u015bci z systemami PowerMaster, SMD-429 jest idealnym rozwi\u0105zaniem w zakresie bezpiecze\u0144stwa przeciwpo\u017carowego.<\/p>","protected":false},"featured_media":142080,"template":"","meta":{"_acf_changed":false},"product_brand":[],"product_cat":[3376,3383,3377],"product_tag":[],"class_list":{"0":"post-68287","1":"product","2":"type-product","3":"status-publish","4":"has-post-thumbnail","6":"product_cat-visonic-larmenheter","7":"product_cat-visonic-brandvarnare-vattendetektor-temperatur","8":"product_cat-visonic-siren","9":"product_shipping_class-tunga-paket","10":"pa_brands-5visonic","11":"tm-no-options","13":"first","14":"outofstock","15":"featured","16":"taxable","17":"shipping-taxable","18":"purchasable","19":"product-type-simple"},"acf":[],"_links":{"self":[{"href":"https:\/\/secureus.se\/pl\/wp-json\/wp\/v2\/product\/68287","targetHints":{"allow":["GET"]}}],"collection":[{"href":"https:\/\/secureus.se\/pl\/wp-json\/wp\/v2\/product"}],"about":[{"href":"https:\/\/secureus.se\/pl\/wp-json\/wp\/v2\/types\/product"}],"wp:featuredmedia":[{"embeddable":true,"href":"https:\/\/secureus.se\/pl\/wp-json\/wp\/v2\/media\/142080"}],"wp:attachment":[{"href":"https:\/\/secureus.se\/pl\/wp-json\/wp\/v2\/media?parent=68287"}],"wp:term":[{"taxonomy":"product_brand","embeddable":true,"href":"https:\/\/secureus.se\/pl\/wp-json\/wp\/v2\/product_brand?post=68287"},{"taxonomy":"product_cat","embeddable":true,"href":"https:\/\/secureus.se\/pl\/wp-json\/wp\/v2\/product_cat?post=68287"},{"taxonomy":"product_tag","embeddable":true,"href":"https:\/\/secureus.se\/pl\/wp-json\/wp\/v2\/product_tag?post=68287"}],"curies":[{"name":"wp","href":"https:\/\/api.w.org\/{rel}","templated":true}]}}