{"id":68291,"date":"2022-11-21T17:14:37","date_gmt":"2022-11-21T16:14:37","guid":{"rendered":"https:\/\/secureus.se\/produkt\/visonic-kp-241-pg2-powerg-wireless-2-way-portable-keypad-with-built-in-proximity-tag-reader\/"},"modified":"2026-04-23T13:32:39","modified_gmt":"2026-04-23T11:32:39","slug":"panel-kp-241-pg2-visonic","status":"publish","type":"product","link":"https:\/\/secureus.se\/pl\/panel-kp-241-pg2-visonic\/","title":{"rendered":"Panel KP-241 PG2 PowerG \u2013 Visonic"},"content":{"rendered":"<h1>Panel KP-241 PG2 \u2013 Idealna klawiatura do bezpiecze\u0144stwa i kontroli<\/h1>\n<p>KP-241 PG2 firmy Visonic to bezprzewodowa, przeno\u015bna klawiatura zaprojektowana, aby umo\u017cliwi\u0107 u\u017cytkownikom wygodne i bezpieczne sterowanie systemami alarmowymi PowerMaster.<\/p>\n<p>Dzi\u0119ki nowoczesnemu i eleganckiemu wzornictwu idealnie wpasuje si\u0119 zar\u00f3wno do wn\u0119trz domowych, jak i biznesowych.<\/p>\n<p>Klawiatura ma wbudowan\u0105 komunikacj\u0119 dwukierunkow\u0105, kt\u00f3ra zapewnia wykonywanie polece\u0144 i informowanie o stanie systemu zar\u00f3wno wizualnie, jak i d\u017awi\u0119kowo.<\/p>\n<p>Wbudowany czytnik zbli\u017ceniowy umo\u017cliwia \u0142atwe uzbrajanie i rozbrajanie systemu bez konieczno\u015bci podawania kodu.<\/p>\n<p>Funkcje takie jak alarm awaryjny, pod\u015bwietlane przyciski i du\u017cy zasi\u0119g transmisji sprawiaj\u0105, \u017ce KP-241 PG2 jest niezb\u0119dnym elementem Twojego systemu bezpiecze\u0144stwa.<\/p>\n<p>Mo\u017cna go u\u017cywa\u0107 jako urz\u0105dzenia przeno\u015bnego lub zamontowa\u0107 na \u015bcianie z wy\u0142\u0105cznikiem antysabota\u017cowym, co zapewnia wi\u0119ksze bezpiecze\u0144stwo.<\/p>\n<p>Dzi\u0119ki d\u0142ugiej \u017cywotno\u015bci baterii, wynosz\u0105cej nawet trzy lata, i \u0142atwej instalacji, KP-241 PG2 jest zar\u00f3wno praktyczny, jak i ekonomiczny.<\/p>","protected":false},"excerpt":{"rendered":"<p>KP-241 PG2 to nowoczesna, bezprzewodowa klawiatura z komunikacj\u0105 dwukierunkow\u0105 i wbudowanym czytnikiem zbli\u017ceniowym.<\/p>\n<p>Idealny do \u0142atwego sterowania systemami alarmowymi PowerMaster, z wizualnym i d\u017awi\u0119kowym wska\u017anikiem stanu oraz ergonomiczn\u0105 konstrukcj\u0105 umo\u017cliwiaj\u0105c\u0105 u\u017cytkowanie przeno\u015bne lub monta\u017c na \u015bcianie.<\/p>","protected":false},"featured_media":141319,"template":"","meta":{"_acf_changed":false},"product_brand":[],"product_cat":[3378],"product_tag":[2330],"class_list":{"0":"post-68291","1":"product","2":"type-product","3":"status-publish","4":"has-post-thumbnail","6":"product_cat-visonic-larmstyrning-knappsatser","7":"product_tag-visonic-manoverpanel","8":"product_shipping_class-tunga-paket","9":"pa_brands-5visonic","10":"tm-no-options","12":"first","13":"onbackorder","14":"sale","15":"taxable","16":"shipping-taxable","17":"purchasable","18":"product-type-simple"},"acf":[],"_links":{"self":[{"href":"https:\/\/secureus.se\/pl\/wp-json\/wp\/v2\/product\/68291","targetHints":{"allow":["GET"]}}],"collection":[{"href":"https:\/\/secureus.se\/pl\/wp-json\/wp\/v2\/product"}],"about":[{"href":"https:\/\/secureus.se\/pl\/wp-json\/wp\/v2\/types\/product"}],"wp:featuredmedia":[{"embeddable":true,"href":"https:\/\/secureus.se\/pl\/wp-json\/wp\/v2\/media\/141319"}],"wp:attachment":[{"href":"https:\/\/secureus.se\/pl\/wp-json\/wp\/v2\/media?parent=68291"}],"wp:term":[{"taxonomy":"product_brand","embeddable":true,"href":"https:\/\/secureus.se\/pl\/wp-json\/wp\/v2\/product_brand?post=68291"},{"taxonomy":"product_cat","embeddable":true,"href":"https:\/\/secureus.se\/pl\/wp-json\/wp\/v2\/product_cat?post=68291"},{"taxonomy":"product_tag","embeddable":true,"href":"https:\/\/secureus.se\/pl\/wp-json\/wp\/v2\/product_tag?post=68291"}],"curies":[{"name":"wp","href":"https:\/\/api.w.org\/{rel}","templated":true}]}}