{"id":68295,"date":"2022-11-21T17:14:21","date_gmt":"2022-11-21T16:14:21","guid":{"rendered":"https:\/\/secureus.se\/produkt\/visonic-9-103891-4g-lte-communicator-for-pm360-360r\/"},"modified":"2025-12-31T20:30:56","modified_gmt":"2025-12-31T19:30:56","slug":"larmsandare-4g-powermaster-visonic","status":"publish","type":"product","link":"https:\/\/secureus.se\/pl\/larmsandare-4g-powermaster-visonic\/","title":{"rendered":"Nadajnik alarmowy 4G Powermaster LTE Communicator do Pm360 \/ 360R \u2013 Visonic"},"content":{"rendered":"<h1>Nadajnik alarmowy 4G Powermaster LTE Communicator \u2013 Bezpiecze\u0144stwo i inteligentny dom w idealnej harmonii<\/h1>\n<p>Udoskonal sw\u00f3j PowerMaster 360\/360R dzi\u0119ki modu\u0142owi 4G Powermaster LTE Communicator \u2013 prze\u0142omowemu modu\u0142owi komunikacyjnemu \u0142\u0105cz\u0105cemu w sobie bezpiecze\u0144stwo, ochron\u0119 i inteligentn\u0105 automatyzacj\u0119 domu.<\/p>\n<p>Idealne rozwi\u0105zanie dla klient\u00f3w poszukuj\u0105cych zintegrowanego rozwi\u0105zania zapewniaj\u0105cego bezpiecze\u0144stwo i kontrol\u0119 inteligentnego domu.<\/p>\n<p>Modu\u0142 ten umo\u017cliwia po\u0142\u0105czenie poprzez 4G\/LTE i jest kompatybilny z PowerMaster 360\/360R od wersji 19.<\/p>\n<p>Dzi\u0119ki platformie opartej na chmurze i \u0142atwej w obs\u0142udze aplikacji mobilnej mo\u017cesz \u0142atwo sterowa\u0107 swoim domem, monitorowa\u0107 zabezpieczenia i zarz\u0105dza\u0107 sprz\u0119tami gospodarstwa domowego \u2013 wszystko ze swojego smartfona.<\/p>\n<p><strong>G\u0142\u00f3wne cechy:<\/strong><\/p>\n<ul>\n<li><strong>Technologia bezpiecze\u0144stwa PowerG\u2122:<\/strong> Bezpieczna i stabilna komunikacja bezprzewodowa.<\/li>\n<li><strong>Wi-Fi i Z-Wave:<\/strong> Zintegruj inteligentne urz\u0105dzenia domowe z systemem bezpiecze\u0144stwa.<\/li>\n<li><strong>Kontrola oparta na chmurze:<\/strong> Uzyskaj dost\u0119p do systemu w dowolnym momencie poprzez aplikacj\u0119 mobiln\u0105.<\/li>\n<li><strong>Bateria zapasowa:<\/strong> Zapewnia dzia\u0142anie nawet podczas przerw w dostawie pr\u0105du.<\/li>\n<li><strong>Elastyczno\u015b\u0107:<\/strong> U\u017cywaj jako pojedynczej bramki zapewniaj\u0105cej bezpiecze\u0144stwo, ochron\u0119 i automatyzacj\u0119 inteligentnego domu.<\/li>\n<\/ul>\n<p>Dzi\u0119ki \u0142atwej instalacji i intuicyjnej obs\u0142udze rozwi\u0105zanie to doskonale sprawdza si\u0119 zar\u00f3wno w domu, jak i w firmie.<\/p>","protected":false},"excerpt":{"rendered":"<p>Nadajnik alarmowy 4G Powermaster LTE Communicator jest modu\u0142em 4G\/LTE dla PowerMaster 360\/360R.<\/p>\n<p>\u0141\u0105czy w sobie bezpiecze\u0144stwo, inteligentn\u0105 automatyzacj\u0119 domu i sterowanie oparte na chmurze za po\u015brednictwem aplikacji mobilnej.<\/p>","protected":false},"featured_media":142101,"template":"","meta":{"_acf_changed":false},"product_brand":[],"product_cat":[3375],"product_tag":[2331],"class_list":{"0":"post-68295","1":"product","2":"type-product","3":"status-publish","4":"has-post-thumbnail","6":"product_cat-visonic-larmsandare-ip-4g","7":"product_tag-visonic-larmoverforing","8":"product_shipping_class-postnord-varubrev","9":"pa_brands-5visonic","10":"tm-no-options","12":"first","13":"instock","14":"featured","15":"taxable","16":"shipping-taxable","17":"purchasable","18":"product-type-simple"},"acf":[],"_links":{"self":[{"href":"https:\/\/secureus.se\/pl\/wp-json\/wp\/v2\/product\/68295","targetHints":{"allow":["GET"]}}],"collection":[{"href":"https:\/\/secureus.se\/pl\/wp-json\/wp\/v2\/product"}],"about":[{"href":"https:\/\/secureus.se\/pl\/wp-json\/wp\/v2\/types\/product"}],"wp:featuredmedia":[{"embeddable":true,"href":"https:\/\/secureus.se\/pl\/wp-json\/wp\/v2\/media\/142101"}],"wp:attachment":[{"href":"https:\/\/secureus.se\/pl\/wp-json\/wp\/v2\/media?parent=68295"}],"wp:term":[{"taxonomy":"product_brand","embeddable":true,"href":"https:\/\/secureus.se\/pl\/wp-json\/wp\/v2\/product_brand?post=68295"},{"taxonomy":"product_cat","embeddable":true,"href":"https:\/\/secureus.se\/pl\/wp-json\/wp\/v2\/product_cat?post=68295"},{"taxonomy":"product_tag","embeddable":true,"href":"https:\/\/secureus.se\/pl\/wp-json\/wp\/v2\/product_tag?post=68295"}],"curies":[{"name":"wp","href":"https:\/\/api.w.org\/{rel}","templated":true}]}}