{"id":68299,"date":"2022-11-21T17:14:06","date_gmt":"2022-11-21T16:14:06","guid":{"rendered":"https:\/\/secureus.se\/produkt\/visonic-0-103371-pmaster-10-swe-triple-panel\/"},"modified":"2026-04-23T13:32:59","modified_gmt":"2026-04-23T11:32:59","slug":"visonic-powermaster-10-centralenhet-v20-panel","status":"publish","type":"product","link":"https:\/\/secureus.se\/pl\/visonic-powermaster-10-centralenhet-v20-panel\/","title":{"rendered":"Jednostka centralna Visonic PowerMaster 10 Panel V20"},"content":{"rendered":"<div id=\"content-2\">\n<div id=\"textholder_1\" class=\"overflow-text u-typography-body-medium full-content\">\n<div id=\"content-1\" class=\"accordion-content\">\n<h1>Jednostka centralna Visonic PowerMaster 10 \u2013 Profesjonalne zabezpieczenia i automatyzacja<\/h1>\n<p>PowerMaster-10 to bezprzewodowa jednostka centralna zaprojektowana w celu zapewnienia maksymalnego bezpiecze\u0144stwa i wygody w Twoim domu lub firmie.<\/p>\n<p>Dzi\u0119ki zaawansowanej technologii PowerG firmy Visonics system oferuje doskona\u0142y zasi\u0119g, solidn\u0105 wydajno\u015b\u0107 i niskie zu\u017cycie energii.<\/p>\n<p>System obs\u0142uguje 28 stref bezprzewodowych i jedn\u0105 stref\u0119 przewodow\u0105, co czyni go elastycznym w stosunku do wszelkiego rodzaju potrzeb w zakresie bezpiecze\u0144stwa.<\/p>\n<p>Dzi\u0119ki potr\u00f3jnym \u015bcie\u017ckom raportowania poprzez PSTN, Ethernet i GPRS, alarm mo\u017ce komunikowa\u0107 si\u0119 zawsze, bez wzgl\u0119du na sytuacj\u0119.<\/p>\n<p><strong>G\u0142\u00f3wne cechy:<\/strong><\/p>\n<ul>\n<li><strong>Technologia PowerG<\/strong>:Najlepszy zasi\u0119g \u0142\u0105czno\u015bci bezprzewodowej i szyfrowanie AES-128.<\/li>\n<li><strong>Obs\u0142uga 28 stref<\/strong>:Idealny do instalacji ma\u0142ych i \u015brednich.<\/li>\n<li><strong>Potr\u00f3jne \u015bcie\u017cki raportowania<\/strong>:Bezpieczne po\u0142\u0105czenie poprzez PSTN, Ethernet lub GPRS.<\/li>\n<li><strong>Wbudowana syrena i wy\u015bwietlacz LCD<\/strong>:\u0141atwa w obs\u0142udze i wydajna.<\/li>\n<li><strong>D\u0142ugi czas pracy baterii<\/strong>:Do 24 godzin rezerwy chodu z bateri\u0105 podtrzymuj\u0105c\u0105.<\/li>\n<\/ul>\n<p>Niezale\u017cnie od tego, czy szukasz rozwi\u0105zania do domu, czy biura, PowerMaster-10 jest idealnym wyborem, kt\u00f3ry zapewni ochron\u0119 tego, co dla Ciebie wa\u017cne.<\/p>\n<\/div>\n<\/div>\n<\/div>","protected":false},"excerpt":{"rendered":"<p><strong>Jednostka centralna PowerMaster-10 \u2013 Twoje rozwi\u0105zanie bezpiecze\u0144stwa<\/strong><br \/>\nPowerMaster-10 to profesjonalne, bezprzewodowe rozwi\u0105zanie w zakresie bezpiecze\u0144stwa i automatyzacji.<\/p>\n<p>System ten, obs\u0142uguj\u0105cy 28 stref, wyposa\u017cony w wbudowan\u0105 syren\u0119 i zasilanie bateryjne, doskonale sprawdzi si\u0119 w domach i firmach.<\/p>","protected":false},"featured_media":142108,"template":"","meta":{"_acf_changed":false},"product_brand":[],"product_cat":[3374],"product_tag":[2472,2330],"class_list":{"0":"post-68299","1":"product","2":"type-product","3":"status-publish","4":"has-post-thumbnail","6":"product_cat-visonic-centralenhet-panel","7":"product_tag-sbsc-larmklassr","8":"product_tag-visonic-manoverpanel","9":"product_shipping_class-tunga-paket","10":"pa_brands-5visonic","11":"tm-no-options","13":"first","14":"onbackorder","15":"sale","16":"featured","17":"taxable","18":"shipping-taxable","19":"purchasable","20":"product-type-simple"},"acf":[],"_links":{"self":[{"href":"https:\/\/secureus.se\/pl\/wp-json\/wp\/v2\/product\/68299","targetHints":{"allow":["GET"]}}],"collection":[{"href":"https:\/\/secureus.se\/pl\/wp-json\/wp\/v2\/product"}],"about":[{"href":"https:\/\/secureus.se\/pl\/wp-json\/wp\/v2\/types\/product"}],"wp:featuredmedia":[{"embeddable":true,"href":"https:\/\/secureus.se\/pl\/wp-json\/wp\/v2\/media\/142108"}],"wp:attachment":[{"href":"https:\/\/secureus.se\/pl\/wp-json\/wp\/v2\/media?parent=68299"}],"wp:term":[{"taxonomy":"product_brand","embeddable":true,"href":"https:\/\/secureus.se\/pl\/wp-json\/wp\/v2\/product_brand?post=68299"},{"taxonomy":"product_cat","embeddable":true,"href":"https:\/\/secureus.se\/pl\/wp-json\/wp\/v2\/product_cat?post=68299"},{"taxonomy":"product_tag","embeddable":true,"href":"https:\/\/secureus.se\/pl\/wp-json\/wp\/v2\/product_tag?post=68299"}],"curies":[{"name":"wp","href":"https:\/\/api.w.org\/{rel}","templated":true}]}}