{"id":68307,"date":"2022-11-21T17:13:43","date_gmt":"2022-11-21T16:13:43","guid":{"rendered":"https:\/\/secureus.se\/produkt\/visonic-9-103877-til-kontrolpanel-lte-868-cat4-pm-10-30-33\/"},"modified":"2026-04-30T17:54:52","modified_gmt":"2026-04-30T15:54:52","slug":"4g-visonic","status":"publish","type":"product","link":"https:\/\/secureus.se\/pl\/4g-visonic\/","title":{"rendered":"Modu\u0142 komunikacyjny Visonic 4G\/LTE dla PowerMaster 10\/30\/33"},"content":{"rendered":"<h2 data-start=\"429\" data-end=\"495\"><strong data-start=\"432\" data-end=\"495\">Modu\u0142 komunikacyjny Visonic 4G\/LTE dla PowerMaster 10\/30\/33<\/strong><\/h2>\n<p data-start=\"497\" data-end=\"768\">Modu\u0142 komunikacyjny Visonic 4G\/LTE umo\u017cliwia \u0142atw\u0105 modernizacj\u0119 istniej\u0105cego systemu alarmowego PowerMaster 10, 30 lub 33, umo\u017cliwiaj\u0105c obs\u0142ug\u0119 nowoczesnej komunikacji 4G.<br data-start=\"630\" data-end=\"633\" \/>Modu\u0142 zast\u0119puje starsze modu\u0142y 2G lub 3G i zapewnia ci\u0105g\u0142\u0105 funkcjonalno\u015b\u0107 systemu, nawet gdy starsze sieci kom\u00f3rkowe przestan\u0105 by\u0107 obs\u0142ugiwane.<\/p>\n<p data-start=\"770\" data-end=\"1024\">Instalacja jest prosta i mo\u017cna j\u0105 wykona\u0107 samodzielnie. Istniej\u0105cy modu\u0142 komunikacyjny jest demontowany i zast\u0119powany nowym, oryginalnym modu\u0142em Visonic 4G, montowanym bezpo\u015brednio w jednostce centralnej. Do\u0142\u0105czona jest przejrzysta instrukcja instalacji, kt\u00f3ra nie wymaga u\u017cycia \u017cadnych specjalnych narz\u0119dzi.<\/p>\n<p data-start=\"1026\" data-end=\"1266\">Modu\u0142 Visonic 4G\/LTE zapewnia szybk\u0105, stabiln\u0105 i bezpieczn\u0105 komunikacj\u0119 zar\u00f3wno w celu raportowania zdarze\u0144, jak i zdalnego sterowania. Wykorzystuje sie\u0107 LTE (4G) jako g\u0142\u00f3wny kana\u0142 komunikacyjny, ale w razie potrzeby mo\u017ce automatycznie prze\u0142\u0105cza\u0107 si\u0119 mi\u0119dzy nimi, aby zapewni\u0107 nieprzerwan\u0105 prac\u0119.<\/p>\n<p data-start=\"1268\" data-end=\"1415\">Modu\u0142 jest kompatybilny z PowerMaster 10, 30 i 33 (wersja 18.04 i nowsze) i obs\u0142uguje komunikacj\u0119 poprzez protoko\u0142y SIA\/IP, SIA i Contact ID.<\/p>\n<hr data-start=\"1417\" data-end=\"1420\" \/>\n<h3 data-start=\"1422\" data-end=\"1453\"><strong data-start=\"1426\" data-end=\"1453\">Funkcje i korzy\u015bci<\/strong><\/h3>\n<ul data-start=\"1454\" data-end=\"1927\">\n<li data-start=\"1454\" data-end=\"1512\">\n<p data-start=\"1456\" data-end=\"1512\">\u0141atwa aktualizacja z komunikacji 2G\/3G do 4G\/LTE<\/p>\n<\/li>\n<li data-start=\"1513\" data-end=\"1587\">\n<p data-start=\"1515\" data-end=\"1587\">Szybkie i stabilne po\u0142\u0105czenie do raportowania zdarze\u0144 i zdalnego sterowania<\/p>\n<\/li>\n<li data-start=\"1588\" data-end=\"1660\">\n<p data-start=\"1590\" data-end=\"1660\">Kompatybilny z PowerMaster 10, 30 i 33 (wersja 18.04 lub nowsza)<\/p>\n<\/li>\n<li data-start=\"1661\" data-end=\"1726\">\n<p data-start=\"1663\" data-end=\"1726\">\u0141atwa instalacja \u2013 wymie\u0144 istniej\u0105cy stary modu\u0142, do\u0142\u0105czona instrukcja i instrukcje<\/p>\n<\/li>\n<li data-start=\"1727\" data-end=\"1794\">\n<p data-start=\"1729\" data-end=\"1794\">Pe\u0142na dwukierunkowa komunikacja poprzez SIA\/IP, SIA i Contact ID<\/p>\n<\/li>\n<li data-start=\"1795\" data-end=\"1862\">\n<p data-start=\"1797\" data-end=\"1862\">Mo\u017cliwo\u015b\u0107 pod\u0142\u0105czenia zewn\u0119trznej anteny w celu zwi\u0119kszenia si\u0142y sygna\u0142u<\/p>\n<\/li>\n<li data-start=\"1863\" data-end=\"1927\">\n<p data-start=\"1865\" data-end=\"1927\">Bezpieczne i przysz\u0142o\u015bciowe rozwi\u0105zanie w przypadku wy\u0142\u0105czenia starszych sieci<\/p>\n<\/li>\n<\/ul>\n<hr data-start=\"1929\" data-end=\"1932\" \/>\n<h3 data-start=\"1934\" data-end=\"1957\"><strong data-start=\"1938\" data-end=\"1957\">Dane techniczne<\/strong><\/h3>\n<ul data-start=\"1958\" data-end=\"2329\">\n<li data-start=\"1986\" data-end=\"2044\">\n<p data-start=\"1988\" data-end=\"2044\"><strong data-start=\"1988\" data-end=\"2006\">Komunikacja:<\/strong> 4G\/LTE (kompatybilny z awaryjnym 2G)<\/p>\n<\/li>\n<li data-start=\"2045\" data-end=\"2139\">\n<p data-start=\"2047\" data-end=\"2139\"><strong data-start=\"2047\" data-end=\"2072\">Kompatybilne panele sterowania:<\/strong> PowerMaster 10, PowerMaster 30, PowerMaster 33 (wersja \u2265 18.04)<\/p>\n<\/li>\n<li data-start=\"2140\" data-end=\"2182\">\n<p data-start=\"2142\" data-end=\"2182\"><strong data-start=\"2142\" data-end=\"2156\">Protok\u00f3\u0142:<\/strong> SIA\/IP, SIA, Identyfikator kontaktu<\/p>\n<\/li>\n<li data-start=\"2183\" data-end=\"2225\">\n<p data-start=\"2185\" data-end=\"2225\"><strong data-start=\"2185\" data-end=\"2199\">Montowanie:<\/strong> Bezpo\u015brednio w jednostce centralnej<\/p>\n<\/li>\n<li data-start=\"2226\" data-end=\"2268\">\n<p data-start=\"2228\" data-end=\"2268\"><strong data-start=\"2228\" data-end=\"2249\">Zasilanie:<\/strong> Za po\u015brednictwem jednostki centralnej<\/p>\n<\/li>\n<li data-start=\"2269\" data-end=\"2297\">\n<p data-start=\"2271\" data-end=\"2297\"><strong data-start=\"2271\" data-end=\"2287\">Producent:<\/strong> Visonic<\/p>\n<\/li>\n<li data-start=\"2298\" data-end=\"2329\">\n<p data-start=\"2300\" data-end=\"2329\"><strong data-start=\"2300\" data-end=\"2318\">Numer artyku\u0142u:<\/strong> 9-103877<\/p>\n<\/li>\n<\/ul>\n<hr data-start=\"2331\" data-end=\"2334\" \/>\n<h3 data-start=\"2336\" data-end=\"2394\"><strong data-start=\"2340\" data-end=\"2394\">Jak sprawdzi\u0107 wersj\u0119 urz\u0105dzenia PowerMaster 10<\/strong><\/h3>\n<p data-start=\"2395\" data-end=\"2510\">Aby mie\u0107 pewno\u015b\u0107, \u017ce Tw\u00f3j panel sterowania jest zgodny z tym modu\u0142em (wymagana jest wersja 18.04 lub nowsza), wykonaj nast\u0119puj\u0105ce czynno\u015bci:<\/p>\n<ol data-start=\"2511\" data-end=\"2718\">\n<li data-start=\"2511\" data-end=\"2568\">\n<p data-start=\"2514\" data-end=\"2568\">Id\u017a do <strong data-start=\"2522\" data-end=\"2543\">Menu instalatora<\/strong> na Twoim PowerMaster 10.<\/p>\n<\/li>\n<li data-start=\"2569\" data-end=\"2595\">\n<p data-start=\"2572\" data-end=\"2595\">Wybiera\u0107 <strong data-start=\"2577\" data-end=\"2592\">Numer seryjny<\/strong>.<\/p>\n<\/li>\n<li data-start=\"2596\" data-end=\"2628\">\n<p data-start=\"2599\" data-end=\"2628\">Naciska\u0107 <strong data-start=\"2608\" data-end=\"2615\">&gt;&gt;&gt;<\/strong>klawisz.<\/p>\n<\/li>\n<li data-start=\"2629\" data-end=\"2718\">\n<p data-start=\"2632\" data-end=\"2718\">Ostatnie cyfry wy\u015bwietlane na wy\u015bwietlaczu wskazuj\u0105 wersj\u0119 oprogramowania sprz\u0119towego. Na przyk\u0142ad: \u201e<em>JS702271<\/em> <strong>18,040\u2033 = 18,04<\/strong><\/p>\n<\/li>\n<\/ol>\n<p data-start=\"2720\" data-end=\"2800\">Je\u015bli wersja jest <strong data-start=\"2736\" data-end=\"2757\">18.04 lub wy\u017csza<\/strong>, Tw\u00f3j panel sterowania jest kompatybilny z modu\u0142em 4G.<\/p>\n<p data-start=\"2720\" data-end=\"2800\">","protected":false},"excerpt":{"rendered":"<p>Modu\u0142 komunikacyjny Visonic 4G\/LTE umo\u017cliwia modernizacj\u0119 system\u00f3w PowerMaster 10, 30 i 33 do nowoczesnej komunikacji 4G.<br data-start=\"2958\" data-end=\"2961\" \/>Zapewnia szybkie, stabilne i bezpieczne po\u0142\u0105czenie do raportowania i zdalnego sterowania. \u0141atwa instalacja \u2013 wystarczy wymieni\u0107 istniej\u0105cy modu\u0142 na nowy. Kompatybilny z wersj\u0105 18.04 lub nowsz\u0105.<\/p>","protected":false},"featured_media":141344,"template":"","meta":{"_acf_changed":false},"product_brand":[],"product_cat":[3375],"product_tag":[2331],"class_list":{"0":"post-68307","1":"product","2":"type-product","3":"status-publish","4":"has-post-thumbnail","6":"product_cat-visonic-larmsandare-ip-4g","7":"product_tag-visonic-larmoverforing","8":"pa_brands-5visonic","9":"pa_farg-vit","10":"tm-no-options","12":"first","13":"instock","14":"sale","15":"featured","16":"taxable","17":"shipping-taxable","18":"purchasable","19":"product-type-simple"},"acf":[],"_links":{"self":[{"href":"https:\/\/secureus.se\/pl\/wp-json\/wp\/v2\/product\/68307","targetHints":{"allow":["GET"]}}],"collection":[{"href":"https:\/\/secureus.se\/pl\/wp-json\/wp\/v2\/product"}],"about":[{"href":"https:\/\/secureus.se\/pl\/wp-json\/wp\/v2\/types\/product"}],"wp:featuredmedia":[{"embeddable":true,"href":"https:\/\/secureus.se\/pl\/wp-json\/wp\/v2\/media\/141344"}],"wp:attachment":[{"href":"https:\/\/secureus.se\/pl\/wp-json\/wp\/v2\/media?parent=68307"}],"wp:term":[{"taxonomy":"product_brand","embeddable":true,"href":"https:\/\/secureus.se\/pl\/wp-json\/wp\/v2\/product_brand?post=68307"},{"taxonomy":"product_cat","embeddable":true,"href":"https:\/\/secureus.se\/pl\/wp-json\/wp\/v2\/product_cat?post=68307"},{"taxonomy":"product_tag","embeddable":true,"href":"https:\/\/secureus.se\/pl\/wp-json\/wp\/v2\/product_tag?post=68307"}],"curies":[{"name":"wp","href":"https:\/\/api.w.org\/{rel}","templated":true}]}}